{"id":134513,"date":"2021-02-09T00:00:00","date_gmt":"2021-02-08T23:00:00","guid":{"rendered":"https:\/\/gpl-love.com\/fr\/produit\/oceanwp-sticky-anything\/"},"modified":"2026-04-10T18:35:06","modified_gmt":"2026-04-10T16:35:06","slug":"oceanwp-sticky-anything","status":"publish","type":"product","link":"https:\/\/gpl-love.com\/fr\/produit\/oceanwp-sticky-anything\/","title":{"rendered":"OceanWP Sticky Anything 4.0.4"},"content":{"rendered":"<h3>OceanWP Sticky Anything Traits<\/h3>\n<p>OceanWP Sticky Anything est un plugin remarquablement avantageux qui permet aux propri\u00e9taires de sites Web de g\u00e9n\u00e9rer des en-t\u00eates collants, des pieds de page et des barres lat\u00e9rales, augmentant ainsi l&rsquo;exp\u00e9rience utilisateur des personnes qui visitent votre site Web en leur offrant une exp\u00e9rience de navigation ininterrompue et fluide. En utilisant ce plugin, vous avez la possibilit\u00e9 de cr\u00e9er et de personnaliser sans effort des composants collants sur votre site Web qui resteront constamment visibles alors que l&rsquo;utilisateur continue de faire d\u00e9filer la page. Par cons\u00e9quent, vos visiteurs estim\u00e9s auront perp\u00e9tuellement acc\u00e8s \u00e0 des informations charni\u00e8res, englobant les menus de navigation, les liens sur les r\u00e9seaux sociaux, les coordonn\u00e9es et divers autres \u00e9l\u00e9ments vitaux. De plus, la nature conviviale d&rsquo;OceanWP Sticky tout le rend exceptionnellement accessible aux personnes ayant une comp\u00e9tence en codage limit\u00e9e, ce qui le rend une option exemplaire pour les novices et les propri\u00e9taires de sites Web exp\u00e9riment\u00e9s. En r\u00e9sum\u00e9, ce plugin est un atout indispensable pour tous ceux qui cherchent \u00e0 \u00e9lever la fonctionnalit\u00e9 et l&rsquo;exp\u00e9rience utilisateur de leur site Web.<\/p>\n<ul>\n<li>Vous permet de cr\u00e9er des \u00e9l\u00e9ments collants personnalis\u00e9s sur votre site Web<\/li>\n<li>Peut \u00eatre utilis\u00e9 pour les en-t\u00eates, les pieds de page, les menus, les ic\u00f4nes sociales et plus<\/li>\n<li>Fournit des options de personnalisation faciles \u00e0 utiliser<\/li>\n<li>Les \u00e9l\u00e9ments collants restent visibles m\u00eame lorsqu&rsquo;ils font d\u00e9filer la page<\/li>\n<li>La conception enti\u00e8rement r\u00e9active garantit que les \u00e9l\u00e9ments collants ont fi\u00e8re allure sur n&rsquo;importe quel appareil<\/li>\n<li>Compatible avec le th\u00e8me OceanWP et d&rsquo;autres th\u00e8mes qui soutiennent les \u00e9l\u00e9ments collants<\/li>\n<li>Aucune comp\u00e9tence de codage requise, tout peut cr\u00e9er des \u00e9l\u00e9ments collants personnalis\u00e9s avec ce plugin<\/li>\n<li>Activer facilement ou d\u00e9sactiver les \u00e9l\u00e9ments collants \u00e0 tout moment<\/li>\n<li>Am\u00e9liore l&rsquo;exp\u00e9rience utilisateur en gardant les informations importantes visibles \u00e0 tout moment<\/li>\n<li>\u00c9valu\u00e9 hautement par les utilisateurs pour sa facilit\u00e9 d&rsquo;utilisation et ses fonctionnalit\u00e9s<\/li>\n<\/ul>\n","protected":false},"excerpt":{"rendered":"<p>En utilisant le plugin OceanWP Sticky Anything tr\u00e8s pratique, une vaste gamme d&rsquo;\u00e9l\u00e9ments sur votre site Web peut \u00eatre fix\u00e9e sans effort en haut de la page \u00e0 mesure que les utilisateurs naviguent vers le bas. Cela englobe une myriade de composants tels que les en-t\u00eates, les menus, les boutons d&rsquo;appel \u00e0 l&rsquo;action et m\u00eame des ic\u00f4nes de partage social, pr\u00e9sentant des possibilit\u00e9s illimit\u00e9es d&rsquo;am\u00e9lioration. La nature compl\u00e8tement adaptable de ce plugin garantit que vous avez une autonomie compl\u00e8te sur la position, l&rsquo;animation et divers autres param\u00e8tres, permettant une int\u00e9gration transparente avec la conception et la fonctionnalit\u00e9 globales de votre site Web. \u00c9levez l&rsquo;exp\u00e9rience utilisateur et favorisez l&rsquo;engagement accru sur votre site Web en mettant en \u0153uvre le plugin OceanWP Sticky Anything.<\/p>\n","protected":false},"featured_media":144850,"comment_status":"open","ping_status":"open","template":"","meta":[],"product_brand":[2609],"product_cat":[1189,1181,1186],"product_tag":[1315],"class_list":{"0":"post-134513","1":"product","2":"type-product","3":"status-publish","4":"has-post-thumbnail","6":"product_brand-ocean-wp","7":"product_cat-personnalisation","8":"product_cat-plugins","9":"product_cat-wordpress-plugins","10":"product_tag-ocean-wp","11":"member-discount","12":"discount-restricted","14":"first","15":"instock","16":"sale","17":"downloadable","18":"virtual","19":"sold-individually","20":"purchasable","21":"product-type-simple"},"_links":{"self":[{"href":"https:\/\/gpl-love.com\/fr\/wp-json\/wp\/v2\/product\/134513","targetHints":{"allow":["GET"]}}],"collection":[{"href":"https:\/\/gpl-love.com\/fr\/wp-json\/wp\/v2\/product"}],"about":[{"href":"https:\/\/gpl-love.com\/fr\/wp-json\/wp\/v2\/types\/product"}],"replies":[{"embeddable":true,"href":"https:\/\/gpl-love.com\/fr\/wp-json\/wp\/v2\/comments?post=134513"}],"wp:featuredmedia":[{"embeddable":true,"href":"https:\/\/gpl-love.com\/fr\/wp-json\/wp\/v2\/media\/144850"}],"wp:attachment":[{"href":"https:\/\/gpl-love.com\/fr\/wp-json\/wp\/v2\/media?parent=134513"}],"wp:term":[{"taxonomy":"product_brand","embeddable":true,"href":"https:\/\/gpl-love.com\/fr\/wp-json\/wp\/v2\/product_brand?post=134513"},{"taxonomy":"product_cat","embeddable":true,"href":"https:\/\/gpl-love.com\/fr\/wp-json\/wp\/v2\/product_cat?post=134513"},{"taxonomy":"product_tag","embeddable":true,"href":"https:\/\/gpl-love.com\/fr\/wp-json\/wp\/v2\/product_tag?post=134513"}],"curies":[{"name":"wp","href":"https:\/\/api.w.org\/{rel}","templated":true}]}}