{"id":134511,"date":"2025-05-21T00:00:00","date_gmt":"2025-05-20T22:00:00","guid":{"rendered":"https:\/\/gpl-love.com\/fr\/produit\/oceanwp-side-panel\/"},"modified":"2026-04-10T18:35:05","modified_gmt":"2026-04-10T16:35:05","slug":"oceanwp-side-panel","status":"publish","type":"product","link":"https:\/\/gpl-love.com\/fr\/produit\/oceanwp-side-panel\/","title":{"rendered":"OceanWP Side Panel 2.2.2"},"content":{"rendered":"<h3>OceanWP Side Panel Traits<\/h3>\n<p>Le panneau lat\u00e9ral OceanWP, un outil incroyablement puissant et polyvalent, a \u00e9t\u00e9 m\u00e9ticuleusement con\u00e7u pour \u00e9lever la fonctionnalit\u00e9 et l&rsquo;esth\u00e9tique de votre site Web \u00e0 de nouveaux sommets. Ce plugin premium exceptionnel offre une large gamme d&rsquo;options de personnalisation, en vous assurant que vous pouvez fa\u00e7onner un panneau lat\u00e9ral qui est enti\u00e8rement personnalis\u00e9 et s&rsquo;aligne parfaitement avec votre marque et votre style unique. L&rsquo;interface de glisser-d\u00e9poser merveilleusement intuitive vous permet d&rsquo;incorporer et d&rsquo;organiser sans effort une gamme de widgets, englobant des liens de m\u00e9dias sociaux captivants, des menus enti\u00e8rement personnalis\u00e9s, des barres de recherche dynamiques et un assortiment de fonctionnalit\u00e9s suppl\u00e9mentaires. De plus, le panneau lat\u00e9ral OceanWP fournit g\u00e9n\u00e9reusement une pl\u00e9thore de mod\u00e8les pr\u00e9-con\u00e7us, vous \u00e9pargnant efficacement le temps et les efforts inestimables en vous permettant de s\u00e9lectionner rapidement une disposition parfaitement adapt\u00e9e qui r\u00e9pond impeccablement \u00e0 vos besoins sp\u00e9cifiques. Il est clairement clair que, que vous soyez un blogueur estim\u00e9, un propri\u00e9taire entreprenant de magasin de commerce \u00e9lectronique ou un propri\u00e9taire en herbe en herbe, le panel lat\u00e9ral OceanWP se pr\u00e9sente sans aucun doute comme un choix vraiment exceptionnel, qui int\u00e8gre de mani\u00e8re transparente des fonctionnalit\u00e9s suppl\u00e9mentaires et irr\u00e9sistibles Allure dans le tissu m\u00eame de votre site Web.<\/p>\n<ul>\n<li>Fournit un panneau lat\u00e9ral personnalisable pour le th\u00e8me OceanWP<\/li>\n<li>Permet un acc\u00e8s rapide et facile \u00e0 des informations et fonctionnalit\u00e9s du site Web importantes<\/li>\n<li>Peut afficher des widgets, des menus et du contenu \u00e0 partir de pages ou de publications<\/li>\n<li>Offre une vari\u00e9t\u00e9 d&rsquo;options de style pour correspondre \u00e0 l&rsquo;apparence de votre site Web<\/li>\n<li>Compatible avec les versions OceanWP gratuites et premium<\/li>\n<li>Peut \u00eatre facilement activ\u00e9 ou d\u00e9sactiv\u00e9 pour une conception propre et sans encombrement<\/li>\n<li>Am\u00e9liore l&rsquo;exp\u00e9rience utilisateur en r\u00e9duisant le besoin de navigation et en fournissant un contenu important en un coup d&rsquo;\u0153il<\/li>\n<li>Enti\u00e8rement r\u00e9actif et convivial pour une visualisation optimale sur n&rsquo;importe quel appareil<\/li>\n<li>Offre une flexibilit\u00e9 et des options de personnalisation accrues sur la barre lat\u00e9rale par d\u00e9faut du th\u00e8me OceanWP<\/li>\n<li>Facile \u00e0 installer et \u00e0 configurer avec des instructions d\u00e9taill\u00e9es et une prise en charge disponibles.<\/li>\n<\/ul>\n","protected":false},"excerpt":{"rendered":"<p>Le plugin de panneau lat\u00e9ral OceanWP, qui est un outil tr\u00e8s comp\u00e9tent et avantageux, vous donne la possibilit\u00e9 d&rsquo;incorporer un panneau lat\u00e9ral b\u00e9n\u00e9fique et adaptable dans votre site Web WordPress. En raison de son assortiment diversifi\u00e9 de choix de mise en page et de conception \u00e0 votre disposition, vous avez la capacit\u00e9 de forger une apparence sans pr\u00e9c\u00e9dent et sophistiqu\u00e9e qui s&rsquo;aligne de mani\u00e8re transparente avec votre marque et augmente l&rsquo;exp\u00e9rience utilisateur globale. Cette fonctionnalit\u00e9 remarquable englobe la capacit\u00e9 d&rsquo;inclure un assortiment de widgets, de liens, d&rsquo;ic\u00f4nes de m\u00e9dias sociaux et bien plus encore, fournissant ainsi \u00e0 vos visiteurs estim\u00e9s un acc\u00e8s sans effort et opportun aux informations pivots et des ressources indispensables. Que vous soyez un v\u00e9n\u00e9rable blogueur, un entrepreneur prosp\u00e8re ou un professionnel cr\u00e9atif innovant, le panneau lat\u00e9ral OceanWP innovant est garanti pour propulser votre site Web \u00e0 de plus grands sommets et vous permettre de captiver et de absorber votre public estim\u00e9.<\/p>\n","protected":false},"featured_media":144849,"comment_status":"open","ping_status":"open","template":"","meta":[],"product_brand":[2609],"product_cat":[1189,1181,1186],"product_tag":[1315],"class_list":{"0":"post-134511","1":"product","2":"type-product","3":"status-publish","4":"has-post-thumbnail","6":"product_brand-ocean-wp","7":"product_cat-personnalisation","8":"product_cat-plugins","9":"product_cat-wordpress-plugins","10":"product_tag-ocean-wp","11":"member-discount","12":"discount-restricted","14":"first","15":"instock","16":"sale","17":"downloadable","18":"virtual","19":"sold-individually","20":"purchasable","21":"product-type-simple"},"_links":{"self":[{"href":"https:\/\/gpl-love.com\/fr\/wp-json\/wp\/v2\/product\/134511","targetHints":{"allow":["GET"]}}],"collection":[{"href":"https:\/\/gpl-love.com\/fr\/wp-json\/wp\/v2\/product"}],"about":[{"href":"https:\/\/gpl-love.com\/fr\/wp-json\/wp\/v2\/types\/product"}],"replies":[{"embeddable":true,"href":"https:\/\/gpl-love.com\/fr\/wp-json\/wp\/v2\/comments?post=134511"}],"wp:featuredmedia":[{"embeddable":true,"href":"https:\/\/gpl-love.com\/fr\/wp-json\/wp\/v2\/media\/144849"}],"wp:attachment":[{"href":"https:\/\/gpl-love.com\/fr\/wp-json\/wp\/v2\/media?parent=134511"}],"wp:term":[{"taxonomy":"product_brand","embeddable":true,"href":"https:\/\/gpl-love.com\/fr\/wp-json\/wp\/v2\/product_brand?post=134511"},{"taxonomy":"product_cat","embeddable":true,"href":"https:\/\/gpl-love.com\/fr\/wp-json\/wp\/v2\/product_cat?post=134511"},{"taxonomy":"product_tag","embeddable":true,"href":"https:\/\/gpl-love.com\/fr\/wp-json\/wp\/v2\/product_tag?post=134511"}],"curies":[{"name":"wp","href":"https:\/\/api.w.org\/{rel}","templated":true}]}}