{"id":134509,"date":"2024-11-17T00:00:00","date_gmt":"2024-11-16T23:00:00","guid":{"rendered":"https:\/\/gpl-love.com\/fr\/produit\/oceanwp-pro-demos\/"},"modified":"2026-03-20T23:29:39","modified_gmt":"2026-03-20T22:29:39","slug":"oceanwp-pro-demos","status":"publish","type":"product","link":"https:\/\/gpl-love.com\/fr\/produit\/oceanwp-pro-demos\/","title":{"rendered":"OceanWP Pro Demos 1.5.2"},"content":{"rendered":"<h3>OceanWP Pro Demos Traits<\/h3>\n<p>OceanWP Pro Demos pr\u00e9sente un vaste assortiment de sites Web pr\u00e9-con\u00e7us qui illustrent efficacement les capacit\u00e9s \u00e9tendues et l&rsquo;adaptabilit\u00e9 du th\u00e8me OceanWP WordPress acclam\u00e9. B\u00e9n\u00e9ficiant d&rsquo;un \u00e9ventail impressionnant de plus de 80 d\u00e9monstrations m\u00e9ticuleusement con\u00e7ues, les individus cherchant \u00e0 \u00e9tablir leur pr\u00e9sence en ligne peuvent d\u00e9couvrir sans effort la disposition et le design id\u00e9aux qui r\u00e9sonnent parfaitement avec leur vision unique. La personnalisation sans limites de OceanWP Pro Demos permet aux utilisateurs de infuser sans effort leur site Web avec une touche personnelle distincte, le tout sans n\u00e9cessiter de ma\u00eetrise du codage. Ces d\u00e9monstrations inventives s&rsquo;\u00e9tendent sur un \u00e9ventail diversifi\u00e9 d&rsquo;industries, englobant tout, des plateformes de commerce \u00e9lectronique prosp\u00e8res aux blogs captivants \u00e0 la r\u00e9silience r\u00e9solue des entreprises \u00e0 petite \u00e9chelle. Par cons\u00e9quent, quelle que soit la nature de son site Web souhait\u00e9, OceanWP Pro Demos \u00e9merge de mani\u00e8re transparente comme un choix sans pr\u00e9c\u00e9dent. En exploitant le potentiel inn\u00e9 des d\u00e9mos OceanWP Pro, les utilisateurs sont pr\u00eats \u00e0 \u00e9laborer sans effort un site Web arrestant visuellement, intuitivement navigable et captivant sans \u00e9quivoque dans un d\u00e9lai exceptionnellement condens\u00e9.<\/p>\n<ul>\n<li>100+ Demos de site Web con\u00e7us par des professionnels<\/li>\n<li>Mod\u00e8les enti\u00e8rement personnalisables pour s&rsquo;adapter \u00e0 n&rsquo;importe quelle marque ou style<\/li>\n<li>Compatible avec le th\u00e8me WordPress OceanWP<\/li>\n<li>Installation en un clic pour une configuration et une personnalisation faciles<\/li>\n<li>Documentation compl\u00e8te et support pour les utilisateurs<\/li>\n<li>Optimis\u00e9 pour les appareils mobiles et les temps de chargement rapide<\/li>\n<li>Comprend des plugins premium comme Master Slider et des addons premium pour Elementor<\/li>\n<li>R\u00e9guli\u00e8rement mis \u00e0 jour avec de nouvelles d\u00e9mos et fonctionnalit\u00e9s<\/li>\n<li>Convient aux entreprises, aux magasins de commerce \u00e9lectronique, aux portefeuilles et plus encore<\/li>\n<li>Acc\u00e8s \u00e0 des fonctionnalit\u00e9s exclusives comme Mega Menu et en-t\u00eate collante.<\/li>\n<\/ul>\n","protected":false},"excerpt":{"rendered":"<p>Les d\u00e9mos OceanWP Pro sont disponibles dans un package complet qui poss\u00e8de un large \u00e9ventail de d\u00e9mos de sites Web personnalisables sp\u00e9cialement trait\u00e9s aux utilisateurs du th\u00e8me WordPress OceanWP incroyablement populaire. Pr\u00e9sentant des conceptions \u00e9l\u00e9gantes et des dispositions conviviales, ces d\u00e9mos pr\u00e9sentent un moyen rapide et sans effort pour les entreprises et les particuliers d&rsquo;\u00e9tablir des sites Web de calibre professionnel sans n\u00e9cessiter une vaste expertise de codage ou de conception. Ce qui distingue les d\u00e9mos OceanWP Pro, c&rsquo;est leur assortiment diversifi\u00e9 de mod\u00e8les sp\u00e9cifiques au niche, couvrant divers domaines tels que le commerce \u00e9lectronique, les blogs, les portefeuilles, etc., garantissant ainsi que chaque utilisateur peut d\u00e9couvrir une correspondance appropri\u00e9e adapt\u00e9e \u00e0 ses exigences uniques. Que l&rsquo;on cherche \u00e0 r\u00e9organiser un site Web existant ou \u00e0 entreprendre un nouveau voyage, ce produit exceptionnel est une solution in\u00e9gal\u00e9e pour tous ceux qui aspirent \u00e0 une exp\u00e9rience de site Web fonctionnelle et de premier ordre, tout en minimisant les charges ou complications associ\u00e9es.<\/p>\n","protected":false},"featured_media":144848,"comment_status":"open","ping_status":"open","template":"","meta":[],"product_brand":[2609],"product_cat":[1187,1181,1186],"product_tag":[1315],"class_list":{"0":"post-134509","1":"product","2":"type-product","3":"status-publish","4":"has-post-thumbnail","6":"product_brand-ocean-wp","7":"product_cat-administration-wordpress-plugins","8":"product_cat-plugins","9":"product_cat-wordpress-plugins","10":"product_tag-ocean-wp","11":"member-discount","12":"discount-restricted","14":"first","15":"instock","16":"sale","17":"downloadable","18":"virtual","19":"sold-individually","20":"purchasable","21":"product-type-simple"},"_links":{"self":[{"href":"https:\/\/gpl-love.com\/fr\/wp-json\/wp\/v2\/product\/134509","targetHints":{"allow":["GET"]}}],"collection":[{"href":"https:\/\/gpl-love.com\/fr\/wp-json\/wp\/v2\/product"}],"about":[{"href":"https:\/\/gpl-love.com\/fr\/wp-json\/wp\/v2\/types\/product"}],"replies":[{"embeddable":true,"href":"https:\/\/gpl-love.com\/fr\/wp-json\/wp\/v2\/comments?post=134509"}],"wp:featuredmedia":[{"embeddable":true,"href":"https:\/\/gpl-love.com\/fr\/wp-json\/wp\/v2\/media\/144848"}],"wp:attachment":[{"href":"https:\/\/gpl-love.com\/fr\/wp-json\/wp\/v2\/media?parent=134509"}],"wp:term":[{"taxonomy":"product_brand","embeddable":true,"href":"https:\/\/gpl-love.com\/fr\/wp-json\/wp\/v2\/product_brand?post=134509"},{"taxonomy":"product_cat","embeddable":true,"href":"https:\/\/gpl-love.com\/fr\/wp-json\/wp\/v2\/product_cat?post=134509"},{"taxonomy":"product_tag","embeddable":true,"href":"https:\/\/gpl-love.com\/fr\/wp-json\/wp\/v2\/product_tag?post=134509"}],"curies":[{"name":"wp","href":"https:\/\/api.w.org\/{rel}","templated":true}]}}