{"id":134507,"date":"2021-02-09T00:00:00","date_gmt":"2021-02-08T23:00:00","guid":{"rendered":"https:\/\/gpl-love.com\/fr\/produit\/oceanwp-posts-slider\/"},"modified":"2026-04-10T18:35:04","modified_gmt":"2026-04-10T16:35:04","slug":"oceanwp-posts-slider","status":"publish","type":"product","link":"https:\/\/gpl-love.com\/fr\/produit\/oceanwp-posts-slider\/","title":{"rendered":"OceanWP Posts Slider 1.5.1"},"content":{"rendered":"<h3>OceanWP Posts Slider Traits<\/h3>\n<p>Le curseur OceanWP Posts est un outil extr\u00eamement robuste et efficace qui offre aux utilisateurs la possibilit\u00e9 de pr\u00e9senter leurs messages d&rsquo;une mani\u00e8re \u00e0 la fois dynamique et visuellement captivante. Son design \u00e9l\u00e9gant et sophistiqu\u00e9, associ\u00e9 \u00e0 son interface conviviale, rend sans effort pour fabriquer des curseurs extraordinaires qui pr\u00e9sentent efficacement votre contenu dans la lumi\u00e8re la plus favorable possible. Que votre objectif soit d&rsquo;attirer l&rsquo;attention sur vos messages les plus populaires, de promouvoir vos derniers produits ou de simplement injecter une allure visuelle engageante dans votre site Web, le curseur OceanWP Posts est ind\u00e9niablement la solution id\u00e9ale. Offrant un large \u00e9ventail d&rsquo;options de personnalisation et un ensemble intuitif de fonctionnalit\u00e9s, ce plugin est con\u00e7u pour rationaliser le processus de cr\u00e9ation de curseurs de poste, lib\u00e9rant ainsi un temps et une \u00e9nergie pr\u00e9cieux pour la cr\u00e9ation d&rsquo;un contenu exceptionnel. Par cons\u00e9quent, si vous vous trouvez \u00e0 la recherche d&rsquo;un outil puissant et convivial qui peut soulever sans effort l&rsquo;affichage de la publication sur votre site Web, ne cherchez pas plus loin que le curseur des publications OceanWP.<\/p>\n<ul>\n<li>Permet aux utilisateurs d&rsquo;afficher des publications dans un format de curseur personnalisable et visuellement attrayant<\/li>\n<li>Compatible avec le th\u00e8me OceanWP et peut \u00eatre int\u00e9gr\u00e9 de mani\u00e8re transparente<\/li>\n<li>Prend en charge divers types de messages, y compris les types et cat\u00e9gories de messages personnalis\u00e9s<\/li>\n<li>Donne aux utilisateurs un contr\u00f4le sur le nombre de messages affich\u00e9s, la vitesse du mouvement des curseurs et les options de navigation<\/li>\n<li>Facile \u00e0 utiliser et \u00e0 configurer, sans aucune connaissance de codage requise<\/li>\n<li>Augmente l&rsquo;engagement et l&rsquo;interaction des utilisateurs sur les sites Web en pr\u00e9sentant des publications de mani\u00e8re accrocheuse<\/li>\n<li>Peut \u00eatre utilis\u00e9 pour mettre en \u00e9vidence des publications en vedette ou populaires, ou pour cr\u00e9er un affichage dynamique des derniers articles<\/li>\n<li>La conception r\u00e9active garantit que le curseur a fi\u00e8re allure sur tous les appareils, y compris les mobiles et les tablettes<\/li>\n<li>Comprend des fonctionnalit\u00e9s suppl\u00e9mentaires telles que les options de jeu automatique, les mod\u00e8les pr\u00e9-con\u00e7us et l&rsquo;int\u00e9gration avec des plugins tiers.<\/li>\n<\/ul>\n","protected":false},"excerpt":{"rendered":"<p>Le Slider OceanWP Posts est un plugin WordPress incroyablement robuste et riche en fonctionnalit\u00e9s qui donne aux utilisateurs la possibilit\u00e9 de pr\u00e9senter sans effort leurs publications dans un diaporama poli et personnalisable. En fournissant les options pour pr\u00e9senter des images en vedette, des titres de publication et des extraits, les individus peuvent pr\u00e9senter efficacement leur contenu le plus r\u00e9cent d&rsquo;une mani\u00e8re visuellement captivante. En outre, ce plugin tr\u00e8s r\u00e9actif permet en outre les utilisateurs \u00e0 personnaliser de mani\u00e8re transparente les vitesses d&rsquo;animation, la dur\u00e9e de la diapositive et les commandes de navigation. Peu importe que l&rsquo;on soit un blogueur passionn\u00e9 ou une entit\u00e9 commerciale en plein essor qui cherche avec impatience \u00e0 accentuer ses derni\u00e8res nouvelles, l&rsquo;int\u00e9gration du curseur des publications OceanWP dans un site Web est un must absolu.<\/p>\n","protected":false},"featured_media":144847,"comment_status":"open","ping_status":"open","template":"","meta":[],"product_brand":[2609],"product_cat":[1189,1181,1186],"product_tag":[1315],"class_list":{"0":"post-134507","1":"product","2":"type-product","3":"status-publish","4":"has-post-thumbnail","6":"product_brand-ocean-wp","7":"product_cat-personnalisation","8":"product_cat-plugins","9":"product_cat-wordpress-plugins","10":"product_tag-ocean-wp","11":"member-discount","12":"discount-restricted","14":"first","15":"instock","16":"sale","17":"downloadable","18":"virtual","19":"sold-individually","20":"purchasable","21":"product-type-simple"},"_links":{"self":[{"href":"https:\/\/gpl-love.com\/fr\/wp-json\/wp\/v2\/product\/134507","targetHints":{"allow":["GET"]}}],"collection":[{"href":"https:\/\/gpl-love.com\/fr\/wp-json\/wp\/v2\/product"}],"about":[{"href":"https:\/\/gpl-love.com\/fr\/wp-json\/wp\/v2\/types\/product"}],"replies":[{"embeddable":true,"href":"https:\/\/gpl-love.com\/fr\/wp-json\/wp\/v2\/comments?post=134507"}],"wp:featuredmedia":[{"embeddable":true,"href":"https:\/\/gpl-love.com\/fr\/wp-json\/wp\/v2\/media\/144847"}],"wp:attachment":[{"href":"https:\/\/gpl-love.com\/fr\/wp-json\/wp\/v2\/media?parent=134507"}],"wp:term":[{"taxonomy":"product_brand","embeddable":true,"href":"https:\/\/gpl-love.com\/fr\/wp-json\/wp\/v2\/product_brand?post=134507"},{"taxonomy":"product_cat","embeddable":true,"href":"https:\/\/gpl-love.com\/fr\/wp-json\/wp\/v2\/product_cat?post=134507"},{"taxonomy":"product_tag","embeddable":true,"href":"https:\/\/gpl-love.com\/fr\/wp-json\/wp\/v2\/product_tag?post=134507"}],"curies":[{"name":"wp","href":"https:\/\/api.w.org\/{rel}","templated":true}]}}