{"id":134505,"date":"2025-05-21T00:00:00","date_gmt":"2025-05-20T22:00:00","guid":{"rendered":"https:\/\/gpl-love.com\/fr\/produit\/oceanwp-portfolio\/"},"modified":"2026-04-10T18:35:04","modified_gmt":"2026-04-10T16:35:04","slug":"oceanwp-portfolio","status":"publish","type":"product","link":"https:\/\/gpl-love.com\/fr\/produit\/oceanwp-portfolio\/","title":{"rendered":"OceanWP Portfolio 2.3.2"},"content":{"rendered":"<h3>OceanWP Portfolio Traits<\/h3>\n<p>Le portefeuille OceanWP est un plugin WordPress de puissance consid\u00e9rable, offrant aux utilisateurs les moyens d&rsquo;exposer avec go\u00fbt et professionnellement leurs efforts cr\u00e9atifs. En utilisant ce plugin, les utilisateurs acqui\u00e8rent la possibilit\u00e9 de construire des portefeuilles et des galeries qui poss\u00e8dent un impact visuel frappant, destin\u00e9 \u00e0 laisser une impression durable \u00e0 la fois sur leur client\u00e8le et ceux qui visitent leurs sites Web. Notamment conviviale, le plugin propose une vari\u00e9t\u00e9 d&rsquo;options et de fonctionnalit\u00e9s personnalisables, ce qui le rend le choix parfait pour les artistes, des concepteurs, les photographes et d&rsquo;autres professionnels travaillant dans le domaine de la cr\u00e9ativit\u00e9. B\u00e9n\u00e9ficiant d&rsquo;une disposition flexible et r\u00e9active, le portefeuille OceanWP est enti\u00e8rement adaptable, capable d&rsquo;\u00eatre adapt\u00e9 pour r\u00e9pondre aux besoins de n&rsquo;importe quel site Web. Avec ce plugin, les utilisateurs peuvent incorporer sans effort des images, des vid\u00e9os et d&rsquo;autres formes de contenu multim\u00e9dia dans leurs portefeuilles, pr\u00e9sentant ainsi leur travail au monde d&rsquo;une mani\u00e8re qui est \u00e0 la fois captivante et arrestante visuellement. En fin de compte, le portefeuille OceanWP est un outil indiscutablement indispensable pour quiconque cherche \u00e0 montrer son travail cr\u00e9atif dans la sph\u00e8re en ligne, garantissant que des r\u00e9sultats impressionnants seront obtenus.<\/p>\n<ul>\n<li>OceanWP Portfolio est un plugin puissant et personnalisable pour cr\u00e9er des portefeuilles \u00e9poustouflants.<\/li>\n<li>Ce plugin propose une gamme de superbes dispositions, y compris la grille, la ma\u00e7onnerie et le carrousel.<\/li>\n<li>Vous pouvez choisir parmi une vari\u00e9t\u00e9 de mod\u00e8les pr\u00e9-con\u00e7us pour cr\u00e9er un beau portfolio en quelques minutes.<\/li>\n<li>Personnalisez tous les aspects de votre portefeuille, y compris l&rsquo;ordre de vos projets, les couleurs et la typographie.<\/li>\n<li>Avec OceanWP Portfolio, vous pouvez pr\u00e9senter votre travail comme Never auparavant et laisser une impression durable sur vos clients.<\/li>\n<li>Affichez facilement vos images et vid\u00e9os de mani\u00e8re \u00e9l\u00e9gante et organis\u00e9e.<\/li>\n<li>Ce plugin est enti\u00e8rement r\u00e9actif, garantissant que votre portefeuille a fi\u00e8re allure sur tous les appareils.<\/li>\n<li>Vous pouvez \u00e9galement choisir d&rsquo;activer les fonctionnalit\u00e9s LightBox pour permettre aux utilisateurs de visualiser vos images dans un format plus grand.<\/li>\n<li>Configurez votre portfolio rapidement et facilement avec l&rsquo;interface intuitive et conviviale.<\/li>\n<li>Le portefeuille OceanWP est compatible avec divers th\u00e8mes WordPress et peut \u00eatre int\u00e9gr\u00e9 de mani\u00e8re transparente dans votre site Web.<\/li>\n<\/ul>\n","protected":false},"excerpt":{"rendered":"<p>Le plugin de portefeuille OceanWP pr\u00e9sente une occasion incroyable pour les individus de montrer leurs efforts et leurs entreprises imaginatives de mani\u00e8re esth\u00e9tique et sophistiqu\u00e9e. Il accorde aux utilisateurs la commodit\u00e9 de fabriquer sans effort un portefeuille personnalis\u00e9 avec un \u00e9ventail de mises en page et de styles divers qui peuvent \u00eatre adapt\u00e9s aux pr\u00e9f\u00e9rences individuelles. B\u00e9n\u00e9ficiant d&rsquo;une int\u00e9gration impeccable avec OceanWP, ce plugin de portefeuille remarquable sert de solution optimale pour les photographes, designers, les artistes et les pigistes qui aspirent \u00e0 pr\u00e9senter leurs plus belles cr\u00e9ations \u00e0 des clients ou des employeurs potentiels.<\/p>\n","protected":false},"featured_media":144846,"comment_status":"open","ping_status":"open","template":"","meta":[],"product_brand":[2609],"product_cat":[1189,1181,1186],"product_tag":[1315],"class_list":{"0":"post-134505","1":"product","2":"type-product","3":"status-publish","4":"has-post-thumbnail","6":"product_brand-ocean-wp","7":"product_cat-personnalisation","8":"product_cat-plugins","9":"product_cat-wordpress-plugins","10":"product_tag-ocean-wp","11":"member-discount","12":"discount-restricted","14":"first","15":"instock","16":"sale","17":"downloadable","18":"virtual","19":"sold-individually","20":"purchasable","21":"product-type-simple"},"_links":{"self":[{"href":"https:\/\/gpl-love.com\/fr\/wp-json\/wp\/v2\/product\/134505","targetHints":{"allow":["GET"]}}],"collection":[{"href":"https:\/\/gpl-love.com\/fr\/wp-json\/wp\/v2\/product"}],"about":[{"href":"https:\/\/gpl-love.com\/fr\/wp-json\/wp\/v2\/types\/product"}],"replies":[{"embeddable":true,"href":"https:\/\/gpl-love.com\/fr\/wp-json\/wp\/v2\/comments?post=134505"}],"wp:featuredmedia":[{"embeddable":true,"href":"https:\/\/gpl-love.com\/fr\/wp-json\/wp\/v2\/media\/144846"}],"wp:attachment":[{"href":"https:\/\/gpl-love.com\/fr\/wp-json\/wp\/v2\/media?parent=134505"}],"wp:term":[{"taxonomy":"product_brand","embeddable":true,"href":"https:\/\/gpl-love.com\/fr\/wp-json\/wp\/v2\/product_brand?post=134505"},{"taxonomy":"product_cat","embeddable":true,"href":"https:\/\/gpl-love.com\/fr\/wp-json\/wp\/v2\/product_cat?post=134505"},{"taxonomy":"product_tag","embeddable":true,"href":"https:\/\/gpl-love.com\/fr\/wp-json\/wp\/v2\/product_tag?post=134505"}],"curies":[{"name":"wp","href":"https:\/\/api.w.org\/{rel}","templated":true}]}}