{"id":134503,"date":"2024-10-16T00:00:00","date_gmt":"2024-10-15T22:00:00","guid":{"rendered":"https:\/\/gpl-love.com\/fr\/produit\/oceanwp-popup-login\/"},"modified":"2026-03-20T23:29:37","modified_gmt":"2026-03-20T22:29:37","slug":"oceanwp-popup-login","status":"publish","type":"product","link":"https:\/\/gpl-love.com\/fr\/produit\/oceanwp-popup-login\/","title":{"rendered":"OceanWP Popup Login 2.2.0"},"content":{"rendered":"<h3>OceanWP Popup Login Traits<\/h3>\n<p>L&rsquo;outil de connexion Popup OceanWP poss\u00e8de \u00e0 la fois la puissance et la convivialit\u00e9, offrant aux propri\u00e9taires de sites Web la possibilit\u00e9 d&rsquo;incorporer une popup de formulaire de connexion personnalis\u00e9e dans leurs sites Web. En utilisant ce plugin, les utilisateurs peuvent acc\u00e9der sans effort \u00e0 leurs comptes sans avoir besoin de naviguer vers une page de connexion distincte. Les options de personnalisation permettent l&rsquo;int\u00e9gration transparente de la forme de connexion popup dans l&rsquo;esth\u00e9tique globale de votre site Web, avec l&rsquo;avantage suppl\u00e9mentaire de pouvoir d\u00e9terminer son placement et son calendrier sp\u00e9cifiques. De plus, ce plugin comprend de nombreuses fonctionnalit\u00e9s avanc\u00e9es, y compris des alternatives de connexion sociale, des liens de r\u00e9initialisation de mot de passe et la possibilit\u00e9 d&rsquo;adapter les messages d&rsquo;erreur en fonction de vos pr\u00e9f\u00e9rences. Avec la connexion popup OceanWP, vous avez la possibilit\u00e9 de cr\u00e9er une exp\u00e9rience de connexion qui est \u00e0 la fois pratique et harmonieuse pour les visiteurs de votre site Web.<\/p>\n<ul>\n<li>Connexion popup facile \u00e0 utiliser pour les utilisateurs de th\u00e8me OceanWP<\/li>\n<li>Options de conception personnalisables pour correspondre \u00e0 la marque de votre site Web<\/li>\n<li>Deux modes de connexion diff\u00e9rents (classiques et ajax) pour la commodit\u00e9 des utilisateurs<\/li>\n<li>Prend en charge la connexion des m\u00e9dias sociaux via Facebook et Google<\/li>\n<li>Possibilit\u00e9 d&rsquo;ajouter des champs de connexion et d&rsquo;enregistrement personnalis\u00e9s<\/li>\n<li>Option pour les utilisateurs pour rester connect\u00e9 pour un acc\u00e8s plus facile sur les visites de retour<\/li>\n<li>Possibilit\u00e9 de rediriger les utilisateurs vers une page sp\u00e9cifi\u00e9e apr\u00e8s la connexion<\/li>\n<li>Compatible avec les installations multisites WordPress<\/li>\n<li>Conception r\u00e9active pour une exp\u00e9rience utilisateur optimale sur les appareils<\/li>\n<li>Mises \u00e0 jour r\u00e9guli\u00e8res et soutien de l&rsquo;\u00e9quipe OceanWP<\/li>\n<\/ul>\n","protected":false},"excerpt":{"rendered":"<p>La connexion popup OceanWP est un plugin tr\u00e8s pratique et sans effort utile qui accorde aux visiteurs du site Web la possibilit\u00e9 de se connecter sans effort et en toute s\u00e9curit\u00e9 \u00e0 leurs comptes. Ce plugin remarquable offre la possibilit\u00e9 de fa\u00e7onner des fen\u00eatres de connexion visuellement attrayantes et tr\u00e8s adaptables, avec des champs sur mesure, l&rsquo;option de se connecter via diverses plateformes de m\u00e9dias sociaux et la flexibilit\u00e9 de s\u00e9lectionner les couleurs qui s&rsquo;alignent sur la marque distinctive de votre site Web. En outre, son int\u00e9gration transparente avec le th\u00e8me OceanWP en fait un choix exceptionnel pour les personnes qui cherchent \u00e0 \u00e9lever l&rsquo;exp\u00e9rience utilisateur globale de leur site Web.<\/p>\n","protected":false},"featured_media":144845,"comment_status":"open","ping_status":"open","template":"","meta":[],"product_brand":[2609],"product_cat":[1189,1181,1186],"product_tag":[1315],"class_list":{"0":"post-134503","1":"product","2":"type-product","3":"status-publish","4":"has-post-thumbnail","6":"product_brand-ocean-wp","7":"product_cat-personnalisation","8":"product_cat-plugins","9":"product_cat-wordpress-plugins","10":"product_tag-ocean-wp","11":"member-discount","12":"discount-restricted","14":"first","15":"instock","16":"sale","17":"downloadable","18":"virtual","19":"sold-individually","20":"purchasable","21":"product-type-simple"},"_links":{"self":[{"href":"https:\/\/gpl-love.com\/fr\/wp-json\/wp\/v2\/product\/134503","targetHints":{"allow":["GET"]}}],"collection":[{"href":"https:\/\/gpl-love.com\/fr\/wp-json\/wp\/v2\/product"}],"about":[{"href":"https:\/\/gpl-love.com\/fr\/wp-json\/wp\/v2\/types\/product"}],"replies":[{"embeddable":true,"href":"https:\/\/gpl-love.com\/fr\/wp-json\/wp\/v2\/comments?post=134503"}],"wp:featuredmedia":[{"embeddable":true,"href":"https:\/\/gpl-love.com\/fr\/wp-json\/wp\/v2\/media\/144845"}],"wp:attachment":[{"href":"https:\/\/gpl-love.com\/fr\/wp-json\/wp\/v2\/media?parent=134503"}],"wp:term":[{"taxonomy":"product_brand","embeddable":true,"href":"https:\/\/gpl-love.com\/fr\/wp-json\/wp\/v2\/product_brand?post=134503"},{"taxonomy":"product_cat","embeddable":true,"href":"https:\/\/gpl-love.com\/fr\/wp-json\/wp\/v2\/product_cat?post=134503"},{"taxonomy":"product_tag","embeddable":true,"href":"https:\/\/gpl-love.com\/fr\/wp-json\/wp\/v2\/product_tag?post=134503"}],"curies":[{"name":"wp","href":"https:\/\/api.w.org\/{rel}","templated":true}]}}