{"id":134501,"date":"2025-11-25T00:00:00","date_gmt":"2025-11-24T23:00:00","guid":{"rendered":"https:\/\/gpl-love.com\/fr\/produit\/oceanwp-ocean-extra\/"},"modified":"2026-04-01T00:30:40","modified_gmt":"2026-03-31T22:30:40","slug":"oceanwp-ocean-extra","status":"publish","type":"product","link":"https:\/\/gpl-love.com\/fr\/produit\/oceanwp-ocean-extra\/","title":{"rendered":"OceanWP Ocean Extra 2.5.5"},"content":{"rendered":"<h3>OceanWP Ocean Extra Traits<\/h3>\n<p>Le plugin OceanWP Ocean Extra est un outil incroyablement polyvalent qui offre une large gamme de fonctionnalit\u00e9s et de fonctionnalit\u00e9s suppl\u00e9mentaires pour augmenter le th\u00e8me OceanWP d\u00e9j\u00e0 impressionnant. Gr\u00e2ce \u00e0 l&rsquo;utilisation de ce plugin exceptionnel, les utilisateurs ont la possibilit\u00e9 remarquable d&rsquo;adapter sans effort et sans couture leur site Web en fonction de leurs sp\u00e9cifications uniques. Cela peut \u00eatre r\u00e9alis\u00e9 gr\u00e2ce \u00e0 l&rsquo;int\u00e9gration transparente d&rsquo;une multitude d&rsquo;\u00e9l\u00e9ments personnalisables, y compris l&rsquo;incorporation de widgets personnalis\u00e9s, la mise en \u0153uvre de styles d&rsquo;en-t\u00eate et de pied de page personnalis\u00e9s et l&rsquo;inclusion de types de poste personnalis\u00e9s. De plus, ce plugin exceptionnel poss\u00e8de un assortiment impressionnant de d\u00e9mos pr\u00e9-con\u00e7ues, qui peuvent \u00eatre import\u00e9es et appliqu\u00e9s sans effort et de mani\u00e8re transparente sur le site Web, am\u00e9liorant ainsi sans effort son attrait esth\u00e9tique global. En outre, le plugin OceanWP Ocean Extra propose \u00e9galement \u00e0 ses utilisateurs des options de personnalisation avanc\u00e9es, telles que la capacit\u00e9 remarquable d&rsquo;incorporer de mani\u00e8re transparente les codes CSS et JavaScript personnalis\u00e9s, permettant ainsi un niveau in\u00e9gal\u00e9 de pr\u00e9cision et de contr\u00f4le sur mesure. De cette fa\u00e7on, le plugin OceanWP Ocean Extra repr\u00e9sente le summum de l&rsquo;excellence sans \u00e9quivoque pour les personnes cherchant \u00e0 optimiser la fonctionnalit\u00e9 et la conception de leur site Web d&rsquo;une mani\u00e8re \u00e0 la fois sophistiqu\u00e9e et incroyablement conviviale.<\/p>\n<ul>\n<li>Un plugin WordPress con\u00e7u pour am\u00e9liorer la fonctionnalit\u00e9 du th\u00e8me OceanWP<\/li>\n<li>Offre plus de 50 mod\u00e8les pour divers \u00e9l\u00e9ments et sections de site Web<\/li>\n<li>Personnaliser facilement les en-t\u00eates de site Web, les pieds de page, les dispositions de blog et les widgets<\/li>\n<li>Int\u00e9gration avec des plugins populaires tels que WooCommerce et Elementor<\/li>\n<li>Optimis\u00e9 pour les temps de chargement rapide et les performances de r\u00e9f\u00e9rencement<\/li>\n<li>Livr\u00e9 avec une vari\u00e9t\u00e9 de widgets, tels que des ic\u00f4nes de m\u00e9dias sociaux, des formulaires de contact et des vitaux de portefeuille<\/li>\n<li>Comprend un constructeur contextuel pour cr\u00e9er des fen\u00eatres populaires d&rsquo;appel engageantes<\/li>\n<li>Acc\u00e8s \u00e0 la prise en charge et aux mises \u00e0 jour premium pendant 1 an apr\u00e8s l&rsquo;achat<\/li>\n<li>Convient aux constructeurs de sites Web d\u00e9butants et avanc\u00e9s<\/li>\n<li>Compatible avec la derni\u00e8re version WordPress et r\u00e9guli\u00e8rement mise \u00e0 jour pour assurer la compatibilit\u00e9 avec les versions futures<\/li>\n<\/ul>\n","protected":false},"excerpt":{"rendered":"<p>OceanWP Ocean Extra est un plugin WordPress sophistiqu\u00e9 et de haute qualit\u00e9 qui a le but d&rsquo;am\u00e9liorer la fonctionnalit\u00e9 du th\u00e8me OceanWP, augmentant ainsi l&rsquo;exp\u00e9rience utilisateur globale. En fournissant une large gamme d&rsquo;extensions utiles et pratiques, ce plugin permet l&rsquo;ajout de fonctionnalit\u00e9s nouvelles et passionnantes \u00e0 votre site Web. Ces extensions englobent une vari\u00e9t\u00e9 de composants, tels qu&rsquo;un pied de page enti\u00e8rement personnalisable, des en-t\u00eate et des widgets de barres lat\u00e9rales, ainsi que des boutons de partage social, un widget d&rsquo;alimentation Instagram et divers autres outils visant \u00e0 am\u00e9liorer les performances globales du site Web. Le processus d&rsquo;installation et de configuration d&rsquo;Ocean Extra est extr\u00eamement convivial et simple, permettant m\u00eame \u00e0 ceux qui ont une expertise technique limit\u00e9e \u00e0 \u00e9tendre facilement et sans effort les capacit\u00e9s de leur th\u00e8me OceanWP. Que vous soyez un blogueur d\u00e9di\u00e9, un propri\u00e9taire d&rsquo;une petite entreprise ou un professionnel de la cr\u00e9ation, l&rsquo;utilisation d&rsquo;Ocean Extra est absolument indispensable dans votre qu\u00eate d&rsquo;am\u00e9lioration de l&rsquo;attrait esth\u00e9tique et de l&rsquo;efficacit\u00e9 op\u00e9rationnelle de votre site Web WordPress.<\/p>\n","protected":false},"featured_media":144844,"comment_status":"open","ping_status":"open","template":"","meta":[],"product_brand":[2609],"product_cat":[1189,1181,1186],"product_tag":[1315],"class_list":{"0":"post-134501","1":"product","2":"type-product","3":"status-publish","4":"has-post-thumbnail","6":"product_brand-ocean-wp","7":"product_cat-personnalisation","8":"product_cat-plugins","9":"product_cat-wordpress-plugins","10":"product_tag-ocean-wp","11":"member-discount","12":"discount-restricted","14":"first","15":"instock","16":"sale","17":"downloadable","18":"virtual","19":"sold-individually","20":"purchasable","21":"product-type-simple"},"_links":{"self":[{"href":"https:\/\/gpl-love.com\/fr\/wp-json\/wp\/v2\/product\/134501","targetHints":{"allow":["GET"]}}],"collection":[{"href":"https:\/\/gpl-love.com\/fr\/wp-json\/wp\/v2\/product"}],"about":[{"href":"https:\/\/gpl-love.com\/fr\/wp-json\/wp\/v2\/types\/product"}],"replies":[{"embeddable":true,"href":"https:\/\/gpl-love.com\/fr\/wp-json\/wp\/v2\/comments?post=134501"}],"wp:featuredmedia":[{"embeddable":true,"href":"https:\/\/gpl-love.com\/fr\/wp-json\/wp\/v2\/media\/144844"}],"wp:attachment":[{"href":"https:\/\/gpl-love.com\/fr\/wp-json\/wp\/v2\/media?parent=134501"}],"wp:term":[{"taxonomy":"product_brand","embeddable":true,"href":"https:\/\/gpl-love.com\/fr\/wp-json\/wp\/v2\/product_brand?post=134501"},{"taxonomy":"product_cat","embeddable":true,"href":"https:\/\/gpl-love.com\/fr\/wp-json\/wp\/v2\/product_cat?post=134501"},{"taxonomy":"product_tag","embeddable":true,"href":"https:\/\/gpl-love.com\/fr\/wp-json\/wp\/v2\/product_tag?post=134501"}],"curies":[{"name":"wp","href":"https:\/\/api.w.org\/{rel}","templated":true}]}}