{"id":134499,"date":"2021-02-09T00:00:00","date_gmt":"2021-02-08T23:00:00","guid":{"rendered":"https:\/\/gpl-love.com\/fr\/produit\/oceanwp-modal-window\/"},"modified":"2026-04-10T18:35:03","modified_gmt":"2026-04-10T16:35:03","slug":"oceanwp-modal-window","status":"publish","type":"product","link":"https:\/\/gpl-love.com\/fr\/produit\/oceanwp-modal-window\/","title":{"rendered":"OceanWP Modal Window 5.5.0"},"content":{"rendered":"<h3>OceanWP Modal Window Traits<\/h3>\n<p>La fen\u00eatre modale OceanWP, un outil incroyablement puissant, am\u00e9liore consid\u00e9rablement l&rsquo;exp\u00e9rience utilisateur sur votre site Web en fournissant une fen\u00eatre pop-up \u00e9l\u00e9gante et hautement personnalisable. Cette fonctionnalit\u00e9 remarquable vous donne la possibilit\u00e9 de pr\u00e9senter des informations vitales, y compris des newsletters, des annonces ou des offres exclusives, \u00e0 vos visiteurs estim\u00e9s de mani\u00e8re visuellement captivante. Avec la fen\u00eatre modale OceanWP, vous poss\u00e9dez un contr\u00f4le total sur l&rsquo;esth\u00e9tique et l&rsquo;ambiance de la pop-up, car il offre une pl\u00e9thore d&rsquo;options pour les couleurs, les polices et les animations personnalis\u00e9es. De plus, cette fen\u00eatre modale est ing\u00e9nieusement con\u00e7ue pour \u00eatre pleinement r\u00e9active, garantissant son apparence impeccable sur n&rsquo;importe quel appareil. De plus, vous pouvez \u00e9tablir des d\u00e9clencheurs pour l&rsquo;apparence de la fen\u00eatre modale, tels que les retards de temps ou les actions initi\u00e9es par l&rsquo;utilisateur. La fen\u00eatre modale OceanWP est un atout inestimable pour tout site Web cherchant avec impatience \u00e0 accro\u00eetre l&rsquo;engagement et les conversions.<\/p>\n<ul>\n<li>Windows modaux personnalisables pour votre site Web WordPress<\/li>\n<li>Offre une apparence professionnelle et \u00e9l\u00e9gante qui peut \u00eatre adapt\u00e9e \u00e0 votre marque<\/li>\n<li>Prend en charge divers types de contenu, y compris du texte, des images, des vid\u00e9os et des formulaires<\/li>\n<li>Choisissez parmi une s\u00e9lection de conceptions pr\u00e9-faites ou cr\u00e9ez la v\u00f4tre en utilisant leur g\u00e9n\u00e9rateur de glisser-d\u00e9poser<\/li>\n<li>Ajoutez facilement des fen\u00eatres modales \u00e0 des pages sp\u00e9cifiques ou \u00e0 des \u00e9v\u00e9nements sp\u00e9cifiques, tels que l&rsquo;intention de sortie ou apr\u00e8s un certain temps<\/li>\n<li>Peut \u00eatre utilis\u00e9 \u00e0 diverses fins telles que la g\u00e9n\u00e9ration de leads, les promotions et afficher des informations importantes aux visiteurs<\/li>\n<li>La conception r\u00e9active garantit que vos fen\u00eatres modales ont fi\u00e8re allure sur tous les appareils<\/li>\n<li>Mises \u00e0 jour fr\u00e9quentes et excellent soutien de l&rsquo;\u00e9quipe OceanWP.<\/li>\n<\/ul>\n","protected":false},"excerpt":{"rendered":"<p>La fen\u00eatre modale OceanWP est un outil exceptionnellement formidable qui permet aux utilisateurs de fabriquer des fen\u00eatres pop-ups visuellement captivantes dans leur site Web. Il propose une gamme de mod\u00e8les personnalisables et une interface remarquablement conviviale, permettant une cr\u00e9ation sans effort de modaux adapt\u00e9s \u00e0 diverses fins telles que la collection d&rsquo;adresses e-mail, la promotion des produits ou des \u00e9v\u00e9nements, et une myriade d&rsquo;autres. De plus, sa r\u00e9activit\u00e9 compl\u00e8te et son int\u00e9gration transparente avec le th\u00e8me OceanWP augmentent davantage l&rsquo;exp\u00e9rience utilisateur globale de votre site Web.<\/p>\n","protected":false},"featured_media":144843,"comment_status":"open","ping_status":"open","template":"","meta":[],"product_brand":[2609],"product_cat":[1189,1181,1186],"product_tag":[1315],"class_list":{"0":"post-134499","1":"product","2":"type-product","3":"status-publish","4":"has-post-thumbnail","6":"product_brand-ocean-wp","7":"product_cat-personnalisation","8":"product_cat-plugins","9":"product_cat-wordpress-plugins","10":"product_tag-ocean-wp","11":"member-discount","12":"discount-restricted","14":"first","15":"instock","16":"sale","17":"downloadable","18":"virtual","19":"sold-individually","20":"purchasable","21":"product-type-simple"},"_links":{"self":[{"href":"https:\/\/gpl-love.com\/fr\/wp-json\/wp\/v2\/product\/134499","targetHints":{"allow":["GET"]}}],"collection":[{"href":"https:\/\/gpl-love.com\/fr\/wp-json\/wp\/v2\/product"}],"about":[{"href":"https:\/\/gpl-love.com\/fr\/wp-json\/wp\/v2\/types\/product"}],"replies":[{"embeddable":true,"href":"https:\/\/gpl-love.com\/fr\/wp-json\/wp\/v2\/comments?post=134499"}],"wp:featuredmedia":[{"embeddable":true,"href":"https:\/\/gpl-love.com\/fr\/wp-json\/wp\/v2\/media\/144843"}],"wp:attachment":[{"href":"https:\/\/gpl-love.com\/fr\/wp-json\/wp\/v2\/media?parent=134499"}],"wp:term":[{"taxonomy":"product_brand","embeddable":true,"href":"https:\/\/gpl-love.com\/fr\/wp-json\/wp\/v2\/product_brand?post=134499"},{"taxonomy":"product_cat","embeddable":true,"href":"https:\/\/gpl-love.com\/fr\/wp-json\/wp\/v2\/product_cat?post=134499"},{"taxonomy":"product_tag","embeddable":true,"href":"https:\/\/gpl-love.com\/fr\/wp-json\/wp\/v2\/product_tag?post=134499"}],"curies":[{"name":"wp","href":"https:\/\/api.w.org\/{rel}","templated":true}]}}