{"id":134497,"date":"2025-05-21T00:00:00","date_gmt":"2025-05-20T22:00:00","guid":{"rendered":"https:\/\/gpl-love.com\/fr\/produit\/oceanwp-instagram\/"},"modified":"2026-04-10T18:35:02","modified_gmt":"2026-04-10T16:35:02","slug":"oceanwp-instagram","status":"publish","type":"product","link":"https:\/\/gpl-love.com\/fr\/produit\/oceanwp-instagram\/","title":{"rendered":"OceanWP Instagram 1.2.4"},"content":{"rendered":"<h3>OceanWP Instagram Traits<\/h3>\n<p>Le plugin Instagram OceanWP est un outil tr\u00e8s efficace qui a \u00e9t\u00e9 sp\u00e9cifiquement con\u00e7u pour faciliter l&rsquo;int\u00e9gration transparente des aliments Instagram dans les sites Web WordPress. Au moyen de ce plugin sophistiqu\u00e9, les propri\u00e9taires de sites Web peuvent pr\u00e9senter sans effort leurs photos et vid\u00e9os Instagram d&rsquo;une mani\u00e8re visuellement \u00e9tonnante et personnalisable, leur permettant ainsi de s&rsquo;engager activement avec leur public cible et de pr\u00e9senter efficacement leur marque. En plus de ces fonctionnalit\u00e9s exceptionnelles, ce plugin accorde aux utilisateurs la possibilit\u00e9 de pr\u00e9senter sans effort plusieurs flux Instagram, de personnaliser la disposition et l&rsquo;esth\u00e9tique du flux, et d&rsquo;incorporer des l\u00e9gendes sur mesure et des liens vers chaque photo ou vid\u00e9o individuelle. En outre, il a \u00e9t\u00e9 soigneusement optimis\u00e9 pour des performances am\u00e9lior\u00e9es, garantissant ainsi des temps de chargement rapides et une conception r\u00e9active qui d\u00e9gage l&rsquo;excellence dans tous les types d&rsquo;appareils. Pour le dire simplement, le plugin Instagram OceanWP est un atout indispensable pour toute personne cherchant \u00e0 augmenter son site Web avec un contenu Instagram dynamique et captivant.<\/p>\n<ul>\n<li>Promose l&rsquo;int\u00e9gration Instagram avec votre site Web.<\/li>\n<li>Affiche facilement les publications Instagram sur votre site Web.<\/li>\n<li>Fournit des options de mise en page personnalisables pour votre flux Instagram.<\/li>\n<li>Offre une conception r\u00e9active pour une exp\u00e9rience utilisateur optimale sur tous les appareils.<\/li>\n<li>S&rsquo;int\u00e8gre au th\u00e8me WordPress OceanWP populaire.<\/li>\n<li>Fournit des options de mise en page standard et carrousel pour les photos Instagram.<\/li>\n<li>Vous permet de filtrer, trier et mod\u00e9rer les poteaux de mani\u00e8re transparente.<\/li>\n<li>Offre un raccourci facile \u00e0 utiliser pour l&rsquo;int\u00e9gration Instagram sur vos pages et articles.<\/li>\n<li>Fournit des options de personnalisation avanc\u00e9es comme les couleurs, les bordures et l&rsquo;affichage de la l\u00e9gende.<\/li>\n<li>Est compatible avec la derni\u00e8re version de l&rsquo;API Instagram.<\/li>\n<\/ul>\n","protected":false},"excerpt":{"rendered":"<p>Le plugin Instagram OceanWP est un outil extr\u00eamement puissant pour les utilisateurs de WordPress, leur accordant la possibilit\u00e9 de montrer sans effort leur contenu Instagram sur leurs sites Web. Son interface est con\u00e7ue avec la plus grande convivialit\u00e9 \u00e0 l&rsquo;esprit des utilisateurs, et ses param\u00e8tres peuvent \u00eatre personnalis\u00e9s pour s&rsquo;adapter aux pr\u00e9f\u00e9rences individuelles, permettant ainsi l&rsquo;affichage des messages les plus r\u00e9cents, la cr\u00e9ation de galeries visuellement frappantes, et m\u00eame l&rsquo;int\u00e9gration des aliments Instagram dans les pages Web et articles de blog. En incorporant ce plugin indispensable dans votre site Web, vous am\u00e9liorerez non seulement l&rsquo;engagement des utilisateurs, mais assistez \u00e9galement \u00e0 une croissance substantielle de votre suivi Instagram.<\/p>\n","protected":false},"featured_media":144842,"comment_status":"open","ping_status":"open","template":"","meta":[],"product_brand":[2609],"product_cat":[1207,1181,1186],"product_tag":[1315],"class_list":{"0":"post-134497","1":"product","2":"type-product","3":"status-publish","4":"has-post-thumbnail","6":"product_brand-ocean-wp","7":"product_cat-commercialisation-wordpress-plugins","8":"product_cat-plugins","9":"product_cat-wordpress-plugins","10":"product_tag-ocean-wp","11":"member-discount","12":"discount-restricted","14":"first","15":"instock","16":"sale","17":"downloadable","18":"virtual","19":"sold-individually","20":"purchasable","21":"product-type-simple"},"_links":{"self":[{"href":"https:\/\/gpl-love.com\/fr\/wp-json\/wp\/v2\/product\/134497","targetHints":{"allow":["GET"]}}],"collection":[{"href":"https:\/\/gpl-love.com\/fr\/wp-json\/wp\/v2\/product"}],"about":[{"href":"https:\/\/gpl-love.com\/fr\/wp-json\/wp\/v2\/types\/product"}],"replies":[{"embeddable":true,"href":"https:\/\/gpl-love.com\/fr\/wp-json\/wp\/v2\/comments?post=134497"}],"wp:featuredmedia":[{"embeddable":true,"href":"https:\/\/gpl-love.com\/fr\/wp-json\/wp\/v2\/media\/144842"}],"wp:attachment":[{"href":"https:\/\/gpl-love.com\/fr\/wp-json\/wp\/v2\/media?parent=134497"}],"wp:term":[{"taxonomy":"product_brand","embeddable":true,"href":"https:\/\/gpl-love.com\/fr\/wp-json\/wp\/v2\/product_brand?post=134497"},{"taxonomy":"product_cat","embeddable":true,"href":"https:\/\/gpl-love.com\/fr\/wp-json\/wp\/v2\/product_cat?post=134497"},{"taxonomy":"product_tag","embeddable":true,"href":"https:\/\/gpl-love.com\/fr\/wp-json\/wp\/v2\/product_tag?post=134497"}],"curies":[{"name":"wp","href":"https:\/\/api.w.org\/{rel}","templated":true}]}}