{"id":134495,"date":"2025-11-30T00:00:00","date_gmt":"2025-11-29T23:00:00","guid":{"rendered":"https:\/\/gpl-love.com\/fr\/produit\/oceanwp-hooks\/"},"modified":"2026-04-01T00:30:39","modified_gmt":"2026-03-31T22:30:39","slug":"oceanwp-hooks","status":"publish","type":"product","link":"https:\/\/gpl-love.com\/fr\/produit\/oceanwp-hooks\/","title":{"rendered":"OceanWP Hooks 2.1.6"},"content":{"rendered":"<h3>OceanWP Hooks Traits<\/h3>\n<p>OceanWP Hooks est un plugin WordPress incroyablement robuste qui pr\u00e9sente aux utilisateurs une vaste gamme d&rsquo;options d&rsquo;entr\u00e9e, facilitant ainsi la personnalisation transparente de leur site Web. Ce plugin poss\u00e8de une gamme diversifi\u00e9e d&rsquo;options d&rsquo;entr\u00e9e, englobant les CSS personnalis\u00e9s, JavaScript et m\u00eame les crochets pr\u00e9d\u00e9finis pour diff\u00e9rentes sections d&rsquo;un site Web. En utilisant des crochets OceanWP, les utilisateurs acqui\u00e8rent la possibilit\u00e9 d&rsquo;incorporer sans effort des \u00e9l\u00e9ments personnalis\u00e9s dans des domaines cruciaux tels que l&rsquo;en-t\u00eate, le pied de page et d&rsquo;autres sections pivots, leur accordant par cons\u00e9quent une autorit\u00e9 in\u00e9gal\u00e9e sur l&rsquo;attrait visuel et la fonctionnalit\u00e9 globale de leur site. Il importe que vous poss\u00e9diez une compr\u00e9hension rudimentaire du d\u00e9veloppement du site Web ou que vous poss\u00e9diez une multitude d&rsquo;exp\u00e9rience en tant que d\u00e9veloppeur, car OceanWP Hooks repr\u00e9sente sans aucun doute un atout inestimable qui peut propulser votre site Web \u00e0 des sommets in\u00e9gal\u00e9s.<\/p>\n<ul>\n<li>Personnalisez facilement votre site Web \u00e0 l&rsquo;aide de crochets OceanWP<\/li>\n<li>Augmentez les fonctionnalit\u00e9s du site Web en ajoutant des extraits de code personnalis\u00e9s<\/li>\n<li>Compatible avec le th\u00e8me et les extensions OceanWP<\/li>\n<li>Modifier et contr\u00f4ler facilement les sections sp\u00e9cifiques de votre site Web<\/li>\n<li>Possibilit\u00e9s illimit\u00e9es de conception et de personnalisation<\/li>\n<li>Aucune exp\u00e9rience de codage n\u00e9cessaire, interface simple et conviviale<\/li>\n<li>\u00c9conomise du temps et de l&rsquo;argent en \u00e9liminant le besoin de d\u00e9veloppeurs tiers<\/li>\n<li>Mises \u00e0 jour et maintenance incluses avec l&rsquo;achat<\/li>\n<li>Am\u00e9liorez l&rsquo;exp\u00e9rience utilisateur et am\u00e9liorez les performances globales de votre site Web<\/li>\n<li>Soutien et assistance disponibles aupr\u00e8s de l&rsquo;\u00e9quipe OceanWP<\/li>\n<\/ul>\n","protected":false},"excerpt":{"rendered":"<p>OceanWP Hooks est un outil incroyablement robuste et percutant qui vous offre la possibilit\u00e9 d&rsquo;incorporer de mani\u00e8re transparente des extraits de code personnalis\u00e9s dans votre th\u00e8me OceanWP, le tout sans avoir \u00e0 apporter des modifications aux fichiers principaux. La polyvalence de cet outil est vraiment remarquable, car elle vous offre la capacit\u00e9 d&rsquo;impl\u00e9menter les crochets sur diverses sections de votre site Web, permettant ainsi la personnalisation sans effort de l&rsquo;attrait esth\u00e9tique et les capacit\u00e9s fonctionnelles du th\u00e8me choisi. Que vous aspirez \u00e0 incorporer des CSS personnalis\u00e9s, \u00e0 infuser de mani\u00e8re transparente un script ou m\u00eame \u00e0 modifier un mod\u00e8le existant, soyez assur\u00e9 que OceanWP Hooks vous a compl\u00e8tement couvert. De plus, il convient de noter que cet outil remarquable est non seulement incroyablement puissant, mais il est \u00e9galement extr\u00eamement convivial, ce qui en fait un ajustement parfait pour les personnes nouvelles dans le monde du d\u00e9veloppement de sites Web. De plus, la documentation compl\u00e8te qui accompagne les crochets OceanWP garantit que m\u00eame ceux qui ont un minimum d&rsquo;exp\u00e9rience peuvent facilement naviguer et utiliser cet outil \u00e0 son plein potentiel. Donc, lib\u00e9rez votre esprit cr\u00e9atif et amenez votre site Web \u00e0 des sommets sans pr\u00e9c\u00e9dent avec les fonctionnalit\u00e9s in\u00e9gal\u00e9es et les caract\u00e9ristiques innovantes des crochets OceanWP.<\/p>\n","protected":false},"featured_media":144841,"comment_status":"open","ping_status":"open","template":"","meta":[],"product_brand":[2609],"product_cat":[1187,1181,1186],"product_tag":[1315],"class_list":{"0":"post-134495","1":"product","2":"type-product","3":"status-publish","4":"has-post-thumbnail","6":"product_brand-ocean-wp","7":"product_cat-administration-wordpress-plugins","8":"product_cat-plugins","9":"product_cat-wordpress-plugins","10":"product_tag-ocean-wp","11":"member-discount","12":"discount-restricted","14":"first","15":"instock","16":"sale","17":"downloadable","18":"virtual","19":"sold-individually","20":"purchasable","21":"product-type-simple"},"_links":{"self":[{"href":"https:\/\/gpl-love.com\/fr\/wp-json\/wp\/v2\/product\/134495","targetHints":{"allow":["GET"]}}],"collection":[{"href":"https:\/\/gpl-love.com\/fr\/wp-json\/wp\/v2\/product"}],"about":[{"href":"https:\/\/gpl-love.com\/fr\/wp-json\/wp\/v2\/types\/product"}],"replies":[{"embeddable":true,"href":"https:\/\/gpl-love.com\/fr\/wp-json\/wp\/v2\/comments?post=134495"}],"wp:featuredmedia":[{"embeddable":true,"href":"https:\/\/gpl-love.com\/fr\/wp-json\/wp\/v2\/media\/144841"}],"wp:attachment":[{"href":"https:\/\/gpl-love.com\/fr\/wp-json\/wp\/v2\/media?parent=134495"}],"wp:term":[{"taxonomy":"product_brand","embeddable":true,"href":"https:\/\/gpl-love.com\/fr\/wp-json\/wp\/v2\/product_brand?post=134495"},{"taxonomy":"product_cat","embeddable":true,"href":"https:\/\/gpl-love.com\/fr\/wp-json\/wp\/v2\/product_cat?post=134495"},{"taxonomy":"product_tag","embeddable":true,"href":"https:\/\/gpl-love.com\/fr\/wp-json\/wp\/v2\/product_tag?post=134495"}],"curies":[{"name":"wp","href":"https:\/\/api.w.org\/{rel}","templated":true}]}}