{"id":134493,"date":"2025-05-21T00:00:00","date_gmt":"2025-05-20T22:00:00","guid":{"rendered":"https:\/\/gpl-love.com\/fr\/produit\/oceanwp-full-screen\/"},"modified":"2026-04-10T18:35:01","modified_gmt":"2026-04-10T16:35:01","slug":"oceanwp-full-screen","status":"publish","type":"product","link":"https:\/\/gpl-love.com\/fr\/produit\/oceanwp-full-screen\/","title":{"rendered":"OceanWP Full Screen 2.1.6"},"content":{"rendered":"<h3>OceanWP Full Screen Traits<\/h3>\n<p>OceanWP Full Screen est un th\u00e8me WordPress incroyablement robuste et riche en fonctionnalit\u00e9s qui vous accorde la possibilit\u00e9 d&rsquo;\u00e9laborer sans effort \u00e0 couper le souffle et captivant des sites Web \u00e0 \u00e9cran complet. With its cutting-edge and stylish design, it encompasses an extensive array of customization possibilities, encompassing a myriad of header styles, bespoke widgets, and an infinite palette of color schemes, thereby affording you the unparalleled opportunity to construct a website that flawlessly encapsulates the Essence et \u00e9thique de votre marque. De plus, ce th\u00e8me poss\u00e8de une disposition r\u00e9active, justifiant que votre site Web pr\u00e9sente un attrait visuel exceptionnel sur tous les appareils. Notamment, il a \u00e9t\u00e9 m\u00e9ticuleusement optimis\u00e9 pour une vitesse optimale et une optimisation des moteurs de recherche, facilitant ainsi l&rsquo;am\u00e9lioration des performances et de la visibilit\u00e9 de votre site Web sur les pages de r\u00e9sultats des moteurs de recherche. Dans l&rsquo;ensemble, le plein \u00e9cran OceanWP repr\u00e9sente incontestablement un choix impeccable pour les personnes cherchant \u00e0 fabriquer un site Web visuellement frappant et exceptionnellement performant.<\/p>\n<ul>\n<li>Conception pleine \u00e9cran pour les sites Web cr\u00e9\u00e9s avec le th\u00e8me OceanWP<\/li>\n<li>Aide \u00e0 offrir une exp\u00e9rience de navigation unique et immersive pour vos visiteurs<\/li>\n<li>Permet aux utilisateurs de visualiser votre site Web sans aucun \u00e9l\u00e9ments distrayants ou encombrement d&rsquo;interface<\/li>\n<li>Optimis\u00e9 pour diverses tailles d&rsquo;\u00e9cran et r\u00e9solutions, assurant une exp\u00e9rience transparente sur tous les appareils<\/li>\n<li>Compatible avec divers plugins OceanWP et modules compl\u00e9mentaires pour des fonctionnalit\u00e9s am\u00e9lior\u00e9es et des options de personnalisation<\/li>\n<li>Facile \u00e0 installer et \u00e0 configurer avec des options et des commandes intuitives dans les param\u00e8tres de th\u00e8me OceanWP<\/li>\n<li>Fournit une conception de site Web minimaliste et moderne en mettant l&rsquo;accent sur le contenu et le message de votre site Web<\/li>\n<li>Aide \u00e0 augmenter l&rsquo;engagement et \u00e0 r\u00e9duire les taux de rebond en offrant une exp\u00e9rience utilisateur captivante et ininterrompue.<\/li>\n<\/ul>\n","protected":false},"excerpt":{"rendered":"<p>\u00c9levez les performances de votre site Web WordPress en incorporant les capacit\u00e9s extraordinaires de l&rsquo;\u00e9cran plein OceanWP. Ce plugin remarquablement robuste vous offre la possibilit\u00e9 de fabriquer des dispositions en plein \u00e9cran visuellement captivantes pour vos pages Web, vos articles de blog et tout autre contenu que vous pouvez poss\u00e9der. Embelli d&rsquo;une vaste gamme de fonctionnalit\u00e9s de personnalisation, telles que l&rsquo;inclusion des arri\u00e8re-plans vid\u00e9o et l&rsquo;incorporation des effets de parallaxe, vous avez la libert\u00e9 de g\u00e9n\u00e9rer des exp\u00e9riences utilisateur vraiment distinctives et captivantes. De plus, l&rsquo;interface glisser-d\u00e9poser conviviale garantit que m\u00eame les individus sans arri\u00e8re-plan dans le d\u00e9veloppement Web peuvent facilement naviguer et utiliser cet outil exceptionnel. N&rsquo;h\u00e9sitez pas, r\u00e9volutionnez votre site Web aujourd&rsquo;hui en int\u00e9grant le plein \u00e9cran OceanWP dans votre r\u00e9pertoire num\u00e9rique.<\/p>\n","protected":false},"featured_media":144840,"comment_status":"open","ping_status":"open","template":"","meta":[],"product_brand":[2609],"product_cat":[1189,1181,1186],"product_tag":[1315],"class_list":{"0":"post-134493","1":"product","2":"type-product","3":"status-publish","4":"has-post-thumbnail","6":"product_brand-ocean-wp","7":"product_cat-personnalisation","8":"product_cat-plugins","9":"product_cat-wordpress-plugins","10":"product_tag-ocean-wp","11":"member-discount","12":"discount-restricted","14":"first","15":"instock","16":"sale","17":"downloadable","18":"virtual","19":"sold-individually","20":"purchasable","21":"product-type-simple"},"_links":{"self":[{"href":"https:\/\/gpl-love.com\/fr\/wp-json\/wp\/v2\/product\/134493","targetHints":{"allow":["GET"]}}],"collection":[{"href":"https:\/\/gpl-love.com\/fr\/wp-json\/wp\/v2\/product"}],"about":[{"href":"https:\/\/gpl-love.com\/fr\/wp-json\/wp\/v2\/types\/product"}],"replies":[{"embeddable":true,"href":"https:\/\/gpl-love.com\/fr\/wp-json\/wp\/v2\/comments?post=134493"}],"wp:featuredmedia":[{"embeddable":true,"href":"https:\/\/gpl-love.com\/fr\/wp-json\/wp\/v2\/media\/144840"}],"wp:attachment":[{"href":"https:\/\/gpl-love.com\/fr\/wp-json\/wp\/v2\/media?parent=134493"}],"wp:term":[{"taxonomy":"product_brand","embeddable":true,"href":"https:\/\/gpl-love.com\/fr\/wp-json\/wp\/v2\/product_brand?post=134493"},{"taxonomy":"product_cat","embeddable":true,"href":"https:\/\/gpl-love.com\/fr\/wp-json\/wp\/v2\/product_cat?post=134493"},{"taxonomy":"product_tag","embeddable":true,"href":"https:\/\/gpl-love.com\/fr\/wp-json\/wp\/v2\/product_tag?post=134493"}],"curies":[{"name":"wp","href":"https:\/\/api.w.org\/{rel}","templated":true}]}}