{"id":134491,"date":"2025-05-21T00:00:00","date_gmt":"2025-05-20T22:00:00","guid":{"rendered":"https:\/\/gpl-love.com\/fr\/produit\/oceanwp-footer-callout\/"},"modified":"2026-04-10T18:35:00","modified_gmt":"2026-04-10T16:35:00","slug":"oceanwp-footer-callout","status":"publish","type":"product","link":"https:\/\/gpl-love.com\/fr\/produit\/oceanwp-footer-callout\/","title":{"rendered":"OceanWP Footer Callout 2.2.2"},"content":{"rendered":"<h3>OceanWP Footer Callout Traits<\/h3>\n<p>L&rsquo;appel de page OceanWP est un outil incroyablement efficace qui donne aux utilisateurs la possibilit\u00e9 d&rsquo;incorporer des appels dans la section de pied de page de leur site Web. Ce produit particulier a \u00e9t\u00e9 m\u00e9ticuleusement d\u00e9velopp\u00e9 pour enrichir l&rsquo;exp\u00e9rience utilisateur globale tout en livrant simultan\u00e9ment un message coh\u00e9rent et succinct \u00e0 ceux qui visitent le site Web. Le degr\u00e9 de personnalisation disponible dans cet outil est vraiment exceptionnel, car il offre aux utilisateurs une vaste gamme d&rsquo;options et de param\u00e8tres \u00e0 s\u00e9lectionner, garantissant que la conception et la marque de leur site Web restent fid\u00e8lement intactes. Gr\u00e2ce \u00e0 l&rsquo;utilisation de Calout de pied de page OceanWP, les propri\u00e9taires de sites Web poss\u00e8dent les moyens de promouvoir sans effort leurs produits, services ou toute offre exclusive directement dans la zone de pied de page, maximisant ainsi les taux de conversion de leur site Web. Il convient de noter que ce produit est extr\u00eamement convivial, et gr\u00e2ce \u00e0 sa conception r\u00e9active, il fonctionne de mani\u00e8re transparente sur tous les appareils. Sans aucun doute, l&rsquo;OceanWP Footer Calout est un outil indispensable que chaque propri\u00e9taire de site Web devrait poss\u00e9der afin d&rsquo;augmenter la convivialit\u00e9 de leur site Web et d&rsquo;\u00e9lever leurs taux de conversion.<\/p>\n<ul>\n<li>Une section de callout de pied de page personnalisable pour le th\u00e8me WordPress OceanWP<\/li>\n<li>Ajoutez facilement un bouton d&rsquo;appel \u00e0 l&rsquo;action ou de lien vers le pied de page de votre site Web<\/li>\n<li>Choisissez parmi plusieurs options de mise en page pour la section de callout<\/li>\n<li>Personnalisez le texte, la couleur d&rsquo;arri\u00e8re-plan et la couleur des bouton pour correspondre \u00e0 la marque de votre site Web<\/li>\n<li>La conception enti\u00e8rement r\u00e9active garantit que le callout a fi\u00e8re allure sur tous les appareils<\/li>\n<li>Compatible avec les constructeurs de pages populaires comme Elementor et Beaver Builder<\/li>\n<li>Optimis\u00e9 pour le r\u00e9f\u00e9rencement pour vous assurer que votre site Web reste convivial sur les moteurs de recherche<\/li>\n<li>Mises \u00e0 jour r\u00e9guli\u00e8res et soutien de l&rsquo;\u00e9quipe OceanWP pour s&rsquo;assurer que le plugin reste \u00e0 jour avec les derni\u00e8res mises \u00e0 jour WordPress.<\/li>\n<\/ul>\n","protected":false},"excerpt":{"rendered":"<p>L&rsquo;appel de page OceanWP se r\u00e9v\u00e8le \u00eatre un outil exceptionnellement puissant pour les propri\u00e9taires de sites Web cherchant \u00e0 g\u00e9n\u00e9rer des messages d&rsquo;appel \u00e0 l&rsquo;action captivants dans le pied de page de leurs pages de sites Web. Ce plugin remarquablement simple mais tr\u00e8s efficace permet aux utilisateurs la possibilit\u00e9 de personnaliser le pied de page \u00e0 travers l&rsquo;incorporation de couleurs, de polices et de texte distinctes, tout en incorporant simultan\u00e9ment des liens de clics qui renforcent efficacement le trafic vers des pages ou des promotions d\u00e9sign\u00e9es. En outre, il convient de noter que l&rsquo;appel de pied de page OceanWP pr\u00e9sente une r\u00e9activit\u00e9 utile, garantissant un affichage esth\u00e9tique de votre message d&rsquo;appel \u00e0 l&rsquo;action sur tous les appareils. En vertu de son interface conviviale et de son processus d&rsquo;installation sans couture, il est sans \u00e9quivoque clair que l&rsquo;appel de pied de page OceanWP est un actif indispensable pour tout effort commercial pour amplifier l&rsquo;engagement et le taux de conversion des utilisateurs de leur site Web.<\/p>\n","protected":false},"featured_media":144839,"comment_status":"open","ping_status":"open","template":"","meta":[],"product_brand":[2609],"product_cat":[1189,1181,1186],"product_tag":[1315],"class_list":{"0":"post-134491","1":"product","2":"type-product","3":"status-publish","4":"has-post-thumbnail","6":"product_brand-ocean-wp","7":"product_cat-personnalisation","8":"product_cat-plugins","9":"product_cat-wordpress-plugins","10":"product_tag-ocean-wp","11":"member-discount","12":"discount-restricted","14":"first","15":"instock","16":"sale","17":"downloadable","18":"virtual","19":"sold-individually","20":"purchasable","21":"product-type-simple"},"_links":{"self":[{"href":"https:\/\/gpl-love.com\/fr\/wp-json\/wp\/v2\/product\/134491","targetHints":{"allow":["GET"]}}],"collection":[{"href":"https:\/\/gpl-love.com\/fr\/wp-json\/wp\/v2\/product"}],"about":[{"href":"https:\/\/gpl-love.com\/fr\/wp-json\/wp\/v2\/types\/product"}],"replies":[{"embeddable":true,"href":"https:\/\/gpl-love.com\/fr\/wp-json\/wp\/v2\/comments?post=134491"}],"wp:featuredmedia":[{"embeddable":true,"href":"https:\/\/gpl-love.com\/fr\/wp-json\/wp\/v2\/media\/144839"}],"wp:attachment":[{"href":"https:\/\/gpl-love.com\/fr\/wp-json\/wp\/v2\/media?parent=134491"}],"wp:term":[{"taxonomy":"product_brand","embeddable":true,"href":"https:\/\/gpl-love.com\/fr\/wp-json\/wp\/v2\/product_brand?post=134491"},{"taxonomy":"product_cat","embeddable":true,"href":"https:\/\/gpl-love.com\/fr\/wp-json\/wp\/v2\/product_cat?post=134491"},{"taxonomy":"product_tag","embeddable":true,"href":"https:\/\/gpl-love.com\/fr\/wp-json\/wp\/v2\/product_tag?post=134491"}],"curies":[{"name":"wp","href":"https:\/\/api.w.org\/{rel}","templated":true}]}}