{"id":134487,"date":"2021-02-09T00:00:00","date_gmt":"2021-02-08T23:00:00","guid":{"rendered":"https:\/\/gpl-love.com\/fr\/produit\/oceanwp-custom-sidebar\/"},"modified":"2026-04-10T18:34:58","modified_gmt":"2026-04-10T16:34:58","slug":"oceanwp-custom-sidebar","status":"publish","type":"product","link":"https:\/\/gpl-love.com\/fr\/produit\/oceanwp-custom-sidebar\/","title":{"rendered":"OceanWP Custom Sidebar 1.5.0"},"content":{"rendered":"<h3>OceanWP Custom Sidebar Traits<\/h3>\n<p>La barre lat\u00e9rale personnalis\u00e9e OceanWP est un outil incroyablement robuste et polyvalent qui donne aux utilisateurs la possibilit\u00e9 de g\u00e9n\u00e9rer sans effort des barres lat\u00e9rales personnalis\u00e9es pour leur site Web WordPress. Ce plugin exceptionnel permet aux individus d&rsquo;incorporer de mani\u00e8re transparente de nouvelles barres lat\u00e9rales sur n&rsquo;importe quelle page ou poste souhait\u00e9, et offre m\u00eame la capacit\u00e9 incroyable d&rsquo;\u00e9tablir des dispositions de barres lat\u00e9rales distinctes pour chaque page individuelle. Ce produit remarquable est vraiment une n\u00e9cessit\u00e9 absolue pour ceux qui cherchent \u00e0 augmenter la fonctionnalit\u00e9 et l&rsquo;adaptabilit\u00e9 de leur site Web. Avec cet outil remarquable, vous avez la formidable opportunit\u00e9 de pr\u00e9senter un contenu diversifi\u00e9 dans diverses sections de votre site, englobant des \u00e9l\u00e9ments tels que des publicit\u00e9s, des hyperliens, des publications r\u00e9centes et bien plus encore. La configuration et la mise en \u0153uvre de la barre lat\u00e9rale personnalis\u00e9e OceanWP est une brise absolue, car elle poss\u00e8de un processus d&rsquo;installation intuitif et une interface incroyablement conviviale. De plus, ce plugin remarquable offre aux utilisateurs une vaste gamme d&rsquo;options de personnalisation, leur permettant de personnaliser leurs zones de widgets, de s\u00e9lectionner leurs couleurs pr\u00e9f\u00e9r\u00e9es et m\u00eame de choisir parmi un assortiment de styles de polices captivants. Que vous soyez un utilisateur de novice ou de WordPress chevronn\u00e9, ce plugin exceptionnel est un ind\u00e9niable essentiel pour quiconque s&rsquo;efforce de cr\u00e9er un site Web vraiment dynamique, captivant et engageant.<\/p>\n<ul>\n<li>Options de barres lat\u00e9rales personnalisables pour votre th\u00e8me WordPress OceanWP<\/li>\n<li>Choisissez parmi plusieurs options de mise en page, notamment des dispositions de colonnes un, deux et trois<\/li>\n<li>Vous permet d&rsquo;ajouter et d&rsquo;organiser facilement des widgets \u00e0 votre barre lat\u00e9rale<\/li>\n<li>Compatible avec les widgets int\u00e9gr\u00e9s d&rsquo;OceanWP ainsi que les widgets tiers<\/li>\n<li>Option pour ajouter CSS personnalis\u00e9 pour une personnalisation suppl\u00e9mentaire<\/li>\n<li>Interface conviviale pour une navigation et une configuration faciles<\/li>\n<li>Aide \u00e0 augmenter la fonctionnalit\u00e9 du site Web et l&rsquo;exp\u00e9rience utilisateur<\/li>\n<\/ul>\n","protected":false},"excerpt":{"rendered":"<p>La barre lat\u00e9rale personnalis\u00e9e OceanWP, un module compl\u00e9mentaire incroyablement pratique pour le th\u00e8me WordPress OceanWP tr\u00e8s populaire, offre aux utilisateurs la possibilit\u00e9 de fa\u00e7onner et de faire adapter leurs propres barres lat\u00e9rales. Arm\u00e9s de cette fonctionnalit\u00e9 remarquable, les utilisateurs peuvent int\u00e9grer de mani\u00e8re transparente leur propre assortiment de widgets et de contenu, d&rsquo;attribuer des barres lat\u00e9rales sp\u00e9cifiques \u00e0 des pages ou des publications distinctes, et m\u00eame \u00e0 un contr\u00f4le d&rsquo;exercice sur l&rsquo;attrait esth\u00e9tique global de leur site Web. Gr\u00e2ce \u00e0 son interface conviviale et \u00e0 son processus d&rsquo;installation simple, ce plugin est devenu le choix id\u00e9al pour les individus aspirant \u00e0 impr\u00e9gner la disposition de leur site Web avec un sentiment de personnalisation.<\/p>\n","protected":false},"featured_media":144837,"comment_status":"open","ping_status":"open","template":"","meta":[],"product_brand":[2609],"product_cat":[1189,1181,1186],"product_tag":[1315],"class_list":{"0":"post-134487","1":"product","2":"type-product","3":"status-publish","4":"has-post-thumbnail","6":"product_brand-ocean-wp","7":"product_cat-personnalisation","8":"product_cat-plugins","9":"product_cat-wordpress-plugins","10":"product_tag-ocean-wp","11":"member-discount","12":"discount-restricted","14":"first","15":"instock","16":"sale","17":"downloadable","18":"virtual","19":"sold-individually","20":"purchasable","21":"product-type-simple"},"_links":{"self":[{"href":"https:\/\/gpl-love.com\/fr\/wp-json\/wp\/v2\/product\/134487","targetHints":{"allow":["GET"]}}],"collection":[{"href":"https:\/\/gpl-love.com\/fr\/wp-json\/wp\/v2\/product"}],"about":[{"href":"https:\/\/gpl-love.com\/fr\/wp-json\/wp\/v2\/types\/product"}],"replies":[{"embeddable":true,"href":"https:\/\/gpl-love.com\/fr\/wp-json\/wp\/v2\/comments?post=134487"}],"wp:featuredmedia":[{"embeddable":true,"href":"https:\/\/gpl-love.com\/fr\/wp-json\/wp\/v2\/media\/144837"}],"wp:attachment":[{"href":"https:\/\/gpl-love.com\/fr\/wp-json\/wp\/v2\/media?parent=134487"}],"wp:term":[{"taxonomy":"product_brand","embeddable":true,"href":"https:\/\/gpl-love.com\/fr\/wp-json\/wp\/v2\/product_brand?post=134487"},{"taxonomy":"product_cat","embeddable":true,"href":"https:\/\/gpl-love.com\/fr\/wp-json\/wp\/v2\/product_cat?post=134487"},{"taxonomy":"product_tag","embeddable":true,"href":"https:\/\/gpl-love.com\/fr\/wp-json\/wp\/v2\/product_tag?post=134487"}],"curies":[{"name":"wp","href":"https:\/\/api.w.org\/{rel}","templated":true}]}}