{"id":134485,"date":"2025-05-21T00:00:00","date_gmt":"2025-05-20T22:00:00","guid":{"rendered":"https:\/\/gpl-love.com\/fr\/produit\/oceanwp-cookie-notice\/"},"modified":"2026-04-10T18:34:58","modified_gmt":"2026-04-10T16:34:58","slug":"oceanwp-cookie-notice","status":"publish","type":"product","link":"https:\/\/gpl-love.com\/fr\/produit\/oceanwp-cookie-notice\/","title":{"rendered":"OceanWP Cookie Notice 2.2.1"},"content":{"rendered":"<h3>OceanWP Cookie Notice Traits<\/h3>\n<p>OceanWP Cookie Avis est un outil extr\u00eamement b\u00e9n\u00e9fique pour les propri\u00e9taires de sites Web qui souhaitent adh\u00e9rer aux lois sur la confidentialit\u00e9 en affichant un avis en \u00e9vidence concernant l&rsquo;utilisation des cookies sur leur site Web. Ce plugin exceptionnel peut \u00eatre install\u00e9 et adapt\u00e9 sans effort pour s&rsquo;aligner parfaitement sur la marque distinctive de votre site Web. Il englobe une pl\u00e9thore de fonctionnalit\u00e9s remarquables, englobant la possibilit\u00e9 de personnaliser le message, la couleur et les param\u00e8tres de position en fonction de vos pr\u00e9f\u00e9rences. De plus, il pr\u00e9sente une polyvalence remarquable en prenant en charge plusieurs langues et en offrant la possibilit\u00e9 d&rsquo;incorporer un lien vers une page de strat\u00e9gie cookie. En tirant parti des capacit\u00e9s remarquables de la notification des cookies OceanWP, les propri\u00e9taires de sites Web diligents peuvent s&rsquo;assurer que leurs visiteurs estim\u00e9s sont diligemment inform\u00e9s de l&#8217;emploi de cookies sur leur site estim\u00e9, renfor\u00e7ant ainsi leur capacit\u00e9 \u00e0 \u00e9tablir et \u00e0 favoriser un sentiment de confiance et de transparence in\u00e9branlables avec leur leur public exigeant.<\/p>\n<ul>\n<li>Fournit un avis de cookie personnalisable pour se conformer aux exigences du RGPD<\/li>\n<li>Offre plusieurs styles de consentement des cookies pour s&rsquo;adapter \u00e0 n&rsquo;importe quelle conception de site Web<\/li>\n<li>Permet aux utilisateurs de choisir les cookies qu&rsquo;ils souhaitent activer \/ d\u00e9sactiver<\/li>\n<li>Comprend une option pour que les utilisateurs acceptent automatiquement les cookies apr\u00e8s une p\u00e9riode de temps d\u00e9finie<\/li>\n<li>Compatible avec tous les th\u00e8mes OceanWP et la plupart des th\u00e8mes WordPress<\/li>\n<li>Facile \u00e0 utiliser et \u00e0 configurer sans aucune connaissance de codage requise<\/li>\n<li>Aide les propri\u00e9taires de sites Web \u00e0 \u00e9viter les amendes potentielles du RGPD pour la non-conformit\u00e9<\/li>\n<\/ul>\n","protected":false},"excerpt":{"rendered":"<p>Le plugin d&rsquo;avis OceanWP Cookie sert d&rsquo;outil efficace m\u00e9ticuleusement con\u00e7u pour aider les propri\u00e9taires de sites Web \u00e0 adh\u00e9rer aux lois sur les cookies appliqu\u00e9s par l&rsquo;Union europ\u00e9enne. Cet actif remarquable profite \u00e0 une notification de cookies enti\u00e8rement personnalisable, se manifestant habilement sur votre site Web estim\u00e9 chaque fois qu&rsquo;un visiteur orne ses domaines num\u00e9riques. Avec un processus d&rsquo;installation remarquablement simple \u00e0 votre disposition, vous avez la possibilit\u00e9 de pr\u00e9senter un message lucide et convivial pour les habitants de votre demeure virtuelle, en les appuyant avec diligence de l&#8217;emploi de cookies de votre site Web et en leur offrant la libert\u00e9 d&rsquo;adopter l&rsquo;adoption de l&rsquo;adoption de l&rsquo;adoption d&rsquo;adopter de l&rsquo;adoption de l&rsquo;une ou l&rsquo;autre adoption ou rejeter cette confection num\u00e9rique. Furthermore, this awe-inspiring plugin endows you with a myriad of design and style options, seamlessly harmonizing with the unique branding of your website and elevating its aesthetic allure to unprecedented heights, thereby ensuring meticulous compliance with the governing regulations and meticulously preserving an air of Professionnalisme tout au long de son int\u00e9gralit\u00e9.<\/p>\n","protected":false},"featured_media":144836,"comment_status":"open","ping_status":"open","template":"","meta":[],"product_brand":[2609],"product_cat":[1189,1181,1186],"product_tag":[1315],"class_list":{"0":"post-134485","1":"product","2":"type-product","3":"status-publish","4":"has-post-thumbnail","6":"product_brand-ocean-wp","7":"product_cat-personnalisation","8":"product_cat-plugins","9":"product_cat-wordpress-plugins","10":"product_tag-ocean-wp","11":"member-discount","12":"discount-restricted","14":"first","15":"instock","16":"sale","17":"downloadable","18":"virtual","19":"sold-individually","20":"purchasable","21":"product-type-simple"},"_links":{"self":[{"href":"https:\/\/gpl-love.com\/fr\/wp-json\/wp\/v2\/product\/134485","targetHints":{"allow":["GET"]}}],"collection":[{"href":"https:\/\/gpl-love.com\/fr\/wp-json\/wp\/v2\/product"}],"about":[{"href":"https:\/\/gpl-love.com\/fr\/wp-json\/wp\/v2\/types\/product"}],"replies":[{"embeddable":true,"href":"https:\/\/gpl-love.com\/fr\/wp-json\/wp\/v2\/comments?post=134485"}],"wp:featuredmedia":[{"embeddable":true,"href":"https:\/\/gpl-love.com\/fr\/wp-json\/wp\/v2\/media\/144836"}],"wp:attachment":[{"href":"https:\/\/gpl-love.com\/fr\/wp-json\/wp\/v2\/media?parent=134485"}],"wp:term":[{"taxonomy":"product_brand","embeddable":true,"href":"https:\/\/gpl-love.com\/fr\/wp-json\/wp\/v2\/product_brand?post=134485"},{"taxonomy":"product_cat","embeddable":true,"href":"https:\/\/gpl-love.com\/fr\/wp-json\/wp\/v2\/product_cat?post=134485"},{"taxonomy":"product_tag","embeddable":true,"href":"https:\/\/gpl-love.com\/fr\/wp-json\/wp\/v2\/product_tag?post=134485"}],"curies":[{"name":"wp","href":"https:\/\/api.w.org\/{rel}","templated":true}]}}