{"id":134483,"date":"2022-01-28T00:00:00","date_gmt":"2022-01-27T23:00:00","guid":{"rendered":"https:\/\/gpl-love.com\/fr\/produit\/noor-5-multipurpose-fully-customizable-creative-amp-theme\/"},"modified":"2026-04-10T18:34:47","modified_gmt":"2026-04-10T16:34:47","slug":"noor-5-multipurpose-fully-customizable-creative-amp-theme","status":"publish","type":"product","link":"https:\/\/gpl-love.com\/fr\/produit\/noor-5-multipurpose-fully-customizable-creative-amp-theme\/","title":{"rendered":"Noor 5 MultiPurpose et Fully Customizable Creative AMP Theme 5.8.3"},"content":{"rendered":"<h3>Noor 5 MultiPurpose et Fully Customizable Creative AMP Theme Traits<\/h3>\n<p>Noor 5, un th\u00e8me d&rsquo;ampli remarquablement polyvalent et remarquablement personnalisable, a \u00e9t\u00e9 ing\u00e9nieusement con\u00e7u pour r\u00e9pondre aux go\u00fbts exigeants des professionnels cr\u00e9atifs. Au-del\u00e0 de sa simple adaptabilit\u00e9, Noor 5 \u00e9tend son utilit\u00e9 \u00e0 travers une gamme de divers projets, allant des domaines intimement personnels des blogs \u00e0 la grandeur des sites Web d&rsquo;entreprise. De plus, ce th\u00e8me a \u00e9t\u00e9 finement r\u00e9gl\u00e9 pour optimiser pour la vitesse, garantissant que votre site Web provoquera sans effort une exp\u00e9rience de navigation transparente, d\u00e9pourvue de tout retard frustrant. L&rsquo;\u00e9clat de Noor 5 r\u00e9side non seulement dans sa fonctionnalit\u00e9, mais aussi dans la myriade de possibilit\u00e9s qu&rsquo;il pr\u00e9sente pour la personnalisation. Il vous permet d&rsquo;\u00e9laborer un domaine num\u00e9rique qui est adapt\u00e9 \u00e0 vos sp\u00e9cifications exactes, pour r\u00e9pondre \u00e0 la fois \u00e0 vos besoins et aux pr\u00e9f\u00e9rences. Que vous vous trouviez dans le r\u00f4le d&rsquo;un designer visionnaire ou d&rsquo;un d\u00e9veloppeur magistral, Noor 5 reste un choix sans pr\u00e9c\u00e9dent pour fa\u00e7onner un site Web impressionnant et haute performance qui \u00e9clipse sans effort ses rivaux.<\/p>\n<ul>\n<li>La technologie avanc\u00e9e des pages mobiles (AMP) garantit des vitesses de chargement de page rapide et une exp\u00e9rience utilisateur am\u00e9lior\u00e9e<\/li>\n<li>Conception hautement personnalisable avec plusieurs mod\u00e8les de d\u00e9monstration pour s&rsquo;adapter \u00e0 diverses industries et objectifs<\/li>\n<li>Le g\u00e9n\u00e9rateur de pages glisser-d\u00e9poser permet une cr\u00e9ation facile de dispositions et de conceptions personnalis\u00e9es<\/li>\n<li>La conception enti\u00e8rement r\u00e9active garantit que votre site Web a fi\u00e8re allure sur n&rsquo;importe quel appareil<\/li>\n<li>Int\u00e9gr\u00e9 \u00e0 des plugins populaires comme WooCommerce et Yoast SEO pour plus de fonctionnalit\u00e9s<\/li>\n<li>Le code HTML5 et CSS3 Assurez le code moderne, propre et efficace pour des performances optimales<\/li>\n<li>Construit avec les meilleures pratiques de r\u00e9f\u00e9rencement \u00e0 l&rsquo;esprit pour aider votre site Web \u00e0 se classer plus haut dans les moteurs de recherche<\/li>\n<li>\u00c9quipe d&rsquo;assistance d\u00e9di\u00e9e et documentation en ligne pour un soutien et des conseils suppl\u00e9mentaires sur l&rsquo;utilisation du th\u00e8me<\/li>\n<li>Mises \u00e0 jour r\u00e9guli\u00e8res et am\u00e9liorations de la compatibilit\u00e9 \u00e0 long terme avec les mises \u00e0 jour WordPress et les am\u00e9liorations<\/li>\n<li>Traduction pr\u00eate \u00e0 utiliser en plusieurs langues pour atteindre un public mondial.<\/li>\n<\/ul>\n","protected":false},"excerpt":{"rendered":"<p>Nous sommes ravis de pr\u00e9senter le th\u00e8me remarquable et global de noor 5, une r\u00e9ponse parfaite pour les personnes cherchant \u00e0 cr\u00e9er un site Web extraordinaire qui peut \u00eatre enti\u00e8rement adapt\u00e9 \u00e0 leurs pr\u00e9f\u00e9rences. B\u00e9n\u00e9ficiant d&rsquo;un design \u00e9l\u00e9gant et sophistiqu\u00e9 ainsi que des fonctionnalit\u00e9s r\u00e9volutionnaires, Noor 5 simplifie le processus de cr\u00e9ation d&rsquo;un site Web qui se distingue sans effort de la concurrence. Que vous soyez un blogueur enthousiaste, une cr\u00e9ative visionnaire ou un propri\u00e9taire d&rsquo;entreprise prosp\u00e8re, ce th\u00e8me exceptionnellement adaptable offre une gamme compl\u00e8te d&rsquo;outils et de ressources qui pr\u00e9senteront efficacement votre identit\u00e9 de marque unique et inciteront une client\u00e8le plus grande. Alors pourquoi en tarder davantage? \u00c9levez votre pr\u00e9sence en ligne et lancez-vous dans un voyage transformateur en embrassant les capacit\u00e9s in\u00e9gal\u00e9es de Noor 5 aujourd&rsquo;hui!<\/p>\n","protected":false},"featured_media":144824,"comment_status":"open","ping_status":"open","template":"","meta":[],"product_brand":[2433],"product_cat":[1214,1212,1213],"product_tag":[1366],"class_list":{"0":"post-134483","1":"product","2":"type-product","3":"status-publish","4":"has-post-thumbnail","6":"product_brand-themeforest","7":"product_cat-polyvalent","8":"product_cat-themes","9":"product_cat-wordpress-themes","10":"product_tag-themeforest","11":"member-discount","12":"discount-restricted","14":"first","15":"instock","16":"sale","17":"downloadable","18":"virtual","19":"sold-individually","20":"purchasable","21":"product-type-simple"},"_links":{"self":[{"href":"https:\/\/gpl-love.com\/fr\/wp-json\/wp\/v2\/product\/134483","targetHints":{"allow":["GET"]}}],"collection":[{"href":"https:\/\/gpl-love.com\/fr\/wp-json\/wp\/v2\/product"}],"about":[{"href":"https:\/\/gpl-love.com\/fr\/wp-json\/wp\/v2\/types\/product"}],"replies":[{"embeddable":true,"href":"https:\/\/gpl-love.com\/fr\/wp-json\/wp\/v2\/comments?post=134483"}],"wp:featuredmedia":[{"embeddable":true,"href":"https:\/\/gpl-love.com\/fr\/wp-json\/wp\/v2\/media\/144824"}],"wp:attachment":[{"href":"https:\/\/gpl-love.com\/fr\/wp-json\/wp\/v2\/media?parent=134483"}],"wp:term":[{"taxonomy":"product_brand","embeddable":true,"href":"https:\/\/gpl-love.com\/fr\/wp-json\/wp\/v2\/product_brand?post=134483"},{"taxonomy":"product_cat","embeddable":true,"href":"https:\/\/gpl-love.com\/fr\/wp-json\/wp\/v2\/product_cat?post=134483"},{"taxonomy":"product_tag","embeddable":true,"href":"https:\/\/gpl-love.com\/fr\/wp-json\/wp\/v2\/product_tag?post=134483"}],"curies":[{"name":"wp","href":"https:\/\/api.w.org\/{rel}","templated":true}]}}