{"id":134481,"date":"2022-12-28T00:00:00","date_gmt":"2022-12-27T23:00:00","guid":{"rendered":"https:\/\/gpl-love.com\/fr\/produit\/ninja-popups\/"},"modified":"2026-03-20T23:29:06","modified_gmt":"2026-03-20T22:29:06","slug":"ninja-popups","status":"publish","type":"product","link":"https:\/\/gpl-love.com\/fr\/produit\/ninja-popups\/","title":{"rendered":"Ninja Popups Popup Plugin pour WordPress 4.7.8"},"content":{"rendered":"<h3>Ninja Popups Popup Plugin pour WordPress Traits<\/h3>\n<p>Le plugin popup Ninja Popups pour WordPress est un outil extr\u00eamement puissant qui a la capacit\u00e9 d&rsquo;aider les propri\u00e9taires de sites Web \u00e0 am\u00e9liorer leurs taux de conversion. Avec une large s\u00e9lection de plus de 65 th\u00e8mes popup personnalisables, ce plugin exceptionnel permet aux utilisateurs de fabriquer des fen\u00eatres unique en son genre et captivantes qui captivent efficacement l&rsquo;attention des visiteurs et les incitent \u00e0 prendre des mesures imm\u00e9diates. Que votre objectif soit de promouvoir un nouveau produit ou service, \u00e9largir votre base d&rsquo;abonn\u00e9s par e-mail ou diminuer l&rsquo;abandon du chariot, soyez assur\u00e9 que le plugin popup ninja popups vous a compl\u00e8tement couvert. En outre, il propose un \u00e9ventail d&rsquo;options de ciblage avanc\u00e9es qui vous accordent la possibilit\u00e9 d&rsquo;afficher exclusivement des popups \u00e0 des visiteurs sp\u00e9cifiques en fonction de leur comportement distinct ou de leur emplacement g\u00e9ographique. Avec son interface intuitive et conviviale, coupl\u00e9e \u00e0 sa documentation compl\u00e8te, le plugin popup Ninja Popups pour WordPress se pr\u00e9sente sans aucun doute comme une solution optimale pour les individus qui s&rsquo;efforcent d&rsquo;amplifier les performances globales de leurs sites Web.<\/p>\n<ul>\n<li>Cr\u00e9ez des popups professionnels et accrocheurs pour votre site Web WordPress sans aucune comp\u00e9tence de codage<\/li>\n<li>Choisissez parmi une vari\u00e9t\u00e9 de mod\u00e8les pr\u00e9fabriqu\u00e9s ou personnalisez votre propre conception<\/li>\n<li>D\u00e9finissez des d\u00e9clencheurs tels que le d\u00e9filement, le d\u00e9lai ou la sortie de l&rsquo;intention de montrer vos fen\u00eatres contextuelles au bon moment<\/li>\n<li>Ajoutez tout type de contenu tel que des images, des vid\u00e9os, des formulaires de contact ou des boutons de m\u00e9dias sociaux<\/li>\n<li>Utilisez des tests A \/ B pour d\u00e9terminer quelles fen\u00eatres g\u00e9n\u00e8rent le plus de conversions<\/li>\n<li>Connectez-vous avec des services de marketing par e-mail populaires comme MailChimp ou Aweber pour d\u00e9velopper votre liste de diffusion<\/li>\n<li>Suivez vos performances avec des analyses et des rapports d\u00e9taill\u00e9s pour optimiser vos fen\u00eatres contextuelles<\/li>\n<li>Compatible avec n&rsquo;importe quel th\u00e8me WordPress ou constructeur de pages<\/li>\n<li>La conception r\u00e9active garantit que vos popups ont fi\u00e8re allure sur n&rsquo;importe quel appareil<\/li>\n<li>Mises \u00e0 jour r\u00e9guli\u00e8res et excellent support client de l&rsquo;\u00e9quipe Ninja.<\/li>\n<\/ul>\n","protected":false},"excerpt":{"rendered":"<p>Ninja Popups Popup Plugin, un plugin WordPress de haute qualit\u00e9, offre la capacit\u00e9 de g\u00e9n\u00e9rer des fen\u00eatres populaires visuellement captivantes et largement personnalisables, permettant un engagement efficace avec les visiteurs de votre site Web. Gr\u00e2ce \u00e0 son interface de glisser-d\u00e9poser, et une vaste collection de mod\u00e8les, vous pouvez concevoir sans effort des fen\u00eatres personnalis\u00e9es personnalis\u00e9es adapt\u00e9es \u00e0 diff\u00e9rentes pages, appareils et public cible. De plus, ce plugin s&rsquo;int\u00e8gre de mani\u00e8re transparente aux services de marketing par e-mail renomm\u00e9s, aux plateformes de commerce \u00e9lectronique et aux r\u00e9seaux de m\u00e9dias sociaux, facilitant ainsi l&rsquo;expansion de votre liste de diffusion, l&rsquo;am\u00e9lioration des conversions et l&rsquo;amplification de votre pr\u00e9sence en ligne. Le plugin popup Ninja Popups sert d&rsquo;instrument ultime pour fabriquer des popups percutants qui convertissent efficacement le trafic de votre site Web en clients d\u00e9vou\u00e9s.<\/p>\n","protected":false},"featured_media":144812,"comment_status":"open","ping_status":"open","template":"","meta":[],"product_brand":[2605],"product_cat":[1191,1181,1186],"product_tag":[1313],"class_list":{"0":"post-134481","1":"product","2":"type-product","3":"status-publish","4":"has-post-thumbnail","6":"product_brand-ninja-forms","7":"product_cat-formes","8":"product_cat-plugins","9":"product_cat-wordpress-plugins","10":"product_tag-ninja-forms","11":"member-discount","12":"discount-restricted","14":"first","15":"instock","16":"sale","17":"downloadable","18":"virtual","19":"sold-individually","20":"purchasable","21":"product-type-simple"},"_links":{"self":[{"href":"https:\/\/gpl-love.com\/fr\/wp-json\/wp\/v2\/product\/134481","targetHints":{"allow":["GET"]}}],"collection":[{"href":"https:\/\/gpl-love.com\/fr\/wp-json\/wp\/v2\/product"}],"about":[{"href":"https:\/\/gpl-love.com\/fr\/wp-json\/wp\/v2\/types\/product"}],"replies":[{"embeddable":true,"href":"https:\/\/gpl-love.com\/fr\/wp-json\/wp\/v2\/comments?post=134481"}],"wp:featuredmedia":[{"embeddable":true,"href":"https:\/\/gpl-love.com\/fr\/wp-json\/wp\/v2\/media\/144812"}],"wp:attachment":[{"href":"https:\/\/gpl-love.com\/fr\/wp-json\/wp\/v2\/media?parent=134481"}],"wp:term":[{"taxonomy":"product_brand","embeddable":true,"href":"https:\/\/gpl-love.com\/fr\/wp-json\/wp\/v2\/product_brand?post=134481"},{"taxonomy":"product_cat","embeddable":true,"href":"https:\/\/gpl-love.com\/fr\/wp-json\/wp\/v2\/product_cat?post=134481"},{"taxonomy":"product_tag","embeddable":true,"href":"https:\/\/gpl-love.com\/fr\/wp-json\/wp\/v2\/product_tag?post=134481"}],"curies":[{"name":"wp","href":"https:\/\/api.w.org\/{rel}","templated":true}]}}