{"id":134479,"date":"2024-07-11T00:00:00","date_gmt":"2024-07-10T22:00:00","guid":{"rendered":"https:\/\/gpl-love.com\/fr\/produit\/ninja-forms-pdf-form-submission\/"},"modified":"2026-04-10T18:34:22","modified_gmt":"2026-04-10T16:34:22","slug":"ninja-forms-pdf-form-submission","status":"publish","type":"product","link":"https:\/\/gpl-love.com\/fr\/produit\/ninja-forms-pdf-form-submission\/","title":{"rendered":"Ninja Forms PDF Form Submission 3.2.4"},"content":{"rendered":"<h3>Ninja Forms PDF Form Submission Traits<\/h3>\n<p>Les formulaires Ninja La soumission du formulaire PDF est un outil extr\u00eamement puissant qui accorde aux utilisateurs la possibilit\u00e9 de fabriquer et de soumettre des formulaires PDF sans effort. Ce produit remarquable permet aux utilisateurs de g\u00e9n\u00e9rer sans effort des formes personnalis\u00e9es et d&rsquo;amasser des informations de leur public cible. Le r\u00e9sultat final de l&rsquo;utilisation de cet outil ing\u00e9nieux est un document PDF impeccablement con\u00e7u qui peut \u00eatre diss\u00e9min\u00e9 et reproduit sans effort. Notamment, cet outil est un ajustement impeccable pour les entreprises, les organisations et les individus qui ont un besoin urgent de collecter rapidement et efficacement des informations. Gr\u00e2ce \u00e0 son interface conviviale et \u00e0 ses fonctionnalit\u00e9s de pointe, la soumission de formulaire PDF des formulaires Ninja constitue la solution par excellence pour toutes vos conditions de soumission de formulaire. Que votre objectif soit de recueillir les coordonn\u00e9es, les r\u00e9ponses \u00e0 l&rsquo;enqu\u00eate ou les paiements, cet outil extraordinaire englobe toutes les ressources n\u00e9cessaires pour rationaliser et am\u00e9liorer le processus, garantissant qu&rsquo;elle reste \u00e0 la fois simpliste et remarquablement efficace.<\/p>\n<ul>\n<li>Cr\u00e9ez rapidement et facilement des formulaires PDF en utilisant des formulaires ninja<\/li>\n<li>Permettez aux utilisateurs de soumettre des formulaires PDF remplis directement \u00e0 partir de votre site Web<\/li>\n<li>Personnalisez la conception et la disposition de vos formulaires PDF pour correspondre \u00e0 votre marque<\/li>\n<li>G\u00e9n\u00e9rez et livrer automatiquement des copies PDF des soumissions aux adresses e-mail d\u00e9sign\u00e9es<\/li>\n<li>Am\u00e9liorer la pr\u00e9cision des donn\u00e9es en collectant des informations dans un format structur\u00e9 et standardis\u00e9<\/li>\n<li>Minimiser les erreurs et les retards en \u00e9liminant le besoin de saisie manuelle des donn\u00e9es<\/li>\n<li>Gagnez du temps et am\u00e9liorez l&rsquo;efficacit\u00e9 en automatisant le processus de soumission de formulaire<\/li>\n<li>Suivre et surveiller les soumissions de formulaires avec de puissants outils d&rsquo;analyse<\/li>\n<li>Stocker et g\u00e9rer en toute s\u00e9curit\u00e9 les formulaires et les soumissions PDF sur votre site Web WordPress<\/li>\n<li>Configuration et int\u00e9gration faciles avec les formes Ninja et les plates-formes WordPress.<\/li>\n<\/ul>\n","protected":false},"excerpt":{"rendered":"<p>Les formes Ninja Formes PDF La soumission est un outil extr\u00eamement robuste et tr\u00e8s efficace qui vous donne le potentiel de fabriquer rapidement et sans effort des formes PDF utilisant des formes Ninja. Cet outil extraordinaire vous permet d&rsquo;accumuler des donn\u00e9es pertinentes des individus visitant votre site Web, puis engendrez ensuite automatiquement des formulaires PDF qui peuvent \u00eatre achet\u00e9s sans effort via le t\u00e9l\u00e9chargement et par la suite imprim\u00e9s. Cet outil ing\u00e9nieux est fait sur mesure pour un assortiment d&rsquo;entreprises et d&rsquo;organisations qui n\u00e9cessitent la collecte de donn\u00e9es cruciales de leur client\u00e8le estim\u00e9 ou de leurs utilisateurs. Que vous vous efforcez d&rsquo;amasser les commentaires des clients, de mener des enqu\u00eates compl\u00e8tes ou de capturer des informations de commande pivot, la solution pr\u00e9sent\u00e9e par la soumission de formulaire PDF des formulaires Ninja est le rem\u00e8de par excellence pour l&rsquo;optimisation et la rationalisation de votre processus de soumission de formulaire.<\/p>\n","protected":false},"featured_media":144789,"comment_status":"open","ping_status":"open","template":"","meta":[],"product_brand":[2605],"product_cat":[1191,1181,1186],"product_tag":[1313],"class_list":{"0":"post-134479","1":"product","2":"type-product","3":"status-publish","4":"has-post-thumbnail","6":"product_brand-ninja-forms","7":"product_cat-formes","8":"product_cat-plugins","9":"product_cat-wordpress-plugins","10":"product_tag-ninja-forms","11":"member-discount","12":"discount-restricted","14":"first","15":"instock","16":"sale","17":"downloadable","18":"virtual","19":"sold-individually","20":"purchasable","21":"product-type-simple"},"_links":{"self":[{"href":"https:\/\/gpl-love.com\/fr\/wp-json\/wp\/v2\/product\/134479","targetHints":{"allow":["GET"]}}],"collection":[{"href":"https:\/\/gpl-love.com\/fr\/wp-json\/wp\/v2\/product"}],"about":[{"href":"https:\/\/gpl-love.com\/fr\/wp-json\/wp\/v2\/types\/product"}],"replies":[{"embeddable":true,"href":"https:\/\/gpl-love.com\/fr\/wp-json\/wp\/v2\/comments?post=134479"}],"wp:featuredmedia":[{"embeddable":true,"href":"https:\/\/gpl-love.com\/fr\/wp-json\/wp\/v2\/media\/144789"}],"wp:attachment":[{"href":"https:\/\/gpl-love.com\/fr\/wp-json\/wp\/v2\/media?parent=134479"}],"wp:term":[{"taxonomy":"product_brand","embeddable":true,"href":"https:\/\/gpl-love.com\/fr\/wp-json\/wp\/v2\/product_brand?post=134479"},{"taxonomy":"product_cat","embeddable":true,"href":"https:\/\/gpl-love.com\/fr\/wp-json\/wp\/v2\/product_cat?post=134479"},{"taxonomy":"product_tag","embeddable":true,"href":"https:\/\/gpl-love.com\/fr\/wp-json\/wp\/v2\/product_tag?post=134479"}],"curies":[{"name":"wp","href":"https:\/\/api.w.org\/{rel}","templated":true}]}}