{"id":134477,"date":"2025-10-23T00:00:00","date_gmt":"2025-10-22T22:00:00","guid":{"rendered":"https:\/\/gpl-love.com\/fr\/produit\/newspaper-wordpress-theme\/"},"modified":"2026-03-20T23:28:02","modified_gmt":"2026-03-20T22:28:02","slug":"newspaper-wordpress-theme","status":"publish","type":"product","link":"https:\/\/gpl-love.com\/fr\/produit\/newspaper-wordpress-theme\/","title":{"rendered":"Newspaper WordPress Theme 12.7.3"},"content":{"rendered":"<h3>Newspaper WordPress Theme Traits<\/h3>\n<p>Le th\u00e8me WordPress du journal se pr\u00e9sente comme un mod\u00e8le innovant et convivial qui a \u00e9t\u00e9 sp\u00e9cifiquement con\u00e7u pour des sites Web d\u00e9di\u00e9s \u00e0 la publication de nouvelles et d&rsquo;articles. B\u00e9n\u00e9ficiant d&rsquo;une disposition \u00e9l\u00e9gante et intuitive, ce th\u00e8me permet efficacement aux utilisateurs de naviguer de mani\u00e8re transparente \u00e0 travers une myriade de cat\u00e9gories, les derni\u00e8res mises \u00e0 jour de nouvelles et les articles populaires. De plus, il offre une gamme d&rsquo;options de personnalisation, permettant aux propri\u00e9taires de sites Web d&rsquo;infuser leur propre identit\u00e9 et leur style dans leur site. D\u00e9moussant son engagement envers la vitesse et l&rsquo;optimisation des moteurs de recherche (SEO), ce th\u00e8me r\u00e9actif garantit que les temps de chargement de votre site Web sont optimis\u00e9s et qu&rsquo;il se classe favorablement sur les moteurs de recherche populaires. En plus de cela, il est \u00e9quip\u00e9 d&rsquo;espaces publicitaires int\u00e9gr\u00e9s et d&rsquo;options de mon\u00e9tisation, ce qui en fait le choix id\u00e9al pour les sites Web qui cherchent \u00e0 g\u00e9n\u00e9rer des revenus gr\u00e2ce \u00e0 des publicit\u00e9s. En r\u00e9sum\u00e9, le th\u00e8me WordPress du journal sert d&rsquo;outil inestimable qui vous permet d&rsquo;\u00e9tablir et de maintenir un site Web professionnel et captivant, en fin de compte de vos lecteurs constamment inform\u00e9s et \u00e0 jour.<\/p>\n<ul>\n<li>Con\u00e7u sp\u00e9cifiquement pour les journaux et les sites de nouvelles num\u00e9riques<\/li>\n<li>Enti\u00e8rement r\u00e9actif et convivial<\/li>\n<li>Disposition professionnelle et moderne<\/li>\n<li>Plusieurs options de jeu de couleurs<\/li>\n<li>Page d&rsquo;accueil personnalisable avec plusieurs options de mise en page<\/li>\n<li>Section des nouvelles en vedette sur la page d&rsquo;accueil<\/li>\n<li>Breaking News Ticker<\/li>\n<li>Options de placement publicitaire int\u00e9gr\u00e9<\/li>\n<li>Int\u00e9gration des m\u00e9dias sociaux<\/li>\n<li>Facile \u00e0 utiliser et \u00e0 personnaliser sans codage requis<\/li>\n<li>Compatible avec les plugins WordPress populaires<\/li>\n<\/ul>\n","protected":false},"excerpt":{"rendered":"<p>Le th\u00e8me WordPress du journal d&rsquo;entr\u00e9e, un choix de pointe et \u00e9l\u00e9gant pour les personnes cherchant \u00e0 \u00e9tablir une pr\u00e9sence en ligne sous la forme d&rsquo;un site Web de journaux ou de magazine, offre une multitude de fonctionnalit\u00e9s. Gr\u00e2ce \u00e0 sa premi\u00e8re page adaptable, on a la capacit\u00e9 d&rsquo;afficher ses nouvelles les plus importantes et ses articles notables d&rsquo;une mani\u00e8re qui captive l&rsquo;attention des t\u00e9l\u00e9spectateurs tout en offrant une exp\u00e9rience conviviale. De plus, ce th\u00e8me est \u00e9quip\u00e9 d&rsquo;une conception r\u00e9active, garantissant que votre contenu appara\u00eetra magnifiquement, quel que soit le dispositif \u00e0 partir de laquelle il est accessible. De plus, le th\u00e8me propose un \u00e9ventail de widgets et de codes short-friendly, permettant l&rsquo;int\u00e9gration sans effort de composants personnalis\u00e9s dans votre site Web sans la n\u00e9cessit\u00e9 de poss\u00e9der une expertise de codage. N&rsquo;h\u00e9sitez pas \u00e0 vous lancer dans ce voyage passionnant aujourd&rsquo;hui, car il vous permet de construire une plate-forme d&rsquo;information en ligne qui d\u00e9gage \u00e0 la fois la sophistication et le professionnalisme, gr\u00e2ce au merveilleux th\u00e8me WordPress du journal d&rsquo;entr\u00e9e.<\/p>\n","protected":false},"featured_media":144743,"comment_status":"open","ping_status":"open","template":"","meta":[],"product_brand":[2433],"product_cat":[1220,1212,1213],"product_tag":[1366],"class_list":{"0":"post-134477","1":"product","2":"type-product","3":"status-publish","4":"has-post-thumbnail","6":"product_brand-themeforest","7":"product_cat-blog-magazine","8":"product_cat-themes","9":"product_cat-wordpress-themes","10":"product_tag-themeforest","11":"member-discount","12":"discount-restricted","14":"first","15":"instock","16":"sale","17":"downloadable","18":"virtual","19":"sold-individually","20":"purchasable","21":"product-type-simple"},"_links":{"self":[{"href":"https:\/\/gpl-love.com\/fr\/wp-json\/wp\/v2\/product\/134477","targetHints":{"allow":["GET"]}}],"collection":[{"href":"https:\/\/gpl-love.com\/fr\/wp-json\/wp\/v2\/product"}],"about":[{"href":"https:\/\/gpl-love.com\/fr\/wp-json\/wp\/v2\/types\/product"}],"replies":[{"embeddable":true,"href":"https:\/\/gpl-love.com\/fr\/wp-json\/wp\/v2\/comments?post=134477"}],"wp:featuredmedia":[{"embeddable":true,"href":"https:\/\/gpl-love.com\/fr\/wp-json\/wp\/v2\/media\/144743"}],"wp:attachment":[{"href":"https:\/\/gpl-love.com\/fr\/wp-json\/wp\/v2\/media?parent=134477"}],"wp:term":[{"taxonomy":"product_brand","embeddable":true,"href":"https:\/\/gpl-love.com\/fr\/wp-json\/wp\/v2\/product_brand?post=134477"},{"taxonomy":"product_cat","embeddable":true,"href":"https:\/\/gpl-love.com\/fr\/wp-json\/wp\/v2\/product_cat?post=134477"},{"taxonomy":"product_tag","embeddable":true,"href":"https:\/\/gpl-love.com\/fr\/wp-json\/wp\/v2\/product_tag?post=134477"}],"curies":[{"name":"wp","href":"https:\/\/api.w.org\/{rel}","templated":true}]}}