{"id":134475,"date":"2022-03-01T00:00:00","date_gmt":"2022-02-28T23:00:00","guid":{"rendered":"https:\/\/gpl-love.com\/fr\/produit\/mythemeshop-video-wordpress-theme\/"},"modified":"2026-04-10T18:33:22","modified_gmt":"2026-04-10T16:33:22","slug":"mythemeshop-video-wordpress-theme","status":"publish","type":"product","link":"https:\/\/gpl-love.com\/fr\/produit\/mythemeshop-video-wordpress-theme\/","title":{"rendered":"MyThemeShop Video WordPress Theme 2.2.12"},"content":{"rendered":"<h3>MyThemeShop Video WordPress Theme Traits<\/h3>\n<p>Le th\u00e8me WordPress vid\u00e9o MyTheShop est un th\u00e8me incroyablement personnalisable et riche en fonctionnalit\u00e9s, avec un \u00e9ventail de fonctionnalit\u00e9s qui en font un choix id\u00e9al pour les personnes cherchant \u00e0 \u00e9tablir un site ou un blog professionnel et visuellement captivant. Avec son design \u00e9l\u00e9gant et contemporain, ce th\u00e8me sert de plate-forme optimale pour l&rsquo;exposition de contenu vid\u00e9o, offrant une vaste gamme de fonctionnalit\u00e9s avanc\u00e9es, y compris des lecteurs vid\u00e9o int\u00e9gr\u00e9s, des listes de lecture vid\u00e9o personnalisables et une prise en charge de services d&rsquo;h\u00e9bergement vid\u00e9o de renom comme YouTube et Vimeo. De plus, le th\u00e8me est \u00e9quip\u00e9 d&rsquo;une r\u00e9activit\u00e9 compl\u00e8te et d&rsquo;attributs adapt\u00e9s aux mobiles, garantissant que votre site Web maintient non seulement une fa\u00e7ade esth\u00e9tique, mais fonctionne \u00e9galement \u00e0 un niveau exceptionnel sur tous les appareils. Peu importe que vous vous classiez comme un blogueur, un vlogger ou un cr\u00e9ateur de contenu, le th\u00e8me WordPress vid\u00e9o MyTheShop est un outil incroyablement puissant et polyvalent qui a le potentiel de propulser votre site Web \u00e0 des hauteurs sans pr\u00e9c\u00e9dent.<\/p>\n<ul>\n<li>Conception enti\u00e8rement r\u00e9active qui s&rsquo;adapte \u00e0 toutes les r\u00e9solutions d&rsquo;\u00e9cran<\/li>\n<li>Curseur vid\u00e9o sur la page d&rsquo;accueil pour pr\u00e9senter vos vid\u00e9os les plus r\u00e9centes<\/li>\n<li>Lecteur vid\u00e9o int\u00e9gr\u00e9 avec support pour les vid\u00e9os YouTube, Vimeo et auto-h\u00e9berg\u00e9es<\/li>\n<li>Articles vid\u00e9o personnalisables avec des options pour ajouter des images d&rsquo;arri\u00e8re-plan, des descriptions et un contenu connexe<\/li>\n<li>Int\u00e9gration des m\u00e9dias sociaux pour le partage et la promotion faciles de vos vid\u00e9os<\/li>\n<li>Param\u00e8tres avanc\u00e9s pour l&rsquo;optimisation du r\u00e9f\u00e9rencement vid\u00e9o et des m\u00e9tadonn\u00e9es<\/li>\n<li>600+ polices Google au choix pour la personnalisation de la typographie<\/li>\n<li>Widgets personnalis\u00e9s pour afficher des vid\u00e9os populaires, des commentaires r\u00e9cents et des profils de m\u00e9dias sociaux<\/li>\n<li>Traduction pr\u00eate avec la prise en charge des plugins de traduction populaires<\/li>\n<li>Installation en un clic et configuration facile avec documentation d\u00e9taill\u00e9e et tutoriels vid\u00e9o.<\/li>\n<\/ul>\n","protected":false},"excerpt":{"rendered":"<p>Le th\u00e8me vid\u00e9o WordPress offert par MyTheShop est ind\u00e9niablement \u00e0 couper le souffle et d\u00e9gage un sentiment de professionnalisme id\u00e9al pour les sites Web visant \u00e0 afficher des vid\u00e9os captivantes. Sa r\u00e9activit\u00e9 compl\u00e8te garantit que votre site Web maintiendra son allure et ses fonctionnalit\u00e9s sur tous les types d&rsquo;appareils. Ce th\u00e8me poss\u00e8de une personnalisation sans effort, accordant aux utilisateurs la possibilit\u00e9 de modifier divers aspects tels que les couleurs, les polices et les arri\u00e8re-plans en fonction de leurs pr\u00e9f\u00e9rences. De plus, l&rsquo;inclusion d&rsquo;une fonctionnalit\u00e9 qui permet la pr\u00e9sentation de ses derni\u00e8res vid\u00e9os sur la page d&rsquo;accueil, en plus de la possibilit\u00e9 de cr\u00e9er des listes de lecture vid\u00e9o sans limites, augmente en outre l&rsquo;exp\u00e9rience utilisateur. Notamment, ce th\u00e8me est soigneusement optimis\u00e9 pour les moteurs de recherche, en veillant \u00e0 ce que vos vid\u00e9os attirent sans effort l&rsquo;attention de votre public souhait\u00e9. Pr\u00e9parez-vous \u00e0 vous lancer dans un voyage de fabrication d&rsquo;un site Web esth\u00e9tique et visuellement captivant \u00e0 l&rsquo;aide du th\u00e8me WordPress vid\u00e9o MyTheMeshop.<\/p>\n","protected":false},"featured_media":144702,"comment_status":"open","ping_status":"open","template":"","meta":[],"product_brand":[2601],"product_cat":[1242,1212,1213],"product_tag":[1309],"class_list":{"0":"post-134475","1":"product","2":"type-product","3":"status-publish","4":"has-post-thumbnail","6":"product_brand-my-theme-shop","7":"product_cat-creatif","8":"product_cat-themes","9":"product_cat-wordpress-themes","10":"product_tag-my-theme-shop","11":"member-discount","12":"discount-restricted","14":"first","15":"instock","16":"sale","17":"downloadable","18":"virtual","19":"sold-individually","20":"purchasable","21":"product-type-simple"},"_links":{"self":[{"href":"https:\/\/gpl-love.com\/fr\/wp-json\/wp\/v2\/product\/134475","targetHints":{"allow":["GET"]}}],"collection":[{"href":"https:\/\/gpl-love.com\/fr\/wp-json\/wp\/v2\/product"}],"about":[{"href":"https:\/\/gpl-love.com\/fr\/wp-json\/wp\/v2\/types\/product"}],"replies":[{"embeddable":true,"href":"https:\/\/gpl-love.com\/fr\/wp-json\/wp\/v2\/comments?post=134475"}],"wp:featuredmedia":[{"embeddable":true,"href":"https:\/\/gpl-love.com\/fr\/wp-json\/wp\/v2\/media\/144702"}],"wp:attachment":[{"href":"https:\/\/gpl-love.com\/fr\/wp-json\/wp\/v2\/media?parent=134475"}],"wp:term":[{"taxonomy":"product_brand","embeddable":true,"href":"https:\/\/gpl-love.com\/fr\/wp-json\/wp\/v2\/product_brand?post=134475"},{"taxonomy":"product_cat","embeddable":true,"href":"https:\/\/gpl-love.com\/fr\/wp-json\/wp\/v2\/product_cat?post=134475"},{"taxonomy":"product_tag","embeddable":true,"href":"https:\/\/gpl-love.com\/fr\/wp-json\/wp\/v2\/product_tag?post=134475"}],"curies":[{"name":"wp","href":"https:\/\/api.w.org\/{rel}","templated":true}]}}