{"id":134473,"date":"2026-03-02T00:00:00","date_gmt":"2026-03-01T23:00:00","guid":{"rendered":"https:\/\/gpl-love.com\/fr\/produit\/motors-automotive-car-dealership-car-rental-auto-classified-ads-listing-wordpress-theme\/"},"modified":"2026-04-10T18:32:09","modified_gmt":"2026-04-10T16:32:09","slug":"motors-automotive-car-dealership-car-rental-auto-classified-ads-listing-wordpress-theme","status":"publish","type":"product","link":"https:\/\/gpl-love.com\/fr\/produit\/motors-automotive-car-dealership-car-rental-auto-classified-ads-listing-wordpress-theme\/","title":{"rendered":"Motors Automotive Car Dealership Car Rental Auto Classified Ads Listing WordPress Theme 5.6.92"},"content":{"rendered":"<h3>Motors Automotive Car Dealership Car Rental Auto Classified Ads Listing WordPress Theme Traits<\/h3>\n<p>Le concessionnaire automobile Motors Auto-Auto Rental Auto Classified Ads Listing WordPress Le th\u00e8me, avec sa polyvalence et sa puissance, s&rsquo;av\u00e8re \u00eatre un atout inestimable pour les entreprises de l&rsquo;industrie automobile. Sa conception est flexible et ses fonctionnalit\u00e9s sont personnalisables, ce qui le rend adapt\u00e9 \u00e0 diverses fins telles que les sites Web de concessionnaires automobiles, les services de location de voitures et les annonces d&rsquo;annonces classifi\u00e9es en auto. La mise en place et l&rsquo;utilisation de ce th\u00e8me est un jeu d&rsquo;enfant en raison de sa nature conviviale, et il poss\u00e8de une pl\u00e9thore de fonctionnalit\u00e9s b\u00e9n\u00e9fiques, y compris un syst\u00e8me de r\u00e9servation int\u00e9gr\u00e9, des capacit\u00e9s de recherche avanc\u00e9es et une int\u00e9gration transparente avec les plateformes de m\u00e9dias sociaux. Que votre objectif soit d&rsquo;\u00e9tablir une pr\u00e9sence en ligne polie pour votre entreprise ou simplement d&rsquo;exposer votre inventaire \u00e9tendu, le th\u00e8me des moteurs est un choix exceptionnel et appropri\u00e9.<\/p>\n<ul>\n<li>Con\u00e7u sp\u00e9cifiquement pour les entreprises automobiles, telles que les concessionnaires automobiles, les agences de location de voitures et les listes d&rsquo;annonces classifi\u00e9es automobiles<\/li>\n<li>Propuls\u00e9 par WordPress, offrant une exp\u00e9rience conviviale et personnalisable<\/li>\n<li>Comprend divers d\u00e9mos et mod\u00e8les pr\u00e9-con\u00e7us pour choisir<\/li>\n<li>Prend en charge une large gamme de plugins, comme WooCommerce et Visual Composer<\/li>\n<li>Conception r\u00e9active et adapt\u00e9e aux mobiles pour s&rsquo;assurer que les clients peuvent acc\u00e9der \u00e0 votre site \u00e0 partir de n&rsquo;importe quel appareil ou emplacement<\/li>\n<li>Options de recherche et de filtre avanc\u00e9es int\u00e9gr\u00e9es pour aider les clients \u00e0 trouver ce qu&rsquo;ils recherchent rapidement<\/li>\n<li>Syst\u00e8me complet de r\u00e9servation et de r\u00e9servation pour la location de voitures ou les essais<\/li>\n<li>Permet une gestion facile des stocks et des listes de v\u00e9hicules, y compris des photos et des descriptions<\/li>\n<li>L&rsquo;int\u00e9gration avec les m\u00e9dias sociaux pour augmenter la visibilit\u00e9 et promouvoir votre entreprise<\/li>\n<li>Codage SEO-Friendly pour am\u00e9liorer le classement des moteurs de recherche et augmenter le trafic vers votre site.<\/li>\n<\/ul>\n","protected":false},"excerpt":{"rendered":"<p>Le concessionnaire automobile Motors Auto-Auto Location Auto Classifi\u00e9 Listing WordPress Th\u00e8me est un th\u00e8me incroyablement puissant et incroyablement polyvalent qui a \u00e9t\u00e9 sp\u00e9cialement con\u00e7u pour r\u00e9pondre aux personnes op\u00e9rant au sein de l&rsquo;industrie automobile. Ce th\u00e8me exceptionnel vous permet de cr\u00e9er et de g\u00e9rer m\u00e9ticuleusement votre propre concessionnaire automobile, la location de voitures ou m\u00eame un site Web de publicit\u00e9 classifi\u00e9 automatique. Le th\u00e8me lui-m\u00eame poss\u00e8de un \u00e9ventail impressionnant de fonctionnalit\u00e9s, tels que des filtres de recherche hautement avanc\u00e9s, des types de publication personnalis\u00e9s d\u00e9sign\u00e9s sp\u00e9cifiquement pour les voitures et les concessionnaires, ainsi qu&rsquo;une multitude de dispositions de page d&rsquo;accueil diverses qui sont garanties pour illustrer et mettre en \u00e9vidence efficacement votre inventaire approfondi. De plus, gr\u00e2ce \u00e0 sa conception pleinement r\u00e9active, ce th\u00e8me maintient sans effort son apparence visuellement \u00e9tonnante sur tous les appareils, tout en optimisant simultan\u00e9ment ses capacit\u00e9s de r\u00e9f\u00e9rencement pour g\u00e9n\u00e9rer avec succ\u00e8s un volume accru de trafic directement vers votre site Web estim\u00e9. Par cons\u00e9quent, que vous aspirez \u00e0 inaugurer un tout nouveau concessionnaire automobile ou que vous vous efforcez simplement d&rsquo;am\u00e9liorer davantage un site Web li\u00e9 \u00e0 l&rsquo;auto, le th\u00e8me des moteurs repr\u00e9sente ind\u00e9niablement la solution ultime pour tous vos besoins et vos d\u00e9sirs.<\/p>\n","protected":false},"featured_media":144592,"comment_status":"open","ping_status":"open","template":"","meta":[],"product_brand":[2433],"product_cat":[1238,1851,1212],"product_tag":[1366],"class_list":{"0":"post-134473","1":"product","2":"type-product","3":"status-publish","4":"has-post-thumbnail","6":"product_brand-themeforest","7":"product_cat-commerce-electronique-themes","8":"product_cat-entreprise-commerce-electronique-themes","9":"product_cat-themes","10":"product_tag-themeforest","11":"member-discount","12":"discount-restricted","14":"first","15":"instock","16":"sale","17":"downloadable","18":"virtual","19":"sold-individually","20":"purchasable","21":"product-type-simple"},"_links":{"self":[{"href":"https:\/\/gpl-love.com\/fr\/wp-json\/wp\/v2\/product\/134473","targetHints":{"allow":["GET"]}}],"collection":[{"href":"https:\/\/gpl-love.com\/fr\/wp-json\/wp\/v2\/product"}],"about":[{"href":"https:\/\/gpl-love.com\/fr\/wp-json\/wp\/v2\/types\/product"}],"replies":[{"embeddable":true,"href":"https:\/\/gpl-love.com\/fr\/wp-json\/wp\/v2\/comments?post=134473"}],"wp:featuredmedia":[{"embeddable":true,"href":"https:\/\/gpl-love.com\/fr\/wp-json\/wp\/v2\/media\/144592"}],"wp:attachment":[{"href":"https:\/\/gpl-love.com\/fr\/wp-json\/wp\/v2\/media?parent=134473"}],"wp:term":[{"taxonomy":"product_brand","embeddable":true,"href":"https:\/\/gpl-love.com\/fr\/wp-json\/wp\/v2\/product_brand?post=134473"},{"taxonomy":"product_cat","embeddable":true,"href":"https:\/\/gpl-love.com\/fr\/wp-json\/wp\/v2\/product_cat?post=134473"},{"taxonomy":"product_tag","embeddable":true,"href":"https:\/\/gpl-love.com\/fr\/wp-json\/wp\/v2\/product_tag?post=134473"}],"curies":[{"name":"wp","href":"https:\/\/api.w.org\/{rel}","templated":true}]}}