{"id":134471,"date":"2025-07-23T00:00:00","date_gmt":"2025-07-22T22:00:00","guid":{"rendered":"https:\/\/gpl-love.com\/fr\/produit\/monsterinsights-business\/"},"modified":"2026-04-10T18:32:01","modified_gmt":"2026-04-10T16:32:01","slug":"monsterinsights-plus-business","status":"publish","type":"product","link":"https:\/\/gpl-love.com\/fr\/produit\/monsterinsights-plus-business\/","title":{"rendered":"MonsterInsights Plus 9.6.0"},"content":{"rendered":"<h3>MonsterInsights Plus Traits<\/h3>\n<p>MonsterInsights Plus n&rsquo;est pas n&rsquo;importe quel plugin WordPress ordinaire; Il s&rsquo;agit d&rsquo;un outil incroyablement puissant qui permet aux propri\u00e9taires de sites Web une pl\u00e9thore d&rsquo;analyses avanc\u00e9es et d&rsquo;informations sur les donn\u00e9es. Ce plugin poss\u00e8de une interface remarquablement conviviale et permet de cr\u00e9er des rapports enti\u00e8rement personnalisables, ce qui rend le jeu d&rsquo;enfant pour les entreprises de suivre avec diligence le trafic de leur site Web, de comprendre sans effort le comportement des utilisateurs et d&rsquo;optimiser efficacement leur pr\u00e9sence en ligne pour atteindre un succ\u00e8s sans pr\u00e9c\u00e9dent. En plus de ses fonctionnalit\u00e9s remarquables, ce plugin propose une vaste gamme de fonctionnalit\u00e9s qui r\u00e9pondent aux divers besoins des entreprises, y compris l&rsquo;analyse en temps r\u00e9el, le suivi du commerce \u00e9lectronique, les dimensions personnalis\u00e9es et le suivi de l&rsquo;ampli Google. En outre, les capacit\u00e9s d&rsquo;int\u00e9gration exceptionnelles de MonsterInsights Plus avec des outils de marketing populaires tels que Google Ads et les publicit\u00e9s Facebook offrent aux entreprises la possibilit\u00e9 de prendre des d\u00e9cisions m\u00e9ticuleusement bas\u00e9es sur les donn\u00e9es qui donnent incontestablement les conversions et am\u00e9liorent consid\u00e9rablement leur r\u00e9sultat net. En conclusion, MonsterInsights Plus est sans \u00e9quivoque un outil indispensable qu&rsquo;aucune entreprise ne peut se permettre d&rsquo;ignorer s&rsquo;ils aspirent \u00e0 obtenir une compr\u00e9hension profonde de leur public et par cons\u00e9quent prendre des d\u00e9cisions exceptionnellement bien inform\u00e9es relatives \u00e0 leur strat\u00e9gie en ligne.<\/p>\n<ul>\n<li>Fournit des fonctionnalit\u00e9s avanc\u00e9es de suivi et de rapport pour votre site Web WordPress<\/li>\n<li>Vous donne acc\u00e8s \u00e0 des informations d\u00e9taill\u00e9es sur vos visiteurs, y compris la d\u00e9mographie, les int\u00e9r\u00eats et le comportement<\/li>\n<li>Le tableau de bord facile \u00e0 utiliser vous permet de visualiser et d&rsquo;analyser vos donn\u00e9es en un seul endroit<\/li>\n<li>S&rsquo;int\u00e8gre \u00e0 des outils de marketing populaires comme Google Analytics, WooCommerce et Gravity Forms<\/li>\n<li>Offre le suivi en temps r\u00e9el du trafic de votre site Web et de l&rsquo;activit\u00e9 utilisateur<\/li>\n<li>Vous permet de configurer un suivi personnalis\u00e9 pour des \u00e9v\u00e9nements ou des actions sp\u00e9cifiques sur votre site<\/li>\n<li>Fournit des rapports de messagerie automatique pour vous tenir au courant des performances et des tendances de votre site Web<\/li>\n<li>Support premium de l&rsquo;\u00e9quipe MonsterInsights incluse avec votre abonnement<\/li>\n<li>Options d&rsquo;abonnement annuelles ou mensuelles pour r\u00e9pondre \u00e0 votre budget et \u00e0 vos besoins<\/li>\n<li>Mises \u00e0 jour et am\u00e9liorations continues pour maintenir le suivi de votre site \u00e0 jour avec les derni\u00e8res technologies<\/li>\n<\/ul>\n","protected":false},"excerpt":{"rendered":"<p>MonsterInsights Plus, un plugin incroyablement robuste, \u00e9tablit une connexion transparente entre votre site Web WordPress et Google Analytics. Cette int\u00e9gration vous donne des analyses compl\u00e8tes et complexes des mod\u00e8les de trafic et des actions des utilisateurs de votre site Web. \u00c9quip\u00e9 de fonctionnalit\u00e9s avanc\u00e9es telles que les dimensions personnalis\u00e9es et le suivi des \u00e9v\u00e9nements, le suivi am\u00e9lior\u00e9 du commerce \u00e9lectronique et les capacit\u00e9s de test A \/ B, ainsi que les services de support premium, MonsterInsights Plus sert d&rsquo;outil inestimable pour optimiser les performances globales de votre site Web et maximiser votre retour sur investissement. Que vous soyez un propri\u00e9taire de petite entreprise ou un sp\u00e9cialiste du marketing num\u00e9rique, MonsterInsights et d\u00e9passe toutes les autres solutions d&rsquo;analyse, ce qui en fait le choix d\u00e9finitif pour les utilisateurs de WordPress.<\/p>\n","protected":false},"featured_media":144584,"comment_status":"open","ping_status":"closed","template":"","meta":[],"product_brand":[2595],"product_cat":[1207,1181,1186],"product_tag":[1305],"class_list":{"0":"post-134471","1":"product","2":"type-product","3":"status-publish","4":"has-post-thumbnail","6":"product_brand-monsterinsights","7":"product_cat-commercialisation-wordpress-plugins","8":"product_cat-plugins","9":"product_cat-wordpress-plugins","10":"product_tag-monsterinsights","11":"member-discount","12":"discount-restricted","14":"first","15":"instock","16":"sale","17":"downloadable","18":"virtual","19":"sold-individually","20":"purchasable","21":"product-type-simple"},"_links":{"self":[{"href":"https:\/\/gpl-love.com\/fr\/wp-json\/wp\/v2\/product\/134471","targetHints":{"allow":["GET"]}}],"collection":[{"href":"https:\/\/gpl-love.com\/fr\/wp-json\/wp\/v2\/product"}],"about":[{"href":"https:\/\/gpl-love.com\/fr\/wp-json\/wp\/v2\/types\/product"}],"replies":[{"embeddable":true,"href":"https:\/\/gpl-love.com\/fr\/wp-json\/wp\/v2\/comments?post=134471"}],"wp:featuredmedia":[{"embeddable":true,"href":"https:\/\/gpl-love.com\/fr\/wp-json\/wp\/v2\/media\/144584"}],"wp:attachment":[{"href":"https:\/\/gpl-love.com\/fr\/wp-json\/wp\/v2\/media?parent=134471"}],"wp:term":[{"taxonomy":"product_brand","embeddable":true,"href":"https:\/\/gpl-love.com\/fr\/wp-json\/wp\/v2\/product_brand?post=134471"},{"taxonomy":"product_cat","embeddable":true,"href":"https:\/\/gpl-love.com\/fr\/wp-json\/wp\/v2\/product_cat?post=134471"},{"taxonomy":"product_tag","embeddable":true,"href":"https:\/\/gpl-love.com\/fr\/wp-json\/wp\/v2\/product_tag?post=134471"}],"curies":[{"name":"wp","href":"https:\/\/api.w.org\/{rel}","templated":true}]}}