{"id":134467,"date":"2023-08-25T00:00:00","date_gmt":"2023-08-24T22:00:00","guid":{"rendered":"https:\/\/gpl-love.com\/fr\/produit\/monsterinsights-google-optimize-addon\/"},"modified":"2026-04-10T18:31:58","modified_gmt":"2026-04-10T16:31:58","slug":"monsterinsights-google-optimize-addon","status":"publish","type":"product","link":"https:\/\/gpl-love.com\/fr\/produit\/monsterinsights-google-optimize-addon\/","title":{"rendered":"MonsterInsights Google Optimize Addon 1.6.0"},"content":{"rendered":"<h3>MonsterInsights Google Optimize Addon Traits<\/h3>\n<p>Les monstressits google optimisent Addon, un outil extr\u00eamement puissant, offre aux propri\u00e9taires de sites Web la capacit\u00e9 d&rsquo;optimiser leur site Web pour obtenir des performances am\u00e9lior\u00e9es. Cet addon a \u00e9t\u00e9 m\u00e9ticuleusement con\u00e7u pour s&rsquo;int\u00e9grer de mani\u00e8re transparente \u00e0 Google Optimize, accordant ainsi aux utilisateurs la commodit\u00e9 de cr\u00e9er et de g\u00e9rer sans effort des exp\u00e9riences pour leur site Web. \u00c9quip\u00e9s de cet addon, les utilisateurs peuvent suivre efficacement les performances de leur site Web, exp\u00e9rimenter avec divers \u00e9l\u00e9ments de conception et baser leurs d\u00e9cisions sur des informations bas\u00e9es sur les donn\u00e9es pour \u00e9lever l&rsquo;exp\u00e9rience utilisateur de leur site Web. Notamment, cet addon offre des fonctionnalit\u00e9s d&rsquo;analyse et de rapport formidables, ce qui permet aux utilisateurs de surveiller vigilant la progression de leurs exp\u00e9riences et de faire des ajustements n\u00e9cessaires. Que vous vous trouviez dans le domaine de la propri\u00e9t\u00e9 des petites entreprises ou du vaste domaine des entreprises, les monstres-ouvriers Google optimisent incontestablement un outil indispensable pour optimiser votre site Web et favoriser l&rsquo;engagement accru des utilisateurs.<\/p>\n<ul>\n<li>Int\u00e9grez de mani\u00e8re transparente vos donn\u00e9es d&rsquo;analyse MonsteriNsights avec Google Optimiser<\/li>\n<li>Optimisez votre site Web pour la meilleure exp\u00e9rience utilisateur possible avec des tests A \/ B faciles<\/li>\n<li>Cr\u00e9ez rapidement et facilement des exp\u00e9riences personnalis\u00e9es pour tester diff\u00e9rentes variations de votre site Web<\/li>\n<li>Suivez et analysez les r\u00e9sultats de vos exp\u00e9riences avec des outils de rapports puissants et faciles \u00e0 utiliser<\/li>\n<li>Gagnez du temps et augmentez l&rsquo;efficacit\u00e9 avec un flux de travail rationalis\u00e9 qui vous permet de vous concentrer sur l&rsquo;optimisation de votre site Web<\/li>\n<li>Obtenez des informations en temps r\u00e9el sur la fa\u00e7on dont les utilisateurs interagissent avec votre site Web et prenez des d\u00e9cisions inform\u00e9es et bas\u00e9es sur les donn\u00e9es<\/li>\n<li>Am\u00e9liorez vos taux de conversion et augmentez vos r\u00e9sultats avec des optimisations cibl\u00e9es et efficaces<\/li>\n<li>Acc\u00e9dez \u00e0 la soutien et aux conseils d&rsquo;experts de l&rsquo;\u00e9quipe MonsterInsights pour vous aider \u00e0 maximiser vos r\u00e9sultats.<\/li>\n<\/ul>\n","protected":false},"excerpt":{"rendered":"<p>Le MonsterInsights Google Optimize Addon est un outil incroyablement robuste et efficace qui vous permet d&rsquo;am\u00e9liorer sans effort l&rsquo;exp\u00e9rience utilisateur de votre site Web et de conduire les conversions en nouveaux sommets. Cet addon remarquable int\u00e8gre de mani\u00e8re transparente votre compte Google Optimize avec votre site WordPress, vous permettant de g\u00e9n\u00e9rer et d&rsquo;\u00e9valuer sans effort des variations diverses de vos pages Web, contenu et fonctionnalit\u00e9s. Que votre objectif principal tourne autour de l&rsquo;am\u00e9lioration du taux de conversion de votre site, de la promotion d&rsquo;un plus grand engagement ou du renforcement de vos efforts de r\u00e9f\u00e9rencement, ce plugin appara\u00eet ind\u00e9niablement comme la solution ultime pour optimiser votre site Web avec une facilit\u00e9 in\u00e9gal\u00e9e. Alors pourquoi tarder plus longtemps? Acqu\u00e9rir les MonsterInsights Google Optimiser Addon aujourd&rsquo;hui et lancez le parcours transformateur de transformer votre site Web en une puissance extraordinairement performante et conviviale.<\/p>\n","protected":false},"featured_media":144580,"comment_status":"open","ping_status":"open","template":"","meta":[],"product_brand":[2595],"product_cat":[1207,1181,1186],"product_tag":[1305],"class_list":{"0":"post-134467","1":"product","2":"type-product","3":"status-publish","4":"has-post-thumbnail","6":"product_brand-monsterinsights","7":"product_cat-commercialisation-wordpress-plugins","8":"product_cat-plugins","9":"product_cat-wordpress-plugins","10":"product_tag-monsterinsights","11":"member-discount","12":"discount-restricted","14":"first","15":"instock","16":"sale","17":"downloadable","18":"virtual","19":"sold-individually","20":"purchasable","21":"product-type-simple"},"_links":{"self":[{"href":"https:\/\/gpl-love.com\/fr\/wp-json\/wp\/v2\/product\/134467","targetHints":{"allow":["GET"]}}],"collection":[{"href":"https:\/\/gpl-love.com\/fr\/wp-json\/wp\/v2\/product"}],"about":[{"href":"https:\/\/gpl-love.com\/fr\/wp-json\/wp\/v2\/types\/product"}],"replies":[{"embeddable":true,"href":"https:\/\/gpl-love.com\/fr\/wp-json\/wp\/v2\/comments?post=134467"}],"wp:featuredmedia":[{"embeddable":true,"href":"https:\/\/gpl-love.com\/fr\/wp-json\/wp\/v2\/media\/144580"}],"wp:attachment":[{"href":"https:\/\/gpl-love.com\/fr\/wp-json\/wp\/v2\/media?parent=134467"}],"wp:term":[{"taxonomy":"product_brand","embeddable":true,"href":"https:\/\/gpl-love.com\/fr\/wp-json\/wp\/v2\/product_brand?post=134467"},{"taxonomy":"product_cat","embeddable":true,"href":"https:\/\/gpl-love.com\/fr\/wp-json\/wp\/v2\/product_cat?post=134467"},{"taxonomy":"product_tag","embeddable":true,"href":"https:\/\/gpl-love.com\/fr\/wp-json\/wp\/v2\/product_tag?post=134467"}],"curies":[{"name":"wp","href":"https:\/\/api.w.org\/{rel}","templated":true}]}}