{"id":134465,"date":"2024-09-30T00:00:00","date_gmt":"2024-09-29T22:00:00","guid":{"rendered":"https:\/\/gpl-love.com\/fr\/produit\/monsterinsights-forms-tracking-addon\/"},"modified":"2026-04-10T18:31:57","modified_gmt":"2026-04-10T16:31:57","slug":"monsterinsights-forms-tracking-addon","status":"publish","type":"product","link":"https:\/\/gpl-love.com\/fr\/produit\/monsterinsights-forms-tracking-addon\/","title":{"rendered":"MonsterInsights Forms Tracking Addon 2.3.3"},"content":{"rendered":"<h3>MonsterInsights Forms Tracking Addon Traits<\/h3>\n<p>Le MonsterInsights Forms Tracking Addon, un outil incroyablement puissant, offre la possibilit\u00e9 de suivre les soumissions de formulaires sur un site Web. Int\u00e9gr\u00e9 de mani\u00e8re transparente au plugin MonsterInSights Google Analytics largement utilis\u00e9, cet addon vous fournit des donn\u00e9es compl\u00e8tes et complexes concernant les interactions des visiteurs avec les formulaires de votre site Web. En utilisant cet addon inestimable, vous pouvez surveiller sans effort la quantit\u00e9 de soumissions de formulaire, de taux de conversion et de diverses autres mesures vitales. En cons\u00e9quence, vous pouvez acqu\u00e9rir une compr\u00e9hension profonde des performances de votre site Web, vous permettant de prendre des d\u00e9cisions \u00e9clair\u00e9es en fonction des donn\u00e9es pour am\u00e9liorer son efficacit\u00e9. Que vous exploitez une boutique en ligne, un site Web de g\u00e9n\u00e9ration de leads ou tout autre type de site qui int\u00e8gre des formulaires, les formulaires MonsterInsights Addon sont un outil indispensable pour optimiser votre pr\u00e9sence en ligne.<\/p>\n<ul>\n<li>Suit le comportement de l&rsquo;utilisateur sur chaque soumission de formulaire<\/li>\n<li>Fournit des rapports d\u00e9taill\u00e9s sur les soumissions et conversions de formulaires<\/li>\n<li>Aide \u00e0 identifier les formulaires sous-performants et \u00e0 les optimiser pour de meilleurs r\u00e9sultats<\/li>\n<li>S&rsquo;int\u00e8gre parfaitement aux plugins de formulaires populaires comme les formulaires de gravit\u00e9, le formulaire de contact 7, etc.<\/li>\n<li>Offre des statistiques et des alertes en temps r\u00e9el pour les soumissions de nouvelles formulaires<\/li>\n<li>Compatible avec Google Analytics et Google Tag Manager pour un suivi pr\u00e9cis<\/li>\n<li>Facile \u00e0 configurer et ne n\u00e9cessite aucune connaissance de codage<\/li>\n<li>Peut \u00eatre utilis\u00e9 sur plusieurs sites Web avec un seul abonnement<\/li>\n<li>Fournit un support prioritaire et des mises \u00e0 jour r\u00e9guli\u00e8res pour assurer des performances en douceur<\/li>\n<\/ul>\n","protected":false},"excerpt":{"rendered":"<p>L&rsquo;addition de suivi des formulaires MonsterInsights offre une solution conviviale et pratique pour surveiller les interactions utilisateur sur les formulaires pr\u00e9sents sur votre site Web. Cet outil tr\u00e8s efficace s&rsquo;int\u00e8gre de mani\u00e8re transparente avec des plugins de formulaires bien connus tels que les formulaires de gravit\u00e9 et le formulaire de contact 7, facilitant une analyse approfondie des taux d&rsquo;ach\u00e8vement des formulaires, des conversions et diverses autres mesures cruciales. En tirant parti des capacit\u00e9s des formulaires MonsterInsights Addon, vous pouvez am\u00e9liorer efficacement les performances de vos formulaires et acqu\u00e9rir des informations inestimables concernant le comportement des utilisateurs sur votre site Web. Par cons\u00e9quent, cet outil pr\u00e9cieux s&rsquo;av\u00e8re d\u00e9terminant dans l&rsquo;optimisation des performances globales de votre site Web et l&rsquo;am\u00e9lioration de l&rsquo;exp\u00e9rience utilisateur globale.<\/p>\n","protected":false},"featured_media":144579,"comment_status":"open","ping_status":"open","template":"","meta":[],"product_brand":[2595],"product_cat":[1191,1181,1186],"product_tag":[1305],"class_list":{"0":"post-134465","1":"product","2":"type-product","3":"status-publish","4":"has-post-thumbnail","6":"product_brand-monsterinsights","7":"product_cat-formes","8":"product_cat-plugins","9":"product_cat-wordpress-plugins","10":"product_tag-monsterinsights","11":"member-discount","12":"discount-restricted","14":"first","15":"instock","16":"sale","17":"downloadable","18":"virtual","19":"sold-individually","20":"purchasable","21":"product-type-simple"},"_links":{"self":[{"href":"https:\/\/gpl-love.com\/fr\/wp-json\/wp\/v2\/product\/134465","targetHints":{"allow":["GET"]}}],"collection":[{"href":"https:\/\/gpl-love.com\/fr\/wp-json\/wp\/v2\/product"}],"about":[{"href":"https:\/\/gpl-love.com\/fr\/wp-json\/wp\/v2\/types\/product"}],"replies":[{"embeddable":true,"href":"https:\/\/gpl-love.com\/fr\/wp-json\/wp\/v2\/comments?post=134465"}],"wp:featuredmedia":[{"embeddable":true,"href":"https:\/\/gpl-love.com\/fr\/wp-json\/wp\/v2\/media\/144579"}],"wp:attachment":[{"href":"https:\/\/gpl-love.com\/fr\/wp-json\/wp\/v2\/media?parent=134465"}],"wp:term":[{"taxonomy":"product_brand","embeddable":true,"href":"https:\/\/gpl-love.com\/fr\/wp-json\/wp\/v2\/product_brand?post=134465"},{"taxonomy":"product_cat","embeddable":true,"href":"https:\/\/gpl-love.com\/fr\/wp-json\/wp\/v2\/product_cat?post=134465"},{"taxonomy":"product_tag","embeddable":true,"href":"https:\/\/gpl-love.com\/fr\/wp-json\/wp\/v2\/product_tag?post=134465"}],"curies":[{"name":"wp","href":"https:\/\/api.w.org\/{rel}","templated":true}]}}