{"id":134461,"date":"2024-04-17T00:00:00","date_gmt":"2024-04-16T22:00:00","guid":{"rendered":"https:\/\/gpl-love.com\/fr\/produit\/monsterinsights-eu-compliance-addon\/"},"modified":"2026-04-10T18:31:55","modified_gmt":"2026-04-10T16:31:55","slug":"monsterinsights-eu-compliance-addon","status":"publish","type":"product","link":"https:\/\/gpl-love.com\/fr\/produit\/monsterinsights-eu-compliance-addon\/","title":{"rendered":"MonsterInsights EU Compliance Addon 2.3.2"},"content":{"rendered":"<h3>MonsterInsights EU Compliance Addon Traits<\/h3>\n<p>L&rsquo;addon de conformit\u00e9 de l&rsquo;UE Monsterinsights est un plugin exceptionnellement efficace qui garantit la conformit\u00e9 de votre site Web avec les r\u00e9glementations strictes \u00e9nonc\u00e9es par le r\u00e8glement g\u00e9n\u00e9ral de protection des donn\u00e9es de l&rsquo;Union europ\u00e9enne (RGPD). Ce plugin remarquable offre une gamme diversifi\u00e9e de fonctionnalit\u00e9s compl\u00e8tes qui facilitent la surveillance des activit\u00e9s des utilisateurs, la collecte du consentement pour les cookies, l&rsquo;anonymisation des adresses IP et la gestion des calendriers de r\u00e9tention des donn\u00e9es. Avec son interface hautement intuitive et ses outils conviviaux, ce plugin permet la personnalisation transparente des param\u00e8tres de suivi pour s&rsquo;aligner parfaitement avec vos besoins sp\u00e9cifiques, tout en vous gardant simultan\u00e9ment \u00e0 jour sur toutes les modifications qui peuvent avoir un impact sur votre statut de conformit\u00e9. Que vous soyez exploit\u00e9 une entreprise \u00e0 petite \u00e9chelle ou une vaste entit\u00e9 d&rsquo;entreprise, l&rsquo;addon de la conformit\u00e9 Monsterinsights UE sert de solution par excellence pour assurer la maintenance de la conformit\u00e9 du RGPD, garantissant ainsi la confidentialit\u00e9 des visiteurs de votre site Web et leurs donn\u00e9es inestimables.<\/p>\n<ul>\n<li>Assure le respect des r\u00e9glementations de la protection des donn\u00e9es de l&rsquo;UE<\/li>\n<li>Offre des formulaires de consentement des cookies personnalisables pour les visiteurs de l&rsquo;UE<\/li>\n<li>Permet aux utilisateurs d&rsquo;anonymiser les adresses IP des visiteurs de l&rsquo;UE<\/li>\n<li>S&rsquo;int\u00e8gre aux plugins de consentement des cookies populaires comme Cookiebot et le consentement des cookies du RGPD<\/li>\n<li>Fournit un accord de traitement des donn\u00e9es convivial (DPA)<\/li>\n<li>Permet aux utilisateurs de g\u00e9rer et de supprimer facilement les donn\u00e9es des visiteurs de l&rsquo;UE<\/li>\n<li>Simplifie la conformit\u00e9 au RGPD, \u00e0 la directive Eprivacy et \u00e0 d&rsquo;autres lois sur la confidentialit\u00e9 de l&rsquo;UE<\/li>\n<li>Offre la tranquillit\u00e9 d&rsquo;esprit et \u00e9vite les probl\u00e8mes juridiques potentiels li\u00e9s \u00e0 la protection des donn\u00e9es de l&rsquo;UE.<\/li>\n<\/ul>\n","protected":false},"excerpt":{"rendered":"<p>L&rsquo;addon de conformit\u00e9 de l&rsquo;UE Monsterinsights s&rsquo;av\u00e8re \u00eatre un outil extr\u00eamement utile et puissant pour garantir que votre site Web respecte les r\u00e9glementations de protection des donn\u00e9es assez strictes \u00e9nonc\u00e9es par l&rsquo;Union europ\u00e9enne. En utilisant cet addon, vous avez la possibilit\u00e9 de configurer sans effort vos param\u00e8tres Google Analytics, assurant ainsi votre conformit\u00e9 avec le r\u00e8glement g\u00e9n\u00e9ral de protection des donn\u00e9es (RGPD), la California Consumer Privacy Act (CCPA) et une multitude d&rsquo;autres lois sur la confidentialit\u00e9 des donn\u00e9es. L&rsquo;addon facilite efficacement l&rsquo;anonymisation des adresses IP utilisateur, la d\u00e9sactivation du partage de donn\u00e9es avec Google et la fourniture de donn\u00e9es contr\u00f4l\u00e9es par l&rsquo;utilisateur, toutes accomplies avec une poign\u00e9e de clics. Sauvegardez les donn\u00e9es de vos pr\u00e9cieuses clients et \u00e9vitez les amendes exorbitantes de mani\u00e8re exorbitante gr\u00e2ce \u00e0 l&rsquo;utilisation de l&rsquo;addon de conformit\u00e9 de l&rsquo;UE Monsterinsights.<\/p>\n","protected":false},"featured_media":144577,"comment_status":"open","ping_status":"open","template":"","meta":[],"product_brand":[2595],"product_cat":[1207,1181,1186],"product_tag":[1305],"class_list":{"0":"post-134461","1":"product","2":"type-product","3":"status-publish","4":"has-post-thumbnail","6":"product_brand-monsterinsights","7":"product_cat-commercialisation-wordpress-plugins","8":"product_cat-plugins","9":"product_cat-wordpress-plugins","10":"product_tag-monsterinsights","11":"member-discount","12":"discount-restricted","14":"first","15":"instock","16":"sale","17":"downloadable","18":"virtual","19":"sold-individually","20":"purchasable","21":"product-type-simple"},"_links":{"self":[{"href":"https:\/\/gpl-love.com\/fr\/wp-json\/wp\/v2\/product\/134461","targetHints":{"allow":["GET"]}}],"collection":[{"href":"https:\/\/gpl-love.com\/fr\/wp-json\/wp\/v2\/product"}],"about":[{"href":"https:\/\/gpl-love.com\/fr\/wp-json\/wp\/v2\/types\/product"}],"replies":[{"embeddable":true,"href":"https:\/\/gpl-love.com\/fr\/wp-json\/wp\/v2\/comments?post=134461"}],"wp:featuredmedia":[{"embeddable":true,"href":"https:\/\/gpl-love.com\/fr\/wp-json\/wp\/v2\/media\/144577"}],"wp:attachment":[{"href":"https:\/\/gpl-love.com\/fr\/wp-json\/wp\/v2\/media?parent=134461"}],"wp:term":[{"taxonomy":"product_brand","embeddable":true,"href":"https:\/\/gpl-love.com\/fr\/wp-json\/wp\/v2\/product_brand?post=134461"},{"taxonomy":"product_cat","embeddable":true,"href":"https:\/\/gpl-love.com\/fr\/wp-json\/wp\/v2\/product_cat?post=134461"},{"taxonomy":"product_tag","embeddable":true,"href":"https:\/\/gpl-love.com\/fr\/wp-json\/wp\/v2\/product_tag?post=134461"}],"curies":[{"name":"wp","href":"https:\/\/api.w.org\/{rel}","templated":true}]}}