{"id":134457,"date":"2024-04-21T00:00:00","date_gmt":"2024-04-20T22:00:00","guid":{"rendered":"https:\/\/gpl-love.com\/fr\/produit\/monsterinsights-dimensions-addon\/"},"modified":"2026-04-10T18:31:54","modified_gmt":"2026-04-10T16:31:54","slug":"monsterinsights-dimensions-addon","status":"publish","type":"product","link":"https:\/\/gpl-love.com\/fr\/produit\/monsterinsights-dimensions-addon\/","title":{"rendered":"MonsterInsights Dimensions Addon 2.1.1"},"content":{"rendered":"<h3>MonsterInsights Dimensions Addon Traits<\/h3>\n<p>L&rsquo;addon de dimensions Monsterinsights, un formidable outil m\u00e9ticuleusement con\u00e7u pour enrichir votre exp\u00e9rience Google Analytics, vise \u00e0 se plonger dans les subtilit\u00e9s de la diffusion des donn\u00e9es gr\u00e2ce \u00e0 une disposition globale. En utilisant cet addon innovant, vous pouvez examiner sans effort les m\u00e9triques pivots, telles que les donn\u00e9es d\u00e9mographiques des utilisateurs, le type d&rsquo;appareil et les pages vues, vous permettant en fin de compte de prendre des d\u00e9cisions judicieuses et astucieuses concernant les performances de votre site . B\u00e9n\u00e9ficiant d&rsquo;une interface intuitive et conviviale, cet addon s&rsquo;adresse efficacement aux n\u00e9ophytes et aux professionnels chevronn\u00e9s. En exploitant la puissance de l&rsquo;addon de dimensions MonsterriNsights, vous glanez des informations profondes sur le trafic des visiteurs de votre site Web, vous permettant par la suite de l&rsquo;optimiser pour une efficacit\u00e9 optimale et des r\u00e9sultats tangibles.<\/p>\n<ul>\n<li>Vous permet de suivre les dimensions et les mesures personnalis\u00e9es dans Google Analytics<\/li>\n<li>Des dimensions et des mesures personnalis\u00e9es peuvent \u00eatre ajout\u00e9es \u00e0 n&rsquo;importe quelle page ou publication sur votre site WordPress<\/li>\n<li>Fournit des informations d\u00e9taill\u00e9es sur le comportement des utilisateurs et la d\u00e9mographie<\/li>\n<li>Vous aide \u00e0 prendre des d\u00e9cisions ax\u00e9es sur les donn\u00e9es pour votre site Web et vos campagnes marketing<\/li>\n<li>Compatible avec tous les plans MonsterInsights, y compris la version gratuite<\/li>\n<li>Facile \u00e0 configurer et \u00e0 utiliser avec des guides et tutoriels \u00e9tape par \u00e9tape<\/li>\n<li>Fournit un suivi et un rapport en temps r\u00e9el de vos dimensions et m\u00e9triques personnalis\u00e9es<\/li>\n<li>Vous aide \u00e0 comprendre comment certaines pages ou contenus fonctionnent sur votre site<\/li>\n<li>Fournit un aper\u00e7u de la fa\u00e7on dont les utilisateurs interagissent avec votre site Web et d&rsquo;o\u00f9 ils viennent<\/li>\n<li>Vous donne une meilleure compr\u00e9hension de votre public et comment les cibler plus efficacement.<\/li>\n<\/ul>\n","protected":false},"excerpt":{"rendered":"<p>Le MonsterInsights Dimensions Addon, un outil extr\u00eamement formidable pour les entreprises, a pour objectif de mesurer et de suivre les donn\u00e9es cruciales de leur site Web. Notamment, cet addon remarquable permet aux utilisateurs la possibilit\u00e9 de personnaliser leurs analyses en incorporant de mani\u00e8re transparente diverses dimensions comme l&rsquo;auteur, la cat\u00e9gorie, les balises et un \u00e9ventail d&rsquo;autres. Arm\u00e9s de ces informations inestimables, les entreprises peuvent se plonger dans une profonde compr\u00e9hension des mod\u00e8les de comportement de leur public, optimisant ainsi leurs efforts de marketing dans toute la mesure. De plus, l&rsquo;installation et l&rsquo;utilisation de cet addon sont remarquablement faciles, ce qui le rend un atout indispensable \u00e0 tout compte Google Analytics.<\/p>\n","protected":false},"featured_media":144575,"comment_status":"open","ping_status":"open","template":"","meta":[],"product_brand":[2595],"product_cat":[1207,1181,1186],"product_tag":[1305],"class_list":{"0":"post-134457","1":"product","2":"type-product","3":"status-publish","4":"has-post-thumbnail","6":"product_brand-monsterinsights","7":"product_cat-commercialisation-wordpress-plugins","8":"product_cat-plugins","9":"product_cat-wordpress-plugins","10":"product_tag-monsterinsights","11":"member-discount","12":"discount-restricted","14":"first","15":"instock","16":"sale","17":"downloadable","18":"virtual","19":"sold-individually","20":"purchasable","21":"product-type-simple"},"_links":{"self":[{"href":"https:\/\/gpl-love.com\/fr\/wp-json\/wp\/v2\/product\/134457","targetHints":{"allow":["GET"]}}],"collection":[{"href":"https:\/\/gpl-love.com\/fr\/wp-json\/wp\/v2\/product"}],"about":[{"href":"https:\/\/gpl-love.com\/fr\/wp-json\/wp\/v2\/types\/product"}],"replies":[{"embeddable":true,"href":"https:\/\/gpl-love.com\/fr\/wp-json\/wp\/v2\/comments?post=134457"}],"wp:featuredmedia":[{"embeddable":true,"href":"https:\/\/gpl-love.com\/fr\/wp-json\/wp\/v2\/media\/144575"}],"wp:attachment":[{"href":"https:\/\/gpl-love.com\/fr\/wp-json\/wp\/v2\/media?parent=134457"}],"wp:term":[{"taxonomy":"product_brand","embeddable":true,"href":"https:\/\/gpl-love.com\/fr\/wp-json\/wp\/v2\/product_brand?post=134457"},{"taxonomy":"product_cat","embeddable":true,"href":"https:\/\/gpl-love.com\/fr\/wp-json\/wp\/v2\/product_cat?post=134457"},{"taxonomy":"product_tag","embeddable":true,"href":"https:\/\/gpl-love.com\/fr\/wp-json\/wp\/v2\/product_tag?post=134457"}],"curies":[{"name":"wp","href":"https:\/\/api.w.org\/{rel}","templated":true}]}}