{"id":134455,"date":"2023-08-25T00:00:00","date_gmt":"2023-08-24T22:00:00","guid":{"rendered":"https:\/\/gpl-love.com\/fr\/produit\/monsterinsights-amp-addon\/"},"modified":"2026-04-10T18:31:53","modified_gmt":"2026-04-10T16:31:53","slug":"monsterinsights-amp-addon","status":"publish","type":"product","link":"https:\/\/gpl-love.com\/fr\/produit\/monsterinsights-amp-addon\/","title":{"rendered":"MonsterInsights AMP Addon 1.7.0"},"content":{"rendered":"<h3>MonsterInsights AMP Addon Traits<\/h3>\n<p>L&rsquo;AMP MonsterInsights Addon sert d&rsquo;instrument vital pour les personnes qui poss\u00e8dent des sites Web et souhaitent optimiser leurs plateformes en ligne pour les utilisateurs mobiles. Cet addon remarquable permet aux propri\u00e9taires de sites Web de surveiller et d&rsquo;\u00e9valuer efficacement les performances de leur site Web sur les pages mobiles acc\u00e9l\u00e9r\u00e9es (AMP). En utilisant l&rsquo;ampli de l&rsquo;AMP MonsterInsights, les propri\u00e9taires de sites Web peuvent suivre sans effort le trafic de leur site Web, les pages vues et diverses autres mesures importantes, leur permettant ainsi de mieux comprendre leur public et d&rsquo;am\u00e9liorer leur exp\u00e9rience utilisateur globale. De plus, cet addon accorde aux propri\u00e9taires de sites Web la possibilit\u00e9 de configurer des \u00e9v\u00e9nements de suivi personnalis\u00e9s, de englober des clics de bouton, des soumissions de formulaires et des interactions utilisateur diverses. Ainsi, il est incontestable que l&rsquo;addon AMP MonsterInsights est un outil indispensable pour tout propri\u00e9taire de site Web aspirant \u00e0 am\u00e9liorer ses performances mobiles et \u00e0 augmenter les niveaux d&rsquo;engagement des utilisateurs.<\/p>\n<ul>\n<li>Am\u00e9liore les performances des pages mobiles de votre site Web en utilisant la technologie AMP.<\/li>\n<li>Augmente la vitesse de chargement des pages mobiles qui am\u00e9liore l&rsquo;exp\u00e9rience utilisateur et augmente \u00e9galement le r\u00e9f\u00e9rencement.<\/li>\n<li>Fournit un processus de configuration facile, vous permettant de configurer l&rsquo;ampli sur votre site Web en quelques minutes.<\/li>\n<li>Personnalisez les pages AMP de votre site Web avec une vari\u00e9t\u00e9 de mod\u00e8les disponibles ou concevez votre propre mod\u00e8le personnalis\u00e9.<\/li>\n<li>Assure un suivi pr\u00e9cis du trafic et du comportement des utilisateurs de votre site Web sur les pages mobiles avec Google Analytics Int\u00e9gration.<\/li>\n<li>Livr\u00e9 avec une compatibilit\u00e9 int\u00e9gr\u00e9e pour WooCommerce, vous permettant de suivre l&rsquo;activit\u00e9 de la page mobile de votre magasin de commerce \u00e9lectronique.<\/li>\n<li>Fournit des rapports d\u00e9taill\u00e9s sur l&rsquo;utilisation des p\u00e9riph\u00e9riques mobiles, les pages vues, etc. via un tableau de bord facile \u00e0 utiliser.<\/li>\n<li>Offre une assistance experte par e-mail, t\u00e9l\u00e9phone et via la documentation en ligne pour d\u00e9panner et r\u00e9pondre \u00e0 toutes les questions.<\/li>\n<\/ul>\n","protected":false},"excerpt":{"rendered":"<p>L&rsquo;ampli MonsterInsights, un outil robuste et efficace, m\u00e9ticuleusement con\u00e7u avec l&rsquo;intention d&rsquo;aider les utilisateurs \u00e0 surveiller et \u00e0 \u00e9valuer les performances de leurs sites Web sur les appareils mobiles, s&rsquo;av\u00e8re \u00eatre un atout inestimable. \u00c9quip\u00e9s de cet addon, les utilisateurs ont la possibilit\u00e9 de scruter sans effort leurs pages mobiles acc\u00e9l\u00e9r\u00e9es (AMP) et d&rsquo;obtenir des informations inestimables concernant les mod\u00e8les comportementaux de leurs visiteurs. L&rsquo;addon comprend un tableau de fonctionnalit\u00e9s, y compris, mais sans s&rsquo;y limiter, les dimensions personnalis\u00e9es, l&rsquo;analyse au niveau de la page et les tableaux de bord de reporting sp\u00e9cifiques \u00e0 l&rsquo;AMP, qui permettent particuli\u00e8rement aux utilisateurs d&rsquo;optimiser leurs sites Web afin d&rsquo;am\u00e9liorer les performances mobiles. En outre, l&rsquo;addon AMP MonsteriNsights peut \u00eatre install\u00e9 de mani\u00e8re transparente et int\u00e9gr\u00e9 aux comptes MonsterInsights des utilisateurs, ce qui le rend un outil indispensable pour les personnes cherchant \u00e0 affiner et \u00e0 am\u00e9liorer l&rsquo;exp\u00e9rience de navigation mobile fournie par leurs sites Web.<\/p>\n","protected":false},"featured_media":144574,"comment_status":"open","ping_status":"open","template":"","meta":[],"product_brand":[2595],"product_cat":[1207,1181,1186],"product_tag":[1305],"class_list":{"0":"post-134455","1":"product","2":"type-product","3":"status-publish","4":"has-post-thumbnail","6":"product_brand-monsterinsights","7":"product_cat-commercialisation-wordpress-plugins","8":"product_cat-plugins","9":"product_cat-wordpress-plugins","10":"product_tag-monsterinsights","11":"member-discount","12":"discount-restricted","14":"first","15":"instock","16":"sale","17":"downloadable","18":"virtual","19":"sold-individually","20":"purchasable","21":"product-type-simple"},"_links":{"self":[{"href":"https:\/\/gpl-love.com\/fr\/wp-json\/wp\/v2\/product\/134455","targetHints":{"allow":["GET"]}}],"collection":[{"href":"https:\/\/gpl-love.com\/fr\/wp-json\/wp\/v2\/product"}],"about":[{"href":"https:\/\/gpl-love.com\/fr\/wp-json\/wp\/v2\/types\/product"}],"replies":[{"embeddable":true,"href":"https:\/\/gpl-love.com\/fr\/wp-json\/wp\/v2\/comments?post=134455"}],"wp:featuredmedia":[{"embeddable":true,"href":"https:\/\/gpl-love.com\/fr\/wp-json\/wp\/v2\/media\/144574"}],"wp:attachment":[{"href":"https:\/\/gpl-love.com\/fr\/wp-json\/wp\/v2\/media?parent=134455"}],"wp:term":[{"taxonomy":"product_brand","embeddable":true,"href":"https:\/\/gpl-love.com\/fr\/wp-json\/wp\/v2\/product_brand?post=134455"},{"taxonomy":"product_cat","embeddable":true,"href":"https:\/\/gpl-love.com\/fr\/wp-json\/wp\/v2\/product_cat?post=134455"},{"taxonomy":"product_tag","embeddable":true,"href":"https:\/\/gpl-love.com\/fr\/wp-json\/wp\/v2\/product_tag?post=134455"}],"curies":[{"name":"wp","href":"https:\/\/api.w.org\/{rel}","templated":true}]}}