{"id":134453,"date":"2023-08-25T00:00:00","date_gmt":"2023-08-24T22:00:00","guid":{"rendered":"https:\/\/gpl-love.com\/fr\/produit\/monsterinsights-ads-addon\/"},"modified":"2026-04-10T18:31:52","modified_gmt":"2026-04-10T16:31:52","slug":"monsterinsights-ads-addon","status":"publish","type":"product","link":"https:\/\/gpl-love.com\/fr\/produit\/monsterinsights-ads-addon\/","title":{"rendered":"MonsterInsights Ads Addon 1.9.0"},"content":{"rendered":"<h3>MonsterInsights Ads Addon Traits<\/h3>\n<p>Le MonsterInsights AdS Addon, un outil tr\u00e8s robuste, fournit une solution globale pour surveiller et analyser de mani\u00e8re globale vos campagnes publicitaires en ligne. En reliant parfaitement votre compte Google Ads \u00e0 votre site WordPress, cet addon vous fournit des informations complexes sur les performances de vos publicit\u00e9s. Il vous permet de retracer m\u00e9ticuleusement vos clics, impressions et conversions d&rsquo;annonces, facilitant ainsi une compr\u00e9hension profonde des campagnes publicitaires g\u00e9n\u00e8rent le plus grand afflux de trafic et de ventes. De plus, cet addon profite \u00e0 un \u00e9ventail de fonctionnalit\u00e9s avanc\u00e9es, y compris le blocage des publicit\u00e9s, la d\u00e9tection de fraude de clic et le suivi des revenus publicitaires, qui contribuent tous \u00e0 l&rsquo;optimisation de votre strat\u00e9gie publicitaire et \u00e0 la maximisation de votre retour sur investissement. Tout bien consid\u00e9r\u00e9, l&rsquo;addon de publicit\u00e9 MonsterInsights est un instrument indispensable pour toute entreprise qui cherche \u00e0 am\u00e9liorer leurs performances publicitaires en ligne et \u00e0 \u00e9tendre leur entreprise.<\/p>\n<ul>\n<li>Suivre et analyser facilement les performances publicitaires sur votre site Web<\/li>\n<li>Comprendre quelles annonces stimulent le plus de revenus et lesquelles ont besoin d&rsquo;optimisation<\/li>\n<li>Afficher les mesures d&rsquo;engagement d&rsquo;annonces telles que le taux de clics et le taux de conversion<\/li>\n<li>Int\u00e9grer aux plateformes d&rsquo;annonces populaires telles que les publicit\u00e9s Google et les publicit\u00e9s Facebook<\/li>\n<li>Obtenez des donn\u00e9es et des informations en temps r\u00e9el pour prendre des d\u00e9cisions \u00e9clair\u00e9es sur les d\u00e9penses publicitaires et le ciblage<\/li>\n<li>Personnaliser les rapports pour suivre des campagnes publicitaires sp\u00e9cifiques ou des placements d&rsquo;annonces<\/li>\n<li>Surveiller le comportement de blocage des annonces pour optimiser votre strat\u00e9gie d&rsquo;annonce<\/li>\n<li>Configuration et installation faciles avec des comp\u00e9tences techniques minimales requises<\/li>\n<li>Compatible avec les plans d&rsquo;abonnement MonsteriNsights Pro ou Elite<\/li>\n<\/ul>\n","protected":false},"excerpt":{"rendered":"<p>L&rsquo;addon MonsteriNsights Ads est un outil tr\u00e8s efficace qui s&rsquo;adresse sp\u00e9cifiquement aux annonceurs op\u00e9rant \u00e0 grande \u00e9chelle. Il pr\u00e9sente une formidable solution pour ceux qui recherchent un moyen solide de suivre leurs campagnes en ligne. La beaut\u00e9 de cet addon r\u00e9side dans sa fourniture d&rsquo;analyses personnalisables et d&rsquo;informations compl\u00e8tes sur le tableau de bord, permettant une surveillance sans effort du succ\u00e8s des publicit\u00e9s et de l&rsquo;optimisation des efforts de marketing en temps r\u00e9el. Il importe que vous soyez engag\u00e9 dans l&rsquo;ex\u00e9cution des publicit\u00e9s d&rsquo;affichage, des annonces de texte ou des campagnes de m\u00e9dias sociaux, car cet addon est con\u00e7u pour aider \u00e0 la prise de d\u00e9cisions bas\u00e9es sur les donn\u00e9es qui am\u00e9lioreront sans aucun doute votre retour sur investissement et faciliteront l&rsquo;expansion des entreprises. En outre, il s&rsquo;int\u00e8gre de mani\u00e8re transparente \u00e0 des plates-formes renomm\u00e9es telles que Google Ads et divers autres r\u00e9seaux publicitaires populaires, vous offrant ainsi le luxe de suivre vos campagnes sur plusieurs plateformes avec une facilit\u00e9 in\u00e9gal\u00e9e. Perdre plus de temps; Saisissez l&rsquo;opportunit\u00e9 de maximiser vos performances publicitaires aujourd&rsquo;hui en exploitant la puissance de l&rsquo;addon de publicit\u00e9 MonsterInsights.<\/p>\n","protected":false},"featured_media":144573,"comment_status":"open","ping_status":"open","template":"","meta":[],"product_brand":[2595],"product_cat":[1207,1181,1186],"product_tag":[1305],"class_list":{"0":"post-134453","1":"product","2":"type-product","3":"status-publish","4":"has-post-thumbnail","6":"product_brand-monsterinsights","7":"product_cat-commercialisation-wordpress-plugins","8":"product_cat-plugins","9":"product_cat-wordpress-plugins","10":"product_tag-monsterinsights","11":"member-discount","12":"discount-restricted","14":"first","15":"instock","16":"sale","17":"downloadable","18":"virtual","19":"sold-individually","20":"purchasable","21":"product-type-simple"},"_links":{"self":[{"href":"https:\/\/gpl-love.com\/fr\/wp-json\/wp\/v2\/product\/134453","targetHints":{"allow":["GET"]}}],"collection":[{"href":"https:\/\/gpl-love.com\/fr\/wp-json\/wp\/v2\/product"}],"about":[{"href":"https:\/\/gpl-love.com\/fr\/wp-json\/wp\/v2\/types\/product"}],"replies":[{"embeddable":true,"href":"https:\/\/gpl-love.com\/fr\/wp-json\/wp\/v2\/comments?post=134453"}],"wp:featuredmedia":[{"embeddable":true,"href":"https:\/\/gpl-love.com\/fr\/wp-json\/wp\/v2\/media\/144573"}],"wp:attachment":[{"href":"https:\/\/gpl-love.com\/fr\/wp-json\/wp\/v2\/media?parent=134453"}],"wp:term":[{"taxonomy":"product_brand","embeddable":true,"href":"https:\/\/gpl-love.com\/fr\/wp-json\/wp\/v2\/product_brand?post=134453"},{"taxonomy":"product_cat","embeddable":true,"href":"https:\/\/gpl-love.com\/fr\/wp-json\/wp\/v2\/product_cat?post=134453"},{"taxonomy":"product_tag","embeddable":true,"href":"https:\/\/gpl-love.com\/fr\/wp-json\/wp\/v2\/product_tag?post=134453"}],"curies":[{"name":"wp","href":"https:\/\/api.w.org\/{rel}","templated":true}]}}