{"id":134451,"date":"2026-04-07T00:00:00","date_gmt":"2026-04-06T22:00:00","guid":{"rendered":"https:\/\/gpl-love.com\/fr\/produit\/modern-events-calendar\/"},"modified":"2026-04-10T18:31:45","modified_gmt":"2026-04-10T16:31:45","slug":"modern-events-calendar","status":"publish","type":"product","link":"https:\/\/gpl-love.com\/fr\/produit\/modern-events-calendar\/","title":{"rendered":"Modern Events Calendar 7.32.0"},"content":{"rendered":"<h3>Modern Events Calendar Traits<\/h3>\n<p>Le calendrier des \u00e9v\u00e9nements modernes est un outil incroyablement robuste et efficace qui vous permet de g\u00e9n\u00e9rer et de superviser sans effort une multitude d&rsquo;\u00e9v\u00e9nements sur votre site Web. Le plugin poss\u00e8de un design esth\u00e9tique et contemporain qui offre une pl\u00e9thore de fonctionnalit\u00e9s remarquables, englobant la possibilit\u00e9 de personnaliser les param\u00e8tres d&rsquo;\u00e9v\u00e9nements en fonction de vos besoins sp\u00e9cifiques, un assortiment de styles et de dispositions captivants, ainsi qu&rsquo;une int\u00e9gration transparente avec des passerelles de paiement tr\u00e8s populaires. L&rsquo;interface de glisser-d\u00e9poser remarquablement conviviale facilite la cr\u00e9ation et la maintenance des \u00e9v\u00e9nements avec une facilit\u00e9 in\u00e9gal\u00e9e, tandis que les fonctionnalit\u00e9s de recherche et de filtrage extr\u00eamement puissantes permettent aux utilisateurs de localiser rapidement et d&rsquo;acc\u00e9der aux \u00e9v\u00e9nements qui empirent leur int\u00e9r\u00eat. De plus, le plugin est m\u00e9ticuleusement con\u00e7u pour \u00eatre enti\u00e8rement compatible avec les appareils mobiles, garantissant ainsi que vos \u00e9v\u00e9nements restent facilement accessibles aux utilisateurs sur toutes les plateformes. Gr\u00e2ce au calendrier des \u00e9v\u00e9nements modernes sans pr\u00e9c\u00e9dent, vous pouvez construire sans effort un calendrier d&rsquo;\u00e9v\u00e9nements vraiment professionnel et captivant dans les limites de votre site Web.<\/p>\n<ul>\n<li>Un plugin de calendrier d&rsquo;\u00e9v\u00e9nements \u00e9l\u00e9gant et convivial pour les sites Web WordPress<\/li>\n<li>Des fonctionnalit\u00e9s puissantes et personnalisables, y compris plusieurs vues, des \u00e9v\u00e9nements r\u00e9currents et une int\u00e9gration des ventes de billets<\/li>\n<li>La conception r\u00e9active garantit que le calendrier a fi\u00e8re allure sur n&rsquo;importe quel appareil<\/li>\n<li>S&rsquo;int\u00e8gre \u00e0 des outils populaires comme Google Maps et les plateformes de m\u00e9dias sociaux, ce qui facilite la promotion d&rsquo;\u00e9v\u00e9nements<\/li>\n<li>Le support multilingue signifie que le calendrier peut \u00eatre utilis\u00e9 par le public international<\/li>\n<li>Les mises \u00e0 jour et le soutien r\u00e9guliers garantissent que le calendrier reste \u00e0 jour et fonctionne bien<\/li>\n<li>Con\u00e7u avec les d\u00e9veloppeurs et les concepteurs \u00e0 l&rsquo;esprit, avec des options CSS et des crochets personnalis\u00e9s pour l&rsquo;extension des fonctionnalit\u00e9s.<\/li>\n<\/ul>\n","protected":false},"excerpt":{"rendered":"<p>Le calendrier des \u00e9v\u00e9nements modernes offre aux utilisateurs une solution simple et raffin\u00e9e pour g\u00e9rer efficacement leurs \u00e9v\u00e9nements. En utilisant son interface conviviale et ses capacit\u00e9s robustes, les individus pourront sans effort g\u00e9n\u00e9rer et superviser des \u00e9v\u00e9nements tout en les pr\u00e9sentant esth\u00e9tiquement sur leur site Web. Que l&rsquo;on orchestrez une conf\u00e9rence, un atelier ou un rassemblement occasionnel, le calendrier des \u00e9v\u00e9nements modernes s&rsquo;av\u00e8re \u00eatre un instrument id\u00e9al pour faciliter la promotion et l&rsquo;organisation des \u00e9v\u00e9nements sans effort. Par cons\u00e9quent, pourquoi retarder? Profitez de l&rsquo;occasion pour en faire l&rsquo;exp\u00e9rience par vous-m\u00eame aujourd&rsquo;hui et t\u00e9moignez de premi\u00e8re main comment cela peut \u00e9lever vos efforts de planification d&rsquo;\u00e9v\u00e9nements \u00e0 de nouveaux sommets!<\/p>\n","protected":false},"featured_media":144559,"comment_status":"open","ping_status":"open","template":"","meta":[],"product_brand":[2504],"product_cat":[1189,1181,1186],"product_tag":[1394],"class_list":{"0":"post-134451","1":"product","2":"type-product","3":"status-publish","4":"has-post-thumbnail","6":"product_brand-webnus","7":"product_cat-personnalisation","8":"product_cat-plugins","9":"product_cat-wordpress-plugins","10":"product_tag-webnus","11":"member-discount","12":"discount-restricted","14":"first","15":"instock","16":"sale","17":"downloadable","18":"virtual","19":"sold-individually","20":"purchasable","21":"product-type-simple"},"_links":{"self":[{"href":"https:\/\/gpl-love.com\/fr\/wp-json\/wp\/v2\/product\/134451","targetHints":{"allow":["GET"]}}],"collection":[{"href":"https:\/\/gpl-love.com\/fr\/wp-json\/wp\/v2\/product"}],"about":[{"href":"https:\/\/gpl-love.com\/fr\/wp-json\/wp\/v2\/types\/product"}],"replies":[{"embeddable":true,"href":"https:\/\/gpl-love.com\/fr\/wp-json\/wp\/v2\/comments?post=134451"}],"wp:featuredmedia":[{"embeddable":true,"href":"https:\/\/gpl-love.com\/fr\/wp-json\/wp\/v2\/media\/144559"}],"wp:attachment":[{"href":"https:\/\/gpl-love.com\/fr\/wp-json\/wp\/v2\/media?parent=134451"}],"wp:term":[{"taxonomy":"product_brand","embeddable":true,"href":"https:\/\/gpl-love.com\/fr\/wp-json\/wp\/v2\/product_brand?post=134451"},{"taxonomy":"product_cat","embeddable":true,"href":"https:\/\/gpl-love.com\/fr\/wp-json\/wp\/v2\/product_cat?post=134451"},{"taxonomy":"product_tag","embeddable":true,"href":"https:\/\/gpl-love.com\/fr\/wp-json\/wp\/v2\/product_tag?post=134451"}],"curies":[{"name":"wp","href":"https:\/\/api.w.org\/{rel}","templated":true}]}}