{"id":134449,"date":"2023-02-09T00:00:00","date_gmt":"2023-02-08T23:00:00","guid":{"rendered":"https:\/\/gpl-love.com\/fr\/produit\/minervakb-knowledge-base-for-wordpress-with-analytics\/"},"modified":"2026-04-10T18:31:33","modified_gmt":"2026-04-10T16:31:33","slug":"minervakb-knowledge-base-for-wordpress-with-analytics","status":"publish","type":"product","link":"https:\/\/gpl-love.com\/fr\/produit\/minervakb-knowledge-base-for-wordpress-with-analytics\/","title":{"rendered":"MinervaKB Knowledge Base pour WordPress with Analytics 2.0.9"},"content":{"rendered":"<h3>MinervaKB Knowledge Base pour WordPress with Analytics Traits<\/h3>\n<p>La base de connaissances Minervakb pour WordPress, \u00e9quip\u00e9e de capacit\u00e9s d&rsquo;analyse de pointe, est un outil exceptionnellement robuste et indispensable pour les entreprises visant \u00e0 \u00e9tablir une base de connaissances tr\u00e8s efficace et centr\u00e9e sur l&rsquo;utilisateur sur leur plate-forme WordPress. Cette ressource remarquable vous permet non seulement de classer et de marquer de mani\u00e8re transparente vos articles, mais permet \u00e9galement une int\u00e9gration transparente d&rsquo;images et de vid\u00e9os convaincantes visuellement, tout en offrant la flexibilit\u00e9 d&rsquo;adapter la mise en page pour s&rsquo;aligner impeccablement avec votre marque. Ce qui distingue vraiment Minervakb de la comp\u00e9tition, c&rsquo;est sa fonctionnalit\u00e9 d&rsquo;analyse tr\u00e8s sophistiqu\u00e9e, qui fournit des informations inestimables sur le comportement des utilisateurs, identifie les articles populaires et d\u00e9voile les termes de recherche les plus fr\u00e9quemment utilis\u00e9s par votre client\u00e8le estim\u00e9e. Arm\u00e9s de ces donn\u00e9es compl\u00e8tes, vous \u00eates pr\u00eat \u00e0 optimiser votre contenu, am\u00e9liorant ainsi l&rsquo;exp\u00e9rience utilisateur globale. Remarquablement, Minervakb simplifie la cr\u00e9ation d&rsquo;une vaste base de connaissances, garantissant que vos clients estim\u00e9s acc\u00e8dent rapidement et sans effort \u00e0 acc\u00e9der sans effort aux informations pr\u00e9cises dont ils ont besoin, entra\u00eenant finalement une r\u00e9duction substantielle des demandes de soutien.<\/p>\n<ul>\n<li>Une puissante solution de base de connaissances con\u00e7ue sp\u00e9cifiquement pour les sites Web WordPress<\/li>\n<li>Capacit\u00e9s d&rsquo;analyse pour suivre le comportement des utilisateurs et l&rsquo;engagement avec votre base de connaissances<\/li>\n<li>Int\u00e9gration transparente avec votre site Web WordPress, avec des options de personnalisation faciles pour correspondre \u00e0 votre marque<\/li>\n<li>Fonctionnalit\u00e9 de recherche intuitive pour trouver rapidement les r\u00e9ponses que les utilisateurs recherchent<\/li>\n<li>Capacit\u00e9 \u00e0 cr\u00e9er et \u00e0 organiser des articles, des FAQ et des documents pour vos produits ou services<\/li>\n<li>Des fonctionnalit\u00e9s avanc\u00e9es telles que le versioning et les commentaires de l&rsquo;article, pour am\u00e9liorer encore la collaboration et l&rsquo;engagement<\/li>\n<li>Une interface conviviale, con\u00e7ue pour rendre le partage et la gestion des connaissances<\/li>\n<li>Prise en charge de plusieurs langues, garantir que votre base de connaissances est accessible aux utilisateurs du monde entier<\/li>\n<li>Mises \u00e0 jour r\u00e9guli\u00e8res et support client pour garantir que votre base de connaissances reste pertinente et efficace.<\/li>\n<\/ul>\n","protected":false},"excerpt":{"rendered":"<p>Minervakb Knowledge Base propose une solution globale et compl\u00e8te qui a \u00e9t\u00e9 sp\u00e9cialement con\u00e7ue et adapt\u00e9e aux utilisateurs de WordPress. Ce plugin exceptionnel vous permet non seulement de cr\u00e9er et de g\u00e9rer efficacement une base de connaissances tr\u00e8s intuitive, mais elle va \u00e9galement au-del\u00e0 en vous \u00e9quipant la capacit\u00e9 puissante de surveiller \u00e9troitement l&rsquo;activit\u00e9 des utilisateurs gr\u00e2ce \u00e0 sa fonction d&rsquo;analyse int\u00e9gr\u00e9e. Cette fonctionnalit\u00e9 inestimable garantit que vous \u00eates arm\u00e9 des informations n\u00e9cessaires pour am\u00e9liorer et optimiser syst\u00e9matiquement l&rsquo;exp\u00e9rience utilisateur globale. En substance, la base de connaissances Minervakb est la r\u00e9ponse ultime et d\u00e9finitive pour les entreprises cherchant \u00e0 fournir \u00e0 leurs clients estim\u00e9s un acc\u00e8s rapide et pratique \u00e0 une richesse d&rsquo;informations inestimables.<\/p>\n","protected":false},"featured_media":144544,"comment_status":"open","ping_status":"open","template":"","meta":[],"product_brand":[2435],"product_cat":[1189,1181,1186],"product_tag":[1231],"class_list":{"0":"post-134449","1":"product","2":"type-product","3":"status-publish","4":"has-post-thumbnail","6":"product_brand-codecanyon","7":"product_cat-personnalisation","8":"product_cat-plugins","9":"product_cat-wordpress-plugins","10":"product_tag-codecanyon","11":"member-discount","12":"discount-restricted","14":"first","15":"instock","16":"sale","17":"downloadable","18":"virtual","19":"sold-individually","20":"purchasable","21":"product-type-simple"},"_links":{"self":[{"href":"https:\/\/gpl-love.com\/fr\/wp-json\/wp\/v2\/product\/134449","targetHints":{"allow":["GET"]}}],"collection":[{"href":"https:\/\/gpl-love.com\/fr\/wp-json\/wp\/v2\/product"}],"about":[{"href":"https:\/\/gpl-love.com\/fr\/wp-json\/wp\/v2\/types\/product"}],"replies":[{"embeddable":true,"href":"https:\/\/gpl-love.com\/fr\/wp-json\/wp\/v2\/comments?post=134449"}],"wp:featuredmedia":[{"embeddable":true,"href":"https:\/\/gpl-love.com\/fr\/wp-json\/wp\/v2\/media\/144544"}],"wp:attachment":[{"href":"https:\/\/gpl-love.com\/fr\/wp-json\/wp\/v2\/media?parent=134449"}],"wp:term":[{"taxonomy":"product_brand","embeddable":true,"href":"https:\/\/gpl-love.com\/fr\/wp-json\/wp\/v2\/product_brand?post=134449"},{"taxonomy":"product_cat","embeddable":true,"href":"https:\/\/gpl-love.com\/fr\/wp-json\/wp\/v2\/product_cat?post=134449"},{"taxonomy":"product_tag","embeddable":true,"href":"https:\/\/gpl-love.com\/fr\/wp-json\/wp\/v2\/product_tag?post=134449"}],"curies":[{"name":"wp","href":"https:\/\/api.w.org\/{rel}","templated":true}]}}