{"id":134445,"date":"2026-04-08T00:00:00","date_gmt":"2026-04-07T22:00:00","guid":{"rendered":"https:\/\/gpl-love.com\/fr\/produit\/memberpress-corporate-accounts\/"},"modified":"2026-04-10T18:31:06","modified_gmt":"2026-04-10T16:31:06","slug":"memberpress-corporate-accounts","status":"publish","type":"product","link":"https:\/\/gpl-love.com\/fr\/produit\/memberpress-corporate-accounts\/","title":{"rendered":"MemberPress Corporate Accounts 1.5.38"},"content":{"rendered":"<h3>MemberPress Corporate Accounts Traits<\/h3>\n<p>Pr\u00e9sentation des comptes d&rsquo;entreprise membre, une solution de gestion des membres incroyablement robuste qui a \u00e9t\u00e9 sp\u00e9cifiquement con\u00e7ue pour r\u00e9pondre aux besoins des entreprises et des organisations. Ce logiciel exceptionnel vous permet de g\u00e9rer sans effort plusieurs utilisateurs et adh\u00e9sions, \u00e0 \u00e9tablir des structures de tarification et des niveaux d&rsquo;acc\u00e8s personnalis\u00e9s et \u00e0 automatiser l&rsquo;ensemble du processus de facturation et de facturation. B\u00e9n\u00e9ficiant d&rsquo;une \u00e9ventail de fonctionnalit\u00e9s avanc\u00e9es et arborant une interface intuitive, les comptes d&rsquo;entreprise MemberPress simplifient la cr\u00e9ation d&rsquo;une exp\u00e9rience d&rsquo;adh\u00e9sion parfaitement transparente pour vos clients pr\u00e9cieux, tout en renfor\u00e7ant les performances financi\u00e8res de votre entreprise. Que vous vous trouviez charg\u00e9 de g\u00e9rer une \u00e9quipe modeste ou une organisation tentaculaire, soyez assur\u00e9 que ce formidable outil poss\u00e8de toutes les capacit\u00e9s n\u00e9cessaires pour rationaliser vos proc\u00e9dures de gestion des membres et propulser votre entreprise vers une croissance et un succ\u00e8s sans pr\u00e9c\u00e9dent. Par cons\u00e9quent, si vous \u00eates vraiment impatient d&rsquo;\u00e9lever le statut de votre programme d&rsquo;adh\u00e9sion \u00e0 Uncharted Heights, prenez la d\u00e9cision audacieuse de donner aux comptes d&rsquo;entreprise \u00e0 membre aujourd&rsquo;hui un essai routier!<\/p>\n<ul>\n<li>G\u00e9rer plusieurs membres dans un seul compte<\/li>\n<li>Attribuer des r\u00f4les et des autorisations sp\u00e9cifiques \u00e0 chaque membre<\/li>\n<li>Donn\u00e9es des membres d&rsquo;importation par lots et d&rsquo;exportation<\/li>\n<li>Personnaliser la marque et la messagerie pour chaque compte d&rsquo;entreprise<\/li>\n<li>Configurer la facturation et la facturation automatique pour les abonnements \u00e0 l&rsquo;\u00e9chelle de l&rsquo;entreprise<\/li>\n<li>Cr\u00e9er des rapports d\u00e9taill\u00e9s sur l&rsquo;utilisation et l&rsquo;activit\u00e9 du compte<\/li>\n<li>Offrez des prix \u00e0 plusieurs niveaux pour diff\u00e9rents niveaux d&rsquo;acc\u00e8s et d&rsquo;utilisation<\/li>\n<li>Activer la communication et la collaboration transparentes entre les membres du compte<\/li>\n<\/ul>\n","protected":false},"excerpt":{"rendered":"<p>Le membre des comptes d&rsquo;entreprise est un syst\u00e8me de gestion des membres global qui a \u00e9t\u00e9 con\u00e7u de mani\u00e8re compatible pour am\u00e9liorer l&rsquo;exp\u00e9rience utilisateur des clients d&rsquo;entreprise. Cet incroyable logiciel facilite les entreprises en administrant sans effort la capacit\u00e9 de leurs employ\u00e9s \u00e0 acc\u00e9der et \u00e0 utiliser les ressources de l&rsquo;entreprise, qui incluent, sans s&rsquo;y limiter, aux fichiers, documents et autres donn\u00e9es cruciales. De plus en plus importante, ce produit exceptionnel profite \u00e0 une gamme de fonctionnalit\u00e9s puissantes, telles que la fourniture de niveaux d&rsquo;adh\u00e9sion personnalisables, une pl\u00e9thore d&rsquo;outils de gestion de groupe et un assortiment d&rsquo;options de facturation tr\u00e8s efficaces. Par cons\u00e9quent, le membre des comptes d&rsquo;entreprise de membres permet aux entreprises les appareils indispensables dont ils ont besoin pour superviser habilement l&rsquo;accessibilit\u00e9 de leurs employ\u00e9s \u00e0 un contenu restreint de mani\u00e8re vraiment efficace. De plus, avec une interface intuitivement simpliste et des fonctionnalit\u00e9s navigables sans effort, ce logiciel est la solution id\u00e9ale pour les entreprises s&rsquo;\u00e9tendant sur toutes les dimensions, qui souhaitent ardemment am\u00e9liorer leurs processus de gestion des membres.<\/p>\n","protected":false},"featured_media":144508,"comment_status":"open","ping_status":"open","template":"","meta":[],"product_brand":[2592],"product_cat":[1300,1181,1186],"product_tag":[1302],"class_list":{"0":"post-134445","1":"product","2":"type-product","3":"status-publish","4":"has-post-thumbnail","6":"product_brand-memberpress","7":"product_cat-adhesion","8":"product_cat-plugins","9":"product_cat-wordpress-plugins","10":"product_tag-memberpress","11":"member-discount","12":"discount-restricted","14":"first","15":"instock","16":"sale","17":"downloadable","18":"virtual","19":"sold-individually","20":"purchasable","21":"product-type-simple"},"_links":{"self":[{"href":"https:\/\/gpl-love.com\/fr\/wp-json\/wp\/v2\/product\/134445","targetHints":{"allow":["GET"]}}],"collection":[{"href":"https:\/\/gpl-love.com\/fr\/wp-json\/wp\/v2\/product"}],"about":[{"href":"https:\/\/gpl-love.com\/fr\/wp-json\/wp\/v2\/types\/product"}],"replies":[{"embeddable":true,"href":"https:\/\/gpl-love.com\/fr\/wp-json\/wp\/v2\/comments?post=134445"}],"wp:featuredmedia":[{"embeddable":true,"href":"https:\/\/gpl-love.com\/fr\/wp-json\/wp\/v2\/media\/144508"}],"wp:attachment":[{"href":"https:\/\/gpl-love.com\/fr\/wp-json\/wp\/v2\/media?parent=134445"}],"wp:term":[{"taxonomy":"product_brand","embeddable":true,"href":"https:\/\/gpl-love.com\/fr\/wp-json\/wp\/v2\/product_brand?post=134445"},{"taxonomy":"product_cat","embeddable":true,"href":"https:\/\/gpl-love.com\/fr\/wp-json\/wp\/v2\/product_cat?post=134445"},{"taxonomy":"product_tag","embeddable":true,"href":"https:\/\/gpl-love.com\/fr\/wp-json\/wp\/v2\/product_tag?post=134445"}],"curies":[{"name":"wp","href":"https:\/\/api.w.org\/{rel}","templated":true}]}}