{"id":134443,"date":"2026-04-08T00:00:00","date_gmt":"2026-04-07T22:00:00","guid":{"rendered":"https:\/\/gpl-love.com\/fr\/produit\/memberpress-buddypress\/"},"modified":"2026-04-10T18:31:02","modified_gmt":"2026-04-10T16:31:02","slug":"memberpress-buddypress","status":"publish","type":"product","link":"https:\/\/gpl-love.com\/fr\/produit\/memberpress-buddypress\/","title":{"rendered":"MemberPress BuddyPress 1.1.21"},"content":{"rendered":"<h3>MemberPress BuddyPress Traits<\/h3>\n<p>L&rsquo;int\u00e9gration de MemberPress et BuddyPress est facilit\u00e9e par un plugin robuste connu sous le nom de Buddypress de membres. En utilisant ce plugin, les individus sont en mesure de superviser efficacement leur site d&rsquo;adh\u00e9sion et leur r\u00e9seau social \u00e0 partir d&rsquo;un seul emplacement. MemberPress BuddyPress propose un \u00e9ventail de fonctionnalit\u00e9s, y compris la possibilit\u00e9 d&rsquo;\u00e9tablir des niveaux d&rsquo;adh\u00e9sion personnalis\u00e9s et de restreindre l&rsquo;acc\u00e8s \u00e0 des pages, des publications et du contenu sp\u00e9cifiques uniquement pour les membres. De plus, il int\u00e8gre des \u00e9l\u00e9ments sociaux tels que les flux d&rsquo;activit\u00e9, les profils d&rsquo;utilisateurs et la messagerie priv\u00e9e dans le site d&rsquo;adh\u00e9sion, offrant ainsi aux utilisateurs une exp\u00e9rience communautaire en ligne compl\u00e8te. Avec sa fusion de sites d&rsquo;adh\u00e9sion et de fonctionnalit\u00e9s de r\u00e9seautage social, ce plugin d&rsquo;int\u00e9gration sert de choix optimal pour ceux qui cherchent \u00e0 cr\u00e9er une plate-forme qui combine de mani\u00e8re transparente les deux aspects. Par cons\u00e9quent, il rationalise le processus de gestion des membres et favorise une interaction accrue au sein de la communaut\u00e9.<\/p>\n<ul>\n<li>Combine les caract\u00e9ristiques puissantes de MemberPress et BuddyPress<\/li>\n<li>Offre une int\u00e9gration transparente entre les deux plugins<\/li>\n<li>Permet aux utilisateurs de cr\u00e9er un r\u00e9seau social avec des capacit\u00e9s d&rsquo;adh\u00e9sion<\/li>\n<li>Fournit une gestion avanc\u00e9e des utilisateurs et des autorisations pour les deux plugins<\/li>\n<li>Offre des formulaires et des champs d&rsquo;inscription personnalis\u00e9s pour BuddyPress<\/li>\n<li>Permet le traitement des paiements et la gestion de l&rsquo;abonnement via membre Press<\/li>\n<li>Fournit du contenu personnalis\u00e9 en fonction des niveaux d&rsquo;adh\u00e9sion<\/li>\n<li>Donne aux membres la possibilit\u00e9 de cr\u00e9er leurs propres groupes et forums sur le r\u00e9seau<\/li>\n<li>Fournit des rapports d\u00e9taill\u00e9s sur l&rsquo;activit\u00e9 des membres et des r\u00e9seaux sociaux<\/li>\n<li>Offre un support client et une documentation complets.<\/li>\n<\/ul>\n","protected":false},"excerpt":{"rendered":"<p>Le plugin BuddyPress MemberPress sert de solution id\u00e9ale pour les individus et les entreprises \u00e0 la recherche d&rsquo;un site d&rsquo;adh\u00e9sion hautement personnalisable dot\u00e9 d&rsquo;une communaut\u00e9 sociale florissante. En int\u00e9grant de mani\u00e8re transparente avec la plate-forme BuddyPress, ce plugin am\u00e9liore parfaitement votre site avec un \u00e9ventail de fonctionnalit\u00e9s sociales, permettant \u00e0 vos utilisateurs de forger des connexions, d&rsquo;\u00e9tablir des profils, d&rsquo;engager des groupes et de s&rsquo;engager dans divers autres efforts interactifs. De plus, MemberPress vous fournit des outils de gestion des membres robustes, vous catapultant ainsi vers la mon\u00e9tisation de votre site \u00e0 travers divers canaux, tels que la diffusion de contenu, le partage de vid\u00e9os et la prestation de cours, entre autres. B\u00e9n\u00e9ficiant d&rsquo;une installation rationalis\u00e9e et d&rsquo;un processus de personnalisation convivial, MemberPress Buddypress repr\u00e9sente un choix impeccable pour les entreprises et les individus aspirant \u00e0 une solution in\u00e9branlable pour leur communaut\u00e9 d&rsquo;adh\u00e9sion.<\/p>\n","protected":false},"featured_media":144504,"comment_status":"open","ping_status":"open","template":"","meta":[],"product_brand":[2592],"product_cat":[1300,1181,1186],"product_tag":[1302],"class_list":{"0":"post-134443","1":"product","2":"type-product","3":"status-publish","4":"has-post-thumbnail","6":"product_brand-memberpress","7":"product_cat-adhesion","8":"product_cat-plugins","9":"product_cat-wordpress-plugins","10":"product_tag-memberpress","11":"member-discount","12":"discount-restricted","14":"first","15":"instock","16":"sale","17":"downloadable","18":"virtual","19":"sold-individually","20":"purchasable","21":"product-type-simple"},"_links":{"self":[{"href":"https:\/\/gpl-love.com\/fr\/wp-json\/wp\/v2\/product\/134443","targetHints":{"allow":["GET"]}}],"collection":[{"href":"https:\/\/gpl-love.com\/fr\/wp-json\/wp\/v2\/product"}],"about":[{"href":"https:\/\/gpl-love.com\/fr\/wp-json\/wp\/v2\/types\/product"}],"replies":[{"embeddable":true,"href":"https:\/\/gpl-love.com\/fr\/wp-json\/wp\/v2\/comments?post=134443"}],"wp:featuredmedia":[{"embeddable":true,"href":"https:\/\/gpl-love.com\/fr\/wp-json\/wp\/v2\/media\/144504"}],"wp:attachment":[{"href":"https:\/\/gpl-love.com\/fr\/wp-json\/wp\/v2\/media?parent=134443"}],"wp:term":[{"taxonomy":"product_brand","embeddable":true,"href":"https:\/\/gpl-love.com\/fr\/wp-json\/wp\/v2\/product_brand?post=134443"},{"taxonomy":"product_cat","embeddable":true,"href":"https:\/\/gpl-love.com\/fr\/wp-json\/wp\/v2\/product_cat?post=134443"},{"taxonomy":"product_tag","embeddable":true,"href":"https:\/\/gpl-love.com\/fr\/wp-json\/wp\/v2\/product_tag?post=134443"}],"curies":[{"name":"wp","href":"https:\/\/api.w.org\/{rel}","templated":true}]}}