{"id":134441,"date":"2025-11-14T00:00:00","date_gmt":"2025-11-13T23:00:00","guid":{"rendered":"https:\/\/gpl-love.com\/fr\/produit\/mayosis-digital-marketplace-wordpress-theme\/"},"modified":"2026-03-20T23:23:58","modified_gmt":"2026-03-20T22:23:58","slug":"mayosis-digital-marketplace-wordpress-theme","status":"publish","type":"product","link":"https:\/\/gpl-love.com\/fr\/produit\/mayosis-digital-marketplace-wordpress-theme\/","title":{"rendered":"Mayosis Digital Marketplace WordPress Theme 5.4.7"},"content":{"rendered":"<h3>Mayosis Digital Marketplace WordPress Theme Traits<\/h3>\n<p>Le th\u00e8me WordPress du march\u00e9 num\u00e9rique Mayosis, avec son design visuellement \u00e9tonnant et une abondance de fonctionnalit\u00e9s, est sp\u00e9cifiquement con\u00e7u pour vous aider \u00e0 \u00e9tablir un march\u00e9 en ligne pour les produits num\u00e9riques. Il pr\u00e9sente une pl\u00e9thore d&rsquo;options de personnalisation qui vous permettent d&rsquo;infuser votre march\u00e9 avec une identit\u00e9 unique, ce qui lui permet de se distinguer sans effort de la concurrence. En outre, en offrant une prise en charge int\u00e9gr\u00e9e pour les passerelles de paiement bien connues, Mayosis vous offre des capacit\u00e9s de transaction et de gestion de paiement transparentes. De plus, le th\u00e8me est m\u00e9ticuleusement optimis\u00e9 pour les performances et l&rsquo;optimisation des moteurs de recherche (SEO), assurant ainsi le fonctionnement fluide de votre march\u00e9 tout en renfor\u00e7ant sa d\u00e9couverte sur les moteurs de recherche populaires. En r\u00e9sum\u00e9, si vous cherchez \u00e0 lancer un march\u00e9 num\u00e9rique professionnel et pleinement op\u00e9rationnel sur la plate-forme WordPress, Mayosis constitue un choix exceptionnel.<\/p>\n<ul>\n<li>Mayosis est un th\u00e8me WordPress professionnel et \u00e9l\u00e9gant sp\u00e9cialement con\u00e7u pour un march\u00e9 num\u00e9rique.<\/li>\n<li>Avec Mayosis, les utilisateurs peuvent facilement cr\u00e9er et g\u00e9rer un march\u00e9 num\u00e9rique pour vendre des produits tels que la musique, les vecteurs, les photos, les polices, les th\u00e8mes et les mod\u00e8les.<\/li>\n<li>Ce th\u00e8me a un puissant syst\u00e8me de soumission frontal qui rend sans effort pour les fournisseurs de soumettre leurs produits \u00e0 vendre. Il comprend \u00e9galement un syst\u00e8me d&rsquo;examen efficace pour garantir la qualit\u00e9 des produits offerts.<\/li>\n<li>Mayosis a plusieurs options de paiement qui incluent PayPal, Stripe et bien d&rsquo;autres.<\/li>\n<li>Les clients peuvent facilement rechercher leurs produits souhait\u00e9s par cat\u00e9gorie, filtre et recherche de mots cl\u00e9s.<\/li>\n<li>Mayosis est hautement personnalisable et donne aux utilisateurs la possibilit\u00e9 de s\u00e9lectionner une d\u00e9monstration pr\u00e9fabriqu\u00e9e et de la modifier \u00e0 leur go\u00fbt, ou de construire leur conception \u00e0 partir de z\u00e9ro \u00e0 l&rsquo;aide de son g\u00e9n\u00e9rateur de page Drag-Drop.<\/li>\n<li>Le th\u00e8me est bien document\u00e9, il est donc facile pour les utilisateurs de comprendre et de mettre en \u0153uvre des modifications de leur site Web.<\/li>\n<li>Mayosis est tr\u00e8s r\u00e9actif, garantissant que votre site Web est accessible sur tous les appareils, y compris les t\u00e9l\u00e9phones mobiles, les ordinateurs et les tablettes.<\/li>\n<li>Les d\u00e9veloppeurs de Mayosis proposent \u00e9galement un support client exceptionnel pour r\u00e9soudre tout probl\u00e8me ou confusion que vous pourriez rencontrer.<\/li>\n<li>Avec Mayosis, les utilisateurs peuvent cr\u00e9er un march\u00e9 num\u00e9rique sans couture et efficace qui impressionnera certainement vos clients et augmentera vos ventes.<\/li>\n<\/ul>\n","protected":false},"excerpt":{"rendered":"<p>Le th\u00e8me WordPress du march\u00e9 num\u00e9rique Mayosis se pr\u00e9sente comme un choix in\u00e9gal\u00e9 pour les entrepreneurs et les cr\u00e9ateurs ambitieux cherchant \u00e0 \u00e9tablir une pr\u00e9sence rentable dans le domaine des ventes de produits num\u00e9riques en ligne. Avec sa conception m\u00e9ticuleusement con\u00e7ue, ce th\u00e8me promet une exp\u00e9rience utilisateur in\u00e9gal\u00e9e, g\u00e9n\u00e9reusement dot\u00e9e d&rsquo;une gamme d&rsquo;outils de pointe con\u00e7us pour faciliter l&rsquo;organisation de produits transparente, le traitement des paiements rationalis\u00e9s et la communication client efficace. Que vos articles num\u00e9riques prennent la forme de livres \u00e9lectroniques captivants, de vid\u00e9os fascinantes, de photographie \u00e0 couper le souffle, de musique m\u00e9lodieuse ou de logiciels sophistiqu\u00e9s, le th\u00e8me WordPress du march\u00e9 num\u00e9rique Mayosis offre une solution sans effort pour \u00e9tablir un emporium en ligne sophistiqu\u00e9, enti\u00e8rement \u00e9quip\u00e9 pour attirer une client\u00e8le diversifi\u00e9e et \u00e9tendue . En vertu de son interface conviviale, compl\u00e9t\u00e9e par de formidables prouesses technologiques, ce th\u00e8me s&rsquo;affirme comme un atout indispensable pour tout fournisseur en ligne exigeant d\u00e9termin\u00e9 \u00e0 r\u00e9aliser un succ\u00e8s substantiel.<\/p>\n","protected":false},"featured_media":144472,"comment_status":"open","ping_status":"open","template":"","meta":[],"product_brand":[2433],"product_cat":[1516,1212,1213],"product_tag":[1366],"class_list":{"0":"post-134441","1":"product","2":"type-product","3":"status-publish","4":"has-post-thumbnail","6":"product_brand-themeforest","7":"product_cat-entreprise","8":"product_cat-themes","9":"product_cat-wordpress-themes","10":"product_tag-themeforest","11":"member-discount","12":"discount-restricted","14":"first","15":"instock","16":"sale","17":"downloadable","18":"virtual","19":"sold-individually","20":"purchasable","21":"product-type-simple"},"_links":{"self":[{"href":"https:\/\/gpl-love.com\/fr\/wp-json\/wp\/v2\/product\/134441","targetHints":{"allow":["GET"]}}],"collection":[{"href":"https:\/\/gpl-love.com\/fr\/wp-json\/wp\/v2\/product"}],"about":[{"href":"https:\/\/gpl-love.com\/fr\/wp-json\/wp\/v2\/types\/product"}],"replies":[{"embeddable":true,"href":"https:\/\/gpl-love.com\/fr\/wp-json\/wp\/v2\/comments?post=134441"}],"wp:featuredmedia":[{"embeddable":true,"href":"https:\/\/gpl-love.com\/fr\/wp-json\/wp\/v2\/media\/144472"}],"wp:attachment":[{"href":"https:\/\/gpl-love.com\/fr\/wp-json\/wp\/v2\/media?parent=134441"}],"wp:term":[{"taxonomy":"product_brand","embeddable":true,"href":"https:\/\/gpl-love.com\/fr\/wp-json\/wp\/v2\/product_brand?post=134441"},{"taxonomy":"product_cat","embeddable":true,"href":"https:\/\/gpl-love.com\/fr\/wp-json\/wp\/v2\/product_cat?post=134441"},{"taxonomy":"product_tag","embeddable":true,"href":"https:\/\/gpl-love.com\/fr\/wp-json\/wp\/v2\/product_tag?post=134441"}],"curies":[{"name":"wp","href":"https:\/\/api.w.org\/{rel}","templated":true}]}}