{"id":134439,"date":"2026-05-01T00:00:00","date_gmt":"2026-04-30T22:00:00","guid":{"rendered":"https:\/\/gpl-love.com\/fr\/produit\/masterstudy-education-lms-wordpress-theme\/"},"modified":"2026-05-01T12:30:47","modified_gmt":"2026-05-01T10:30:47","slug":"masterstudy-education-lms-wordpress-theme","status":"publish","type":"product","link":"https:\/\/gpl-love.com\/fr\/produit\/masterstudy-education-lms-wordpress-theme\/","title":{"rendered":"Masterstudy Education LMS WordPress Theme 4.8.146"},"content":{"rendered":"<h3>Masterstudy Education LMS WordPress Theme Traits<\/h3>\n<p>Le th\u00e8me WordPress de MasterStudy Education LMS se pr\u00e9sente comme une solution compl\u00e8te et globale pour les personnes cherchant \u00e0 \u00e9tablir une plate-forme d&rsquo;apprentissage en ligne professionnelle et captivante. Gr\u00e2ce \u00e0 son interface conviviale et \u00e0 sa gamme impressionnante de fonctionnalit\u00e9s puissantes, ce th\u00e8me offre une pl\u00e9thore d&rsquo;options de personnalisation, permettant aux utilisateurs d&rsquo;adapter m\u00e9ticuleusement leur site Web \u00e0 s&rsquo;aligner parfaitement avec leurs exigences sp\u00e9cifiques. Que l&rsquo;on s&rsquo;efforce de cr\u00e9er un site Web d&rsquo;apprentissage en ligne, une plate-forme de cours en ligne ou un site Web d&rsquo;\u00e9cole, MasterStudy facilite sans effort la cr\u00e9ation d&rsquo;un site visuellement frappant et \u00e9clairant, qui captise efficacement les apprenants et les propulse \u00e0 r\u00e9aliser leurs aspirations \u00e9ducatives. Avec sa conception r\u00e9active et ses fonctionnalit\u00e9s robustes, le th\u00e8me WordPress LMS MasterStudy Education appara\u00eet comme un atout indispensable pour les \u00e9ducateurs et les entrepreneurs, qui souhaitent construire une plate-forme d&rsquo;apprentissage en ligne accomplie et prosp\u00e8re.<\/p>\n<ul>\n<li>Un th\u00e8me WordPress puissant con\u00e7u sp\u00e9cifiquement pour les \u00e9tablissements d&rsquo;enseignement<\/li>\n<li>La conception r\u00e9active garantit que le th\u00e8me fonctionne en douceur sur tous les appareils, du bureau au mobile<\/li>\n<li>Le syst\u00e8me de gestion des cours int\u00e9gr\u00e9s facilite la cr\u00e9ation et la gestion des cours, de suivre les progr\u00e8s des \u00e9tudiants et d&rsquo;\u00e9mettre des certificats<\/li>\n<li>Le constructeur de pages glisser-d\u00e9poser intuitif vous permet de personnaliser le th\u00e8me adapt\u00e9 aux besoins uniques de votre \u00e9cole<\/li>\n<li>L&rsquo;int\u00e9gration avec des passerelles de paiement populaires signifie que vous pouvez facilement percevoir des paiements pour les cours et autres offres<\/li>\n<li>La conception adapt\u00e9e au r\u00e9f\u00e9rencement aide votre site plus \u00e9lev\u00e9 dans les r\u00e9sultats de recherche, apportant plus de trafic et de clients potentiels<\/li>\n<li>L&rsquo;acc\u00e8s \u00e0 une biblioth\u00e8que de sites de d\u00e9monstration pr\u00e9d\u00e9finis permet de d\u00e9marrer facilement et de cr\u00e9er un site Web d&rsquo;aspect professionnel en un rien de temps<\/li>\n<li>Le support complet de WooCommerce vous permet de vendre des produits physiques et num\u00e9riques via votre site<\/li>\n<li>L&rsquo;int\u00e9gration avec les plateformes de m\u00e9dias sociaux permet de promouvoir facilement vos cours et autres offres \u00e0 un public plus large<\/li>\n<li>La documentation compl\u00e8te et le support garantissent que vous pouvez facilement obtenir de l&rsquo;aide et personnaliser le th\u00e8me pour r\u00e9pondre \u00e0 vos besoins.<\/li>\n<\/ul>\n","protected":false},"excerpt":{"rendered":"<p>Le th\u00e8me WordPress LMS MasterStudy Education offre une pl\u00e9thore d&rsquo;options personnalisables et une interface conviviale, ce qui en fait un excellent choix pour construire des plateformes d&rsquo;apprentissage en ligne. Ce th\u00e8me poss\u00e8de un \u00e9ventail de fonctionnalit\u00e9s robustes, y compris la possibilit\u00e9 de cr\u00e9er des cours, d&rsquo;administrer des quiz, de g\u00e9rer les \u00e9tudiants et d&rsquo;int\u00e9grer de mani\u00e8re transparente les syst\u00e8mes de paiement, simplifiant ainsi le processus de d\u00e9veloppement et de maintien du contenu \u00e9ducatif. De plus, le th\u00e8me priorise l&rsquo;optimisation et la r\u00e9activit\u00e9 des moteurs de recherche, garantissant que les \u00e9tudiants peuvent acc\u00e9der au mat\u00e9riel de cours \u00e0 partir de n&rsquo;importe quel appareil. Que vous soyez un \u00e9ducateur individuel ou un \u00e9tablissement d&rsquo;enseignement, le th\u00e8me WordPress LMS MasterStudy Education vous offre l&rsquo;outil id\u00e9al pour offrir des exp\u00e9riences d&rsquo;apprentissage en ligne exceptionnelles de la plus grande qualit\u00e9.<\/p>\n","protected":false},"featured_media":144466,"comment_status":"open","ping_status":"open","template":"","meta":[],"product_brand":[2433],"product_cat":[1516,1212,1213],"product_tag":[1366],"class_list":{"0":"post-134439","1":"product","2":"type-product","3":"status-publish","4":"has-post-thumbnail","6":"product_brand-themeforest","7":"product_cat-entreprise","8":"product_cat-themes","9":"product_cat-wordpress-themes","10":"product_tag-themeforest","11":"member-discount","12":"discount-restricted","14":"first","15":"instock","16":"sale","17":"downloadable","18":"virtual","19":"sold-individually","20":"purchasable","21":"product-type-simple"},"_links":{"self":[{"href":"https:\/\/gpl-love.com\/fr\/wp-json\/wp\/v2\/product\/134439","targetHints":{"allow":["GET"]}}],"collection":[{"href":"https:\/\/gpl-love.com\/fr\/wp-json\/wp\/v2\/product"}],"about":[{"href":"https:\/\/gpl-love.com\/fr\/wp-json\/wp\/v2\/types\/product"}],"replies":[{"embeddable":true,"href":"https:\/\/gpl-love.com\/fr\/wp-json\/wp\/v2\/comments?post=134439"}],"wp:featuredmedia":[{"embeddable":true,"href":"https:\/\/gpl-love.com\/fr\/wp-json\/wp\/v2\/media\/144466"}],"wp:attachment":[{"href":"https:\/\/gpl-love.com\/fr\/wp-json\/wp\/v2\/media?parent=134439"}],"wp:term":[{"taxonomy":"product_brand","embeddable":true,"href":"https:\/\/gpl-love.com\/fr\/wp-json\/wp\/v2\/product_brand?post=134439"},{"taxonomy":"product_cat","embeddable":true,"href":"https:\/\/gpl-love.com\/fr\/wp-json\/wp\/v2\/product_cat?post=134439"},{"taxonomy":"product_tag","embeddable":true,"href":"https:\/\/gpl-love.com\/fr\/wp-json\/wp\/v2\/product_tag?post=134439"}],"curies":[{"name":"wp","href":"https:\/\/api.w.org\/{rel}","templated":true}]}}