{"id":134437,"date":"2026-04-21T00:00:00","date_gmt":"2026-04-20T22:00:00","guid":{"rendered":"https:\/\/gpl-love.com\/fr\/produit\/loginpress-pro\/"},"modified":"2026-04-21T18:30:34","modified_gmt":"2026-04-21T16:30:34","slug":"loginpress-pro","status":"publish","type":"product","link":"https:\/\/gpl-love.com\/fr\/produit\/loginpress-pro\/","title":{"rendered":"LoginPress Pro 6.2.0"},"content":{"rendered":"<h3>LoginPress Pro Traits<\/h3>\n<p>LoginPress Pro, un plugin incroyablement robuste, est con\u00e7u pour rationaliser le processus de connexion pour les sites Web WordPress avec sa gamme d&rsquo;options de personnalisation avanc\u00e9es qui permettent aux utilisateurs de concevoir sans effort leurs pages de connexion \u00e0 leurs pr\u00e9f\u00e9rences exactes. Non seulement il offre une multitude de m\u00e9thodes de connexion, telles que les connexions sociales et l&rsquo;authentification \u00e0 deux facteurs, pour renforcer la s\u00e9curit\u00e9 du site Web, mais il poss\u00e8de \u00e9galement une interface conviviale qui ne n\u00e9cessite aucune connaissance de codage pr\u00e9alable, ce qui en fait un outil indispensable pour les propri\u00e9taires de sites Web cherchant \u00e0 am\u00e9liorer l&rsquo;exp\u00e9rience utilisateur globale de leurs pages de connexion. Ne manquez pas l&rsquo;opportunit\u00e9 d&rsquo;obtenir Loginpress Pro aujourd&rsquo;hui et d\u00e9couvrez l&rsquo;efficacit\u00e9 in\u00e9gal\u00e9e et la s\u00e9curit\u00e9 accrue qu&rsquo;elle offre au processus de connexion de votre site Web WordPress.<\/p>\n<ul>\n<li>Un puissant plugin WordPress pour am\u00e9liorer la s\u00e9curit\u00e9 et la personnalisation de la connexion<\/li>\n<li>Caract\u00e9ristiques des pages de connexion personnalis\u00e9es avec des logos, des arri\u00e8re-plans et des couleurs de marque<\/li>\n<li>Permet l&rsquo;authentification \u00e0 deux facteurs par e-mail ou authentificateur Google<\/li>\n<li>Offre la d\u00e9tection et la pr\u00e9vention de la force brute avec des param\u00e8tres de lock-out<\/li>\n<li>Permet la connexion sans mot de passe avec des liens magiques ou des codes QR<\/li>\n<li>Fournit un suivi de l&rsquo;historique des utilisateurs et des connexions pour l&rsquo;activit\u00e9 de surveillance<\/li>\n<li>S&rsquo;int\u00e8gre aux services de marketing par e-mail populaires pour la g\u00e9n\u00e9ration de leads<\/li>\n<li>Comprend un tableau de bord personnalisable pour g\u00e9rer tous les param\u00e8tres li\u00e9s \u00e0 la connexion<\/li>\n<\/ul>\n","protected":false},"excerpt":{"rendered":"<p>Loginpress Pro est un plugin WordPress incroyablement complet qui a \u00e9t\u00e9 con\u00e7u de mani\u00e8re experte pour renforcer consid\u00e9rablement la s\u00e9curit\u00e9 de votre site Web gr\u00e2ce \u00e0 la personnalisation du formulaire de connexion et de la page. Cet outil remarquablement robuste vous permet de modeler sans effort des pages de connexion \u00e9tonnantes et conviviales qui s&rsquo;alignent parfaitement avec votre marque unique tout en servant simultan\u00e9ment de barri\u00e8re imp\u00e9n\u00e9trable contre les pirates potentiels. Offrant une vaste gamme de fonctionnalit\u00e9s telles que la possibilit\u00e9 de personnaliser les URL de connexion, d&rsquo;incorporer l&rsquo;authentification multi-facteurs et m\u00eame d&rsquo;int\u00e9grer des logos et des images d&rsquo;arri\u00e8re-plan personnalis\u00e9s, Loginpress Pro vous accorde la libert\u00e9 et l&rsquo;autorit\u00e9 in\u00e9gal\u00e9es n\u00e9cessaires pour pr\u00e9server l&rsquo;int\u00e9grit\u00e9 et la fortification de votre site Web . Boasting a remarkably intuitive installation process and user-friendly interface, LoginPress Pro indisputably reigns as the epitome of plugins for discerning website owners who not only prioritize the safeguarding of their precious data and information, but also demand a level of customization and functionality that far surpasses tout le reste sur le march\u00e9.<\/p>\n","protected":false},"featured_media":144393,"comment_status":"open","ping_status":"open","template":"","meta":[],"product_brand":[2585],"product_cat":[1187,1181,1186],"product_tag":[1297],"class_list":{"0":"post-134437","1":"product","2":"type-product","3":"status-publish","4":"has-post-thumbnail","6":"product_brand-wp-brigade","7":"product_cat-administration-wordpress-plugins","8":"product_cat-plugins","9":"product_cat-wordpress-plugins","10":"product_tag-wp-brigade","11":"member-discount","12":"discount-restricted","14":"first","15":"instock","16":"sale","17":"downloadable","18":"virtual","19":"sold-individually","20":"purchasable","21":"product-type-simple"},"_links":{"self":[{"href":"https:\/\/gpl-love.com\/fr\/wp-json\/wp\/v2\/product\/134437","targetHints":{"allow":["GET"]}}],"collection":[{"href":"https:\/\/gpl-love.com\/fr\/wp-json\/wp\/v2\/product"}],"about":[{"href":"https:\/\/gpl-love.com\/fr\/wp-json\/wp\/v2\/types\/product"}],"replies":[{"embeddable":true,"href":"https:\/\/gpl-love.com\/fr\/wp-json\/wp\/v2\/comments?post=134437"}],"wp:featuredmedia":[{"embeddable":true,"href":"https:\/\/gpl-love.com\/fr\/wp-json\/wp\/v2\/media\/144393"}],"wp:attachment":[{"href":"https:\/\/gpl-love.com\/fr\/wp-json\/wp\/v2\/media?parent=134437"}],"wp:term":[{"taxonomy":"product_brand","embeddable":true,"href":"https:\/\/gpl-love.com\/fr\/wp-json\/wp\/v2\/product_brand?post=134437"},{"taxonomy":"product_cat","embeddable":true,"href":"https:\/\/gpl-love.com\/fr\/wp-json\/wp\/v2\/product_cat?post=134437"},{"taxonomy":"product_tag","embeddable":true,"href":"https:\/\/gpl-love.com\/fr\/wp-json\/wp\/v2\/product_tag?post=134437"}],"curies":[{"name":"wp","href":"https:\/\/api.w.org\/{rel}","templated":true}]}}