{"id":134435,"date":"2024-08-08T00:00:00","date_gmt":"2024-08-07T22:00:00","guid":{"rendered":"https:\/\/gpl-love.com\/fr\/produit\/livemesh-addons-for-elementor-premium\/"},"modified":"2026-03-20T23:22:43","modified_gmt":"2026-03-20T22:22:43","slug":"livemesh-addons-for-elementor-premium","status":"publish","type":"product","link":"https:\/\/gpl-love.com\/fr\/produit\/livemesh-addons-for-elementor-premium\/","title":{"rendered":"Livemesh Addons pour Elementor Premium 8.5"},"content":{"rendered":"<h3>Livemesh Addons pour Elementor Premium Traits<\/h3>\n<p>Livemesh Addons for Elementor Premium est un produit extraordinaire et exemplaire qui pr\u00e9sente aux utilisateurs un large \u00e9ventail d&rsquo;outils avanc\u00e9s et professionnels, augmentant ainsi et \u00e9levant la conception et la fonctionnalit\u00e9 de leur site Web \u00e0 des hauteurs sans pr\u00e9c\u00e9dent. Ce plugin exceptionnellement remarquable comprend une multitude diversifi\u00e9e de widgets, englobant mais sans s&rsquo;y limiter aux tables de tarification, aux profils des membres de l&rsquo;\u00e9quipe, aux boutons de partage social et \u00e0 une myriade d&rsquo;autres fonctionnalit\u00e9s captivantes. De plus, en plus de son r\u00e9pertoire d\u00e9j\u00e0 impressionnant, les addons Livemesh pour Elementor Premium se vante de fournir aux utilisateurs des attributs premium tels que la disposition de la grille intelligente, les types de publication personnalis\u00e9s et les mod\u00e8les de publication personnalis\u00e9s, am\u00e9liorant ainsi et enrichissant l&rsquo;exp\u00e9rience utilisateur globale. Avec son interface remarquablement intuitive et conviviale, entrelac\u00e9e de mani\u00e8re transparente avec la plate-forme Elementor int\u00e9gr\u00e9e de mani\u00e8re transparente, ce produit extraordinaire devient ind\u00e9niablement et sans \u00e9quivoque une n\u00e9cessit\u00e9 absolue et un outil indispensable pour tout concepteur Web ou d\u00e9veloppeur tr\u00e8s sophistiqu\u00e9 et discernant pour concevoir et produire un v\u00e9ritable sophistiqu\u00e9, Site Web poli et visuellement magnifique.<\/p>\n<ul>\n<li>Biblioth\u00e8que \u00e9tendue de widgets et modules pour am\u00e9liorer la cr\u00e9ation du site Web Elementor<\/li>\n<li>Fonctionnalit\u00e9s avanc\u00e9es comme les grilles de post dynamique, le carrousel avanc\u00e9, la chronologie et les tables de tarification<\/li>\n<li>Interface glisser et d\u00e9poser pour une personnalisation de conception facile<\/li>\n<li>Mod\u00e8les pr\u00eats \u00e0 l&#8217;emploi et blocs de conception pour rationaliser la cr\u00e9ation du site Web<\/li>\n<li>Structure de r\u00e9f\u00e9rencement pour am\u00e9liorer la visibilit\u00e9 du site Web<\/li>\n<li>Compatibilit\u00e9 entre les navigateurs pour l&rsquo;exp\u00e9rience utilisateur transparente<\/li>\n<li>Mises \u00e0 jour r\u00e9guli\u00e8res et nouvelles fonctionnalit\u00e9s pour suivre les derni\u00e8res tendances de conception Web<\/li>\n<li>Conception r\u00e9active pour s&rsquo;assurer que le site Web a l&rsquo;air super sur tous les appareils<\/li>\n<li>Temps de chargement super rapide pour am\u00e9liorer les performances du site Web<\/li>\n<li>Excellent support client et documentation pour vous aider \u00e0 tirer le meilleur parti du produit.<\/li>\n<\/ul>\n","protected":false},"excerpt":{"rendered":"<p>Les addons Livemesh pour Elementor Premium pr\u00e9sentent ses prouesses en tant que collection compl\u00e8te de widgets et d&rsquo;extensions robustes et charg\u00e9s de fonctionnalit\u00e9s, m\u00e9ticuleusement con\u00e7us exclusivement pour le constructeur de page Elementor. Cette offre remarquable permet aux utilisateurs de fabriquer sans effort et rapidement des pages Web visuellement captivantes et charg\u00e9es dynamiquement. L&rsquo;\u00e9tendue de ce plugin premium est illustr\u00e9e par son inclusion d&rsquo;un \u00e9ventail de modules avanc\u00e9s, tels que des minuteries \u00e0 rebours, des t\u00e9moignages, des galeries d&rsquo;images, des tables de tarification, des flux de m\u00e9dias sociaux et une myriade d&rsquo;autres caract\u00e9ristiques remarquables. Sa polyvalence in\u00e9gal\u00e9e en fait un choix id\u00e9al pour les entreprises, les agences, les ind\u00e9pendants et tout d\u00e9sir individuel de propulser leur site Web \u00e0 des hauteurs sans pr\u00e9c\u00e9dent. Acqu\u00e9rir les addons Livemesh convoit\u00e9s pour Elementor Premium aujourd&rsquo;hui et entreprendre le voyage de fabrication de sites Web exceptionnellement beaux.<\/p>\n","protected":false},"featured_media":144392,"comment_status":"open","ping_status":"open","template":"","meta":[],"product_brand":[2539],"product_cat":[1189,1181,1186],"product_tag":[1264],"class_list":{"0":"post-134435","1":"product","2":"type-product","3":"status-publish","4":"has-post-thumbnail","6":"product_brand-elementor","7":"product_cat-personnalisation","8":"product_cat-plugins","9":"product_cat-wordpress-plugins","10":"product_tag-elementor","11":"member-discount","12":"discount-restricted","14":"first","15":"instock","16":"sale","17":"downloadable","18":"virtual","19":"sold-individually","20":"purchasable","21":"product-type-simple"},"_links":{"self":[{"href":"https:\/\/gpl-love.com\/fr\/wp-json\/wp\/v2\/product\/134435","targetHints":{"allow":["GET"]}}],"collection":[{"href":"https:\/\/gpl-love.com\/fr\/wp-json\/wp\/v2\/product"}],"about":[{"href":"https:\/\/gpl-love.com\/fr\/wp-json\/wp\/v2\/types\/product"}],"replies":[{"embeddable":true,"href":"https:\/\/gpl-love.com\/fr\/wp-json\/wp\/v2\/comments?post=134435"}],"wp:featuredmedia":[{"embeddable":true,"href":"https:\/\/gpl-love.com\/fr\/wp-json\/wp\/v2\/media\/144392"}],"wp:attachment":[{"href":"https:\/\/gpl-love.com\/fr\/wp-json\/wp\/v2\/media?parent=134435"}],"wp:term":[{"taxonomy":"product_brand","embeddable":true,"href":"https:\/\/gpl-love.com\/fr\/wp-json\/wp\/v2\/product_brand?post=134435"},{"taxonomy":"product_cat","embeddable":true,"href":"https:\/\/gpl-love.com\/fr\/wp-json\/wp\/v2\/product_cat?post=134435"},{"taxonomy":"product_tag","embeddable":true,"href":"https:\/\/gpl-love.com\/fr\/wp-json\/wp\/v2\/product_tag?post=134435"}],"curies":[{"name":"wp","href":"https:\/\/api.w.org\/{rel}","templated":true}]}}