{"id":134433,"date":"2025-11-10T00:00:00","date_gmt":"2025-11-09T23:00:00","guid":{"rendered":"https:\/\/gpl-love.com\/fr\/produit\/listify-wordpress-directory-theme\/"},"modified":"2026-03-20T23:22:36","modified_gmt":"2026-03-20T22:22:36","slug":"listify-wordpress-directory-theme","status":"publish","type":"product","link":"https:\/\/gpl-love.com\/fr\/produit\/listify-wordpress-directory-theme\/","title":{"rendered":"Listify WordPress Directory Theme 3.2.8"},"content":{"rendered":"<h3>Listify WordPress Directory Theme Traits<\/h3>\n<p>Listifier WordPress Directory Le th\u00e8me est un th\u00e8me incroyablement robuste et polyvalent qui a \u00e9t\u00e9 sp\u00e9cifiquement d\u00e9velopp\u00e9 pour r\u00e9pondre aux besoins de cr\u00e9ation de r\u00e9pertoires et de r\u00e9pertoires des sites Web. Son interface est non seulement intuitive mais \u00e9galement conviviale, permettant aux utilisateurs de cr\u00e9er et de g\u00e9rer sans effort des listes, d&rsquo;int\u00e9grer des champs personnalis\u00e9s et d&rsquo;adapter la disposition et la conception du site pour s&rsquo;aligner parfaitement avec leur marque. En outre, la lisification poss\u00e8de une r\u00e9activit\u00e9 compl\u00e8te et peut \u00eatre facilement modifi\u00e9e pour r\u00e9pondre aux exigences individuelles, ce qui en fait la solution ultime pour un \u00e9ventail diversifi\u00e9 de sites Web d&rsquo;annuaire, y compris les r\u00e9pertoires commerciaux locaux, les services d&#8217;emploi, etc. Que vous soyez un d\u00e9veloppeur chevronn\u00e9 ou un propri\u00e9taire d&rsquo;entreprise cherchant \u00e0 \u00e9tablir un site Web d&rsquo;annuaire, la lisification est un choix exemplaire qui garantit un processus de configuration transparent et opportun.<\/p>\n<ul>\n<li>Un th\u00e8me WordPress enti\u00e8rement r\u00e9activ\u00e9 con\u00e7u sp\u00e9cifiquement pour cr\u00e9er des r\u00e9pertoires et inscrire des sites Web<\/li>\n<li>Permet aux utilisateurs de cr\u00e9er et de g\u00e9rer facilement les listes, y compris les images, les cartes et les coordonn\u00e9es<\/li>\n<li>Comprend plusieurs dispositions de page d&rsquo;accueil personnalisables, des filtres de recherche et des formulaires de soumission pour le contenu g\u00e9n\u00e9r\u00e9 par l&rsquo;utilisateur<\/li>\n<li>Optimis\u00e9 pour l&rsquo;int\u00e9gration transparente avec les plugins WordPress populaires, y compris WooCommerce et Yoast SEO<\/li>\n<li>Construit avec du code propre et valid\u00e9 et l&rsquo;adh\u00e9sion aux meilleures pratiques pour le r\u00e9f\u00e9rencement et l&rsquo;optimisation des performances<\/li>\n<li>Comprend un panneau d&rsquo;options de th\u00e8me robuste pour personnaliser les couleurs, les polices et autres \u00e9l\u00e9ments de conception<\/li>\n<li>Fournit une documentation approfondie et un support d\u00e9di\u00e9 pour aider les utilisateurs \u00e0 tirer le meilleur parti de leur site Web d&rsquo;annuaire<\/li>\n<li>R\u00e9guli\u00e8rement mis \u00e0 jour avec des corrections de bogues, de nouvelles fonctionnalit\u00e9s et des am\u00e9liorations de compatibilit\u00e9 pour la derni\u00e8re version de WordPress<\/li>\n<li>Livr\u00e9 avec une garantie de remboursement de 30 jours et des mises \u00e0 jour \u00e0 vie et un soutien pour le succ\u00e8s continu.<\/li>\n<\/ul>\n","protected":false},"excerpt":{"rendered":"<p>Le th\u00e8me du r\u00e9pertoire WordPress de Listify, qui poss\u00e8de une puissance incroyable, sert d&rsquo;instrument remarquable permettant aux utilisateurs de cr\u00e9er et de g\u00e9rer sans effort et sans effort les sites Web d&rsquo;annuaire. Gr\u00e2ce \u00e0 son interface remarquablement conviviale de glisser-d\u00e9poser, on gagne la possibilit\u00e9 de personnaliser les listes et les cat\u00e9gories, int\u00e9grer des fonctionnalit\u00e9s telles que des avis et des notes, et m\u00eame g\u00e9n\u00e9rer des revenus gr\u00e2ce \u00e0 des options de publicit\u00e9 ou d&rsquo;adh\u00e9sion. En outre, ce th\u00e8me est \u00e9quip\u00e9 d&rsquo;une optimisation et d&rsquo;une r\u00e9activit\u00e9 exceptionnelles, garantissant ainsi que votre site Web semble visuellement attrayant sur tous les appareils, tout en garantissant simultan\u00e9ment que les moteurs de recherche peuvent facilement naviguer et indexer son contenu. Que ce soit un r\u00e9pertoire de niche ou un site de r\u00e9pertoire global, Listify Ind\u00e9niablement est l&rsquo;outil ultime pour vous guider dans votre entr\u00e9e dans votre voyage de construction d&rsquo;annuaire.<\/p>\n","protected":false},"featured_media":144384,"comment_status":"open","ping_status":"open","template":"","meta":[],"product_brand":[2433],"product_cat":[1516,1212,1213],"product_tag":[1366],"class_list":{"0":"post-134433","1":"product","2":"type-product","3":"status-publish","4":"has-post-thumbnail","6":"product_brand-themeforest","7":"product_cat-entreprise","8":"product_cat-themes","9":"product_cat-wordpress-themes","10":"product_tag-themeforest","11":"member-discount","12":"discount-restricted","14":"first","15":"instock","16":"sale","17":"downloadable","18":"virtual","19":"sold-individually","20":"purchasable","21":"product-type-simple"},"_links":{"self":[{"href":"https:\/\/gpl-love.com\/fr\/wp-json\/wp\/v2\/product\/134433","targetHints":{"allow":["GET"]}}],"collection":[{"href":"https:\/\/gpl-love.com\/fr\/wp-json\/wp\/v2\/product"}],"about":[{"href":"https:\/\/gpl-love.com\/fr\/wp-json\/wp\/v2\/types\/product"}],"replies":[{"embeddable":true,"href":"https:\/\/gpl-love.com\/fr\/wp-json\/wp\/v2\/comments?post=134433"}],"wp:featuredmedia":[{"embeddable":true,"href":"https:\/\/gpl-love.com\/fr\/wp-json\/wp\/v2\/media\/144384"}],"wp:attachment":[{"href":"https:\/\/gpl-love.com\/fr\/wp-json\/wp\/v2\/media?parent=134433"}],"wp:term":[{"taxonomy":"product_brand","embeddable":true,"href":"https:\/\/gpl-love.com\/fr\/wp-json\/wp\/v2\/product_brand?post=134433"},{"taxonomy":"product_cat","embeddable":true,"href":"https:\/\/gpl-love.com\/fr\/wp-json\/wp\/v2\/product_cat?post=134433"},{"taxonomy":"product_tag","embeddable":true,"href":"https:\/\/gpl-love.com\/fr\/wp-json\/wp\/v2\/product_tag?post=134433"}],"curies":[{"name":"wp","href":"https:\/\/api.w.org\/{rel}","templated":true}]}}