{"id":134431,"date":"2026-03-02T00:00:00","date_gmt":"2026-03-01T23:00:00","guid":{"rendered":"https:\/\/gpl-love.com\/fr\/produit\/learndash-lms-wordpress-plugin\/"},"modified":"2026-03-20T23:22:02","modified_gmt":"2026-03-20T22:22:02","slug":"learndash-lms-wordpress-plugin","status":"publish","type":"product","link":"https:\/\/gpl-love.com\/fr\/produit\/learndash-lms-wordpress-plugin\/","title":{"rendered":"LearnDash LMS WordPress Plugin 5.0.2"},"content":{"rendered":"<h3>LearnDash LMS WordPress Plugin Traits<\/h3>\n<p>Le plugin Learndash LMS WordPress est un outil incroyablement puissant et exceptionnellement polyvalent qui offre aux entreprises et aux \u00e9ducateurs la possibilit\u00e9 de cr\u00e9er et de g\u00e9rer efficacement des cours en ligne efficacement. Quelles que soient vos intentions sp\u00e9cifiques, que vous souhaitiez administrer une formation \u00e0 vos employ\u00e9s, \u00e9duquer vos pr\u00e9cieux clients ou \u00e9tudiants, ou m\u00eame construire un tout nouveau flux de revenus au moyen de cours en ligne, le Learndash LMS poss\u00e8de toutes les fonctionnalit\u00e9s et les fonctionnalit\u00e9s n\u00e9cessaires et Capacit\u00e9s pour remplir vos aspirations. Certaines de ses caract\u00e9ristiques remarquables incluent la possibilit\u00e9 de cr\u00e9er sans effort des cours simplement en faisant glisser et en abandonnant les \u00e9l\u00e9ments, \u00e0 l&rsquo;incorporation de quiz et de missions dynamiques qui am\u00e9liorent l&rsquo;exp\u00e9rience d&rsquo;apprentissage, la capacit\u00e9 de personnaliser des certificats pour r\u00e9pondre \u00e0 vos pr\u00e9f\u00e9rences sp\u00e9cifiques et la fourniture de rapports robustes et Analytiques qui vous permettent de d\u00e9river des informations pr\u00e9cieuses des progr\u00e8s de vos apprenants. De plus, l&rsquo;int\u00e9gration transparente de ce plugin avec votre site WordPress pr\u00e9existant garantit un processus rapide et rationalis\u00e9 lorsqu&rsquo;il s&rsquo;agit de commencer vos programmes d&rsquo;apprentissage en ligne et de les \u00e9tendre au fil du temps. Par cons\u00e9quent, si vous \u00eates \u00e0 la recherche d&rsquo;une solution LMS tout compris et tr\u00e8s fiable qui est garantie pour fournir des r\u00e9sultats exceptionnels, il est absolument imp\u00e9ratif que vous accordez s\u00e9rieusement l&rsquo;extraordinaire LMS Learndash LMS.<\/p>\n<ul>\n<li>Le plugin Learndash LMS WordPress propose un syst\u00e8me de gestion d&rsquo;apprentissage complet qui peut \u00eatre int\u00e9gr\u00e9 de mani\u00e8re transparente dans votre site WordPress.<\/li>\n<li>Avec ce plugin, vous pouvez facilement cr\u00e9er et vendre des cours en ligne, g\u00e9rer le mat\u00e9riel de cours et les utilisateurs et suivre les progr\u00e8s et l&rsquo;engagement.<\/li>\n<li>Le constructeur de cours de glisser-d\u00e9poser intuitif vous permet de cr\u00e9er des cours avec facilit\u00e9 et de les personnaliser pour s&rsquo;adapter \u00e0 votre marque et \u00e0 votre style.<\/li>\n<li>Le plugin comprend une vari\u00e9t\u00e9 d&rsquo;options de quiz et d&rsquo;\u00e9valuation, telles que les questions multiples \u00e0 choix, vraie \/ fausse, et les questions d&rsquo;essai, pour tester les connaissances et la compr\u00e9hension de vos apprenants.<\/li>\n<li>Vous pouvez \u00e9galement configurer des quiz et des affectations qui sont class\u00e9s automatiquement ou class\u00e9s manuellement par des instructeurs.<\/li>\n<li>LearnDash vous permet de goutter le contenu \u00e0 vos apprenants, cr\u00e9ant une exp\u00e9rience d&rsquo;apprentissage structur\u00e9e qui les maintient engag\u00e9s et motiv\u00e9s.<\/li>\n<li>Le plugin prend \u00e9galement en charge de nombreuses int\u00e9grations tierces, y compris les passerelles de paiement, les services de marketing par e-mail, etc., vous permettant de configurer une plate-forme d&rsquo;apprentissage en ligne enti\u00e8rement fonctionnelle.<\/li>\n<li>Avec des fonctionnalit\u00e9s de rapports et d&rsquo;analyse robustes, vous pouvez facilement suivre les progr\u00e8s de l&rsquo;apprenant, identifier les domaines \u00e0 am\u00e9liorer et mesurer le succ\u00e8s de vos cours.<\/li>\n<li>LearnDash propose un excellent support client, avec une base de connaissances compl\u00e8te, des forums d&rsquo;utilisateurs et un support par e-mail inclus avec le plugin.<\/li>\n<\/ul>\n","protected":false},"excerpt":{"rendered":"<p>Le plugin Learndash LMS WordPress est un outil incroyablement robuste et efficace qui vous accorde la possibilit\u00e9 d&rsquo;\u00e9laborer et de superviser sans effort les cours en ligne. Avec son interface intuitive et son \u00e9ventail \u00e9tendu de fonctionnalit\u00e9s personnalisables, vous poss\u00e9dez la capacit\u00e9 de forger des cours captivants et immersifs qui donnent des r\u00e9sultats tangibles et significatifs. De l&rsquo;inclusion de quiz et d&rsquo;\u00e9valuations \u00e0 l&rsquo;acc\u00e8s aux certificats et aux badges, ce plugin in\u00e9gal\u00e9 englobe tous les \u00e9l\u00e9ments n\u00e9cessaires n\u00e9cessaires pour cultiver et entretenir un programme d&rsquo;apprentissage en ligne prosp\u00e8re. De plus, gr\u00e2ce \u00e0 son int\u00e9gration transparente dans votre site WordPress, vous gagnez sans effort la capacit\u00e9 de surveiller m\u00e9ticuleusement les progr\u00e8s de vos apprenants, de communiquer efficacement avec eux et de fournir une instruction in\u00e9gal et de qualit\u00e9 superlative \u00e0 votre public estim\u00e9. Que vous soyez un professionnel de l&rsquo;\u00e9ducation estim\u00e9 et chevronn\u00e9 ou un propri\u00e9taire d&rsquo;entreprise astucieux et astucieusement perspicace cherchant \u00e0 former et \u00e0 d\u00e9velopper habilement votre \u00e9quipe estim\u00e9e, le plugin LMS LMS Learndash sert habilement et magistralement la solution id\u00e9ale et par excellence \u00e0 tous vos apprentissage en ligne besoins et d\u00e9sirs.<\/p>\n","protected":false},"featured_media":144347,"comment_status":"open","ping_status":"open","template":"","meta":[],"product_brand":[2579],"product_cat":[1189,1181,1186],"product_tag":[1295],"class_list":{"0":"post-134431","1":"product","2":"type-product","3":"status-publish","4":"has-post-thumbnail","6":"product_brand-learndash","7":"product_cat-personnalisation","8":"product_cat-plugins","9":"product_cat-wordpress-plugins","10":"product_tag-learndash","11":"member-discount","12":"discount-restricted","14":"first","15":"instock","16":"sale","17":"downloadable","18":"virtual","19":"sold-individually","20":"purchasable","21":"product-type-simple"},"_links":{"self":[{"href":"https:\/\/gpl-love.com\/fr\/wp-json\/wp\/v2\/product\/134431","targetHints":{"allow":["GET"]}}],"collection":[{"href":"https:\/\/gpl-love.com\/fr\/wp-json\/wp\/v2\/product"}],"about":[{"href":"https:\/\/gpl-love.com\/fr\/wp-json\/wp\/v2\/types\/product"}],"replies":[{"embeddable":true,"href":"https:\/\/gpl-love.com\/fr\/wp-json\/wp\/v2\/comments?post=134431"}],"wp:featuredmedia":[{"embeddable":true,"href":"https:\/\/gpl-love.com\/fr\/wp-json\/wp\/v2\/media\/144347"}],"wp:attachment":[{"href":"https:\/\/gpl-love.com\/fr\/wp-json\/wp\/v2\/media?parent=134431"}],"wp:term":[{"taxonomy":"product_brand","embeddable":true,"href":"https:\/\/gpl-love.com\/fr\/wp-json\/wp\/v2\/product_brand?post=134431"},{"taxonomy":"product_cat","embeddable":true,"href":"https:\/\/gpl-love.com\/fr\/wp-json\/wp\/v2\/product_cat?post=134431"},{"taxonomy":"product_tag","embeddable":true,"href":"https:\/\/gpl-love.com\/fr\/wp-json\/wp\/v2\/product_tag?post=134431"}],"curies":[{"name":"wp","href":"https:\/\/api.w.org\/{rel}","templated":true}]}}