{"id":134429,"date":"2022-01-31T00:00:00","date_gmt":"2022-01-30T23:00:00","guid":{"rendered":"https:\/\/gpl-love.com\/fr\/produit\/jobseek-job-board-wordpress-theme\/"},"modified":"2026-03-20T23:21:10","modified_gmt":"2026-03-20T22:21:10","slug":"jobseek-job-board-wordpress-theme","status":"publish","type":"product","link":"https:\/\/gpl-love.com\/fr\/produit\/jobseek-job-board-wordpress-theme\/","title":{"rendered":"Jobseek Job Board WordPress Theme 2.3"},"content":{"rendered":"<h3>Jobseek Job Board WordPress Theme Traits<\/h3>\n<p>Le th\u00e8me WordPress de l&#8217;emploi Jobseek est un mod\u00e8le de site Web de haute qualit\u00e9 qui a \u00e9t\u00e9 sp\u00e9cialement con\u00e7u pour faciliter la cr\u00e9ation de panneaux d&#8217;emploi et de portails de carri\u00e8re. Sa conception de pointe est non seulement contemporaine mais aussi conviviale, vous permettant de pr\u00e9senter efficacement les listes d&#8217;emplois d&rsquo;une mani\u00e8re \u00e0 la fois professionnelle et engageante. De plus, ce th\u00e8me est pleinement r\u00e9actif, ce qui signifie qu&rsquo;il s&rsquo;adapte de mani\u00e8re transparente \u00e0 diff\u00e9rents appareils, garantissant ainsi que les demandeurs d&#8217;emploi peuvent facilement acc\u00e9der et parcourir les listes d&#8217;emplois pertinentes sans obstacle. De plus, le mod\u00e8le poss\u00e8de des options de recherche et de filtrage avanc\u00e9es, simplifiant ainsi le processus de recherche de listes d&#8217;emplois appropri\u00e9es en quelques instants. De plus, le th\u00e8me WordPress de JobseEk Job Board est \u00e9quip\u00e9 d&rsquo;un panneau d&rsquo;administration robuste qui vous offre la possibilit\u00e9 de personnaliser chaque aspect de votre site Web, allant des couleurs et des polices utilis\u00e9es \u00e0 la mise en page et aux fonctionnalit\u00e9s. \u00c0 la lumi\u00e8re des fonctionnalit\u00e9s susmentionn\u00e9es, il est \u00e9vident que la cr\u00e9ation d&rsquo;un site Web de haut niveau du conseil d&rsquo;administration n&rsquo;a jamais \u00e9t\u00e9 plus simple ou plus efficace qu&rsquo;avec le th\u00e8me WordPress du travail de travail de l&#8217;emploi!<\/p>\n<ul>\n<li>Th\u00e8me WordPress professionnel et convivial con\u00e7u pour les sites d&#8217;emploi<\/li>\n<li>Comprend des fonctionnalit\u00e9s puissantes telles que la recherche avanc\u00e9e, les champs personnalis\u00e9s, les alertes de travail et le suivi des applications<\/li>\n<li>La conception enti\u00e8rement r\u00e9active garantit une compatibilit\u00e9 avec tous les appareils, y compris le mobile et la tablette<\/li>\n<li>Compatible avec les plugins WordPress populaires tels que WooCommerce, BuddyPress et Contact Form 7<\/li>\n<li>Options de paiement flexibles pour les employeurs pour publier des listes d&#8217;emploi et acheter des forfaits de travail<\/li>\n<li>Base de donn\u00e9es de CV int\u00e9gr\u00e9e pour les employeurs \u00e0 parcourir et \u00e0 rechercher par le biais de candidats potentiels<\/li>\n<li>Multipliers de page d&rsquo;accueil disponibles pour la personnalisation, y compris les variations par d\u00e9faut, bas\u00e9es sur la carte et les curseurs<\/li>\n<li>Int\u00e9gration facile avec les plateformes de m\u00e9dias sociaux pour promouvoir les listes d&#8217;emplois et attirer plus de candidats<\/li>\n<li>Documentation compl\u00e8te et \u00e9quipe de support d\u00e9di\u00e9e disponible pour l&rsquo;aide \u00e0 la configuration et \u00e0 la maintenance.<\/li>\n<\/ul>\n","protected":false},"excerpt":{"rendered":"<p>Nous sommes ravis de vous pr\u00e9senter l&rsquo;extraordinaire th\u00e8me WordPress de l&#8217;emploi de l&#8217;emploi de l&#8217;emploi, une solution in\u00e9gal\u00e9e qui vous permet d&rsquo;\u00e9tablir sans effort un site Web robuste et sophistiqu\u00e9 du Board. B\u00e9n\u00e9ficiant d&rsquo;une interface incroyablement intuitive, d&rsquo;un \u00e9ventail de capacit\u00e9s de recherche avanc\u00e9es et d&rsquo;une conception personnalisable, Jobseek facilite la publication d&#8217;emplois transparente pour les employeurs et permet aux demandeurs d&#8217;emploi de d\u00e9couvrir sans effort leurs opportunit\u00e9s de carri\u00e8re id\u00e9ales. De plus, ce th\u00e8me exceptionnel est \u00e9quip\u00e9 d&rsquo;un assortiment impressionnant de fonctionnalit\u00e9s, notamment un constructeur de CV de pointe, des fonctionnalit\u00e9s de suivi des applications et des alertes par e-mail, qui am\u00e9liorent et rationalisent le processus de recherche d&#8217;emploi. Avec le th\u00e8me WordPress de JobseEk Job Board, vous pouvez pr\u00e9senter en toute confiance votre site Web exceptionnel du Board Board.<\/p>\n","protected":false},"featured_media":144290,"comment_status":"open","ping_status":"open","template":"","meta":[],"product_brand":[2433],"product_cat":[1516,1212,1213],"product_tag":[1366],"class_list":{"0":"post-134429","1":"product","2":"type-product","3":"status-publish","4":"has-post-thumbnail","6":"product_brand-themeforest","7":"product_cat-entreprise","8":"product_cat-themes","9":"product_cat-wordpress-themes","10":"product_tag-themeforest","11":"member-discount","12":"discount-restricted","14":"first","15":"instock","16":"sale","17":"downloadable","18":"virtual","19":"sold-individually","20":"purchasable","21":"product-type-simple"},"_links":{"self":[{"href":"https:\/\/gpl-love.com\/fr\/wp-json\/wp\/v2\/product\/134429","targetHints":{"allow":["GET"]}}],"collection":[{"href":"https:\/\/gpl-love.com\/fr\/wp-json\/wp\/v2\/product"}],"about":[{"href":"https:\/\/gpl-love.com\/fr\/wp-json\/wp\/v2\/types\/product"}],"replies":[{"embeddable":true,"href":"https:\/\/gpl-love.com\/fr\/wp-json\/wp\/v2\/comments?post=134429"}],"wp:featuredmedia":[{"embeddable":true,"href":"https:\/\/gpl-love.com\/fr\/wp-json\/wp\/v2\/media\/144290"}],"wp:attachment":[{"href":"https:\/\/gpl-love.com\/fr\/wp-json\/wp\/v2\/media?parent=134429"}],"wp:term":[{"taxonomy":"product_brand","embeddable":true,"href":"https:\/\/gpl-love.com\/fr\/wp-json\/wp\/v2\/product_brand?post=134429"},{"taxonomy":"product_cat","embeddable":true,"href":"https:\/\/gpl-love.com\/fr\/wp-json\/wp\/v2\/product_cat?post=134429"},{"taxonomy":"product_tag","embeddable":true,"href":"https:\/\/gpl-love.com\/fr\/wp-json\/wp\/v2\/product_tag?post=134429"}],"curies":[{"name":"wp","href":"https:\/\/api.w.org\/{rel}","templated":true}]}}