{"id":134427,"date":"2025-10-21T00:00:00","date_gmt":"2025-10-20T22:00:00","guid":{"rendered":"https:\/\/gpl-love.com\/fr\/produit\/jetsloth-gravity-forms-tooltips\/"},"modified":"2026-03-20T23:21:03","modified_gmt":"2026-03-20T22:21:03","slug":"jetsloth-gravity-forms-tooltips","status":"publish","type":"product","link":"https:\/\/gpl-love.com\/fr\/produit\/jetsloth-gravity-forms-tooltips\/","title":{"rendered":"Jetsloth Gravity Forms Tooltips 1.2.11"},"content":{"rendered":"<h3>Jetsloth Gravity Forms Tooltips Traits<\/h3>\n<p>JetsLoth Gravity Forms ToolSips est un plugin WordPress incroyablement robuste et riche en fonctionnalit\u00e9s qui a \u00e9t\u00e9 sp\u00e9cifiquement con\u00e7u pour am\u00e9liorer consid\u00e9rablement l&rsquo;exp\u00e9rience utilisateur globale des personnes qui visitent votre site Web. By seamlessly integrating this exceptional tool into your existing Gravity Forms, you are able to effortlessly incorporate highly customizable tooltips that are designed to not only provide valuable supplementary information, but also offer precise instructions to your esteemed users, ultimately assisting them in a more efficient and Compl\u00e9tion pr\u00e9cise de vos formulaires. Ce qui distingue vraiment ce plugin remarquable de ses concurrents, c&rsquo;est sa vaste gamme d&rsquo;options de personnalisation, qui vous permettent de s\u00e9lectionner sans effort parmi une myriade de styles d&rsquo;info-bulleurs distinctifs, de sch\u00e9mas de couleurs captivants et d&rsquo;animations envahies. De plus, il est crucial de souligner que le processus d&rsquo;installation des formulaires de gravit\u00e9 des jets de jets est remarquablement sans effort et peut \u00eatre ex\u00e9cut\u00e9 en quelques secondes de secondes, via un processus intuitivement simple qui n\u00e9cessite uniquement quelques clics. En conclusion, il est sans \u00e9quivoque \u00e9vident que ce plugin est un choix exemplaire pour les personnes qui cherchent sinc\u00e8rement \u00e0 augmenter l&rsquo;efficacit\u00e9 de leurs formes de gravit\u00e9 et \u00e0 \u00e9quiper leur site visiteurs.<\/p>\n<ul>\n<li>Un plugin puissant pour la gravit\u00e9 forme les utilisateurs<\/li>\n<li>Ajoute des info-bulles personnalisables aux champs de formulaires de gravit\u00e9<\/li>\n<li>Prend en charge plusieurs styles et couleurs d&rsquo;infiltration<\/li>\n<li>Offre un formatage de texte riche pour le contenu des infractions<\/li>\n<li>permet aux utilisateurs d&rsquo;afficher des infractions sur le plan de survol ou de cliquer<\/li>\n<li>Offre des options de positionnement avanc\u00e9es pour les info-bulles<\/li>\n<li>permet aux utilisateurs de d\u00e9finir la dur\u00e9e de visibilit\u00e9 des infractions<\/li>\n<li>Offre une prise en charge multilingue pour le contenu des info-bulles<\/li>\n<li>Offre des mises \u00e0 jour automatiques et un support convivial<\/li>\n<li>Compatible avec WordPress -0 et au-dessus<\/li>\n<\/ul>\n","protected":false},"excerpt":{"rendered":"<p>JetsLoth Gravity Forms Infoftans est un outil extr\u00eamement puissant qui amplifie les fonctionnalit\u00e9s de votre plugin de formulaires Gravity en int\u00e9grant des infractions personnalisables dans vos formulaires, vous fournissant ainsi la possibilit\u00e9 d&rsquo;offrir des informations suppl\u00e9mentaires ou des \u00e9licit\u00e9s \u00e0 vos utilisateurs. Gr\u00e2ce \u00e0 son interface conviviale, vous \u00eates autoris\u00e9 \u00e0 fabriquer et \u00e0 personnaliser vos infractions enti\u00e8rement facilit\u00e9es afin de les aligner parfaitement avec l&rsquo;esth\u00e9tique et l&rsquo;image de marque globales de votre site Web. En vertu de la jetles de jets de la gravit\u00e9 des formulaires, vous pouvez \u00e9lever l&rsquo;exp\u00e9rience utilisateur et att\u00e9nuer la probabilit\u00e9 que les utilisateurs abandonnent les formulaires.<\/p>\n","protected":false},"featured_media":144282,"comment_status":"open","ping_status":"open","template":"","meta":[],"product_brand":[2577],"product_cat":[1189,1181,1186],"product_tag":[1292],"class_list":{"0":"post-134427","1":"product","2":"type-product","3":"status-publish","4":"has-post-thumbnail","6":"product_brand-jetsloth","7":"product_cat-personnalisation","8":"product_cat-plugins","9":"product_cat-wordpress-plugins","10":"product_tag-jetsloth","11":"member-discount","12":"discount-restricted","14":"first","15":"instock","16":"sale","17":"downloadable","18":"virtual","19":"sold-individually","20":"purchasable","21":"product-type-simple"},"_links":{"self":[{"href":"https:\/\/gpl-love.com\/fr\/wp-json\/wp\/v2\/product\/134427","targetHints":{"allow":["GET"]}}],"collection":[{"href":"https:\/\/gpl-love.com\/fr\/wp-json\/wp\/v2\/product"}],"about":[{"href":"https:\/\/gpl-love.com\/fr\/wp-json\/wp\/v2\/types\/product"}],"replies":[{"embeddable":true,"href":"https:\/\/gpl-love.com\/fr\/wp-json\/wp\/v2\/comments?post=134427"}],"wp:featuredmedia":[{"embeddable":true,"href":"https:\/\/gpl-love.com\/fr\/wp-json\/wp\/v2\/media\/144282"}],"wp:attachment":[{"href":"https:\/\/gpl-love.com\/fr\/wp-json\/wp\/v2\/media?parent=134427"}],"wp:term":[{"taxonomy":"product_brand","embeddable":true,"href":"https:\/\/gpl-love.com\/fr\/wp-json\/wp\/v2\/product_brand?post=134427"},{"taxonomy":"product_cat","embeddable":true,"href":"https:\/\/gpl-love.com\/fr\/wp-json\/wp\/v2\/product_cat?post=134427"},{"taxonomy":"product_tag","embeddable":true,"href":"https:\/\/gpl-love.com\/fr\/wp-json\/wp\/v2\/product_tag?post=134427"}],"curies":[{"name":"wp","href":"https:\/\/api.w.org\/{rel}","templated":true}]}}