{"id":134425,"date":"2025-11-27T00:00:00","date_gmt":"2025-11-26T23:00:00","guid":{"rendered":"https:\/\/gpl-love.com\/fr\/produit\/jetsloth-gravity-forms-image-choices\/"},"modified":"2026-03-20T23:21:02","modified_gmt":"2026-03-20T22:21:02","slug":"jetsloth-gravity-forms-image-choices","status":"publish","type":"product","link":"https:\/\/gpl-love.com\/fr\/produit\/jetsloth-gravity-forms-image-choices\/","title":{"rendered":"Jetsloth Gravity Forms Image Choices 1.6.15"},"content":{"rendered":"<h3>Jetsloth Gravity Forms Image Choices Traits<\/h3>\n<p>Les Formulaires de gravit\u00e9 des jets de jets sont un plugin tr\u00e8s puissant et formidable qui sert \u00e0 amplifier et \u00e0 am\u00e9liorer l&rsquo;exp\u00e9rience de vos formulaires de gravit\u00e9 en vous offrant la capacit\u00e9 d&rsquo;incorporer des images captivantes et stimulantes visuellement dans vos choix de forme. Gr\u00e2ce \u00e0 l&rsquo;utilisation de ce plugin remarquablement efficace, vous poss\u00e9dez la capacit\u00e9 de fabriquer et de construire des formulaires qui sont visuellement captivants et interactifs, absorbant ainsi et captivant ainsi votre public tout en augmentant et en \u00e9levant simultan\u00e9ment vos taux de conversion. De plus, ce plugin est exceptionnellement convivial et s&rsquo;int\u00e8gre de mani\u00e8re transparente aux formes de gravit\u00e9, vous offrant une domination et une ma\u00eetrise in\u00e9gal\u00e9es sur l&rsquo;aspect esth\u00e9tique de vos formes. De plus, ce plugin profite \u00e0 une myriade d&rsquo;options de personnalisation, y compris la capacit\u00e9 de s\u00e9lectionner parmi un large assortiment de tailles d&rsquo;image, d&#8217;employer des CSS personnalis\u00e9s et d&rsquo;activer le chargement paresseux, d&rsquo;acc\u00e9l\u00e9rer et d&rsquo;acc\u00e9l\u00e9rer ainsi les temps de chargement de vos pages Web. Si vous \u00eates \u00e0 la recherche d&rsquo;une solution qui augmentera et propulsera vos formulaires de gravit\u00e9 \u00e0 des hauteurs et des pinacles sans pr\u00e9c\u00e9dent, alors assurez-vous que les jets de la gravit\u00e9 sont le choix d&rsquo;image id\u00e9al et optimal pour vous.<\/p>\n<ul>\n<li>Ajouter des images en tant que choix pour vos champs de formulaires de gravit\u00e9<\/li>\n<li>T\u00e9l\u00e9chargez et g\u00e9rez facilement les images dans la biblioth\u00e8que de m\u00e9dias WordPress<\/li>\n<li>Personnalisez la taille et la disposition de vos choix d&rsquo;image<\/li>\n<li>Prend en charge les s\u00e9lections d&rsquo;images uniques ou multiples<\/li>\n<li>Utiliser en combinaison avec d&rsquo;autres modules compl\u00e9mentaires de formes de gravit\u00e9 pour encore plus de fonctionnalit\u00e9s<\/li>\n<li>Aucun codage requis, interface conviviale<\/li>\n<li>Am\u00e9liorez l&rsquo;exp\u00e9rience utilisateur de vos formulaires avec des \u00e9l\u00e9ments visuels engageants<\/li>\n<li>Compatible avec toutes les versions de formes de gravit\u00e9 et les th\u00e8mes WordPress<\/li>\n<li>Mises \u00e0 jour r\u00e9guli\u00e8res et soutien de l&rsquo;\u00e9quipe JetsLoth.<\/li>\n<\/ul>\n","protected":false},"excerpt":{"rendered":"<p>JetsSuck Gravity Forms Choices Image est un plugin incroyablement convivial qui vous offre l&rsquo;opportunit\u00e9 fantastique d&rsquo;incorporer de mani\u00e8re transparente des images captivantes et visuellement attrayantes dans vos formulaires de gravit\u00e9. En utilisant ce plugin extraordinaire, vous gagnez un acc\u00e8s sans effort \u00e0 la possibilit\u00e9 de g\u00e9n\u00e9rer sans effort des options d&rsquo;image pour vos formulaires, am\u00e9liorant ainsi l&rsquo;engagement des utilisateurs et l&rsquo;attrait esth\u00e9tique global. De plus, ce plugin remarquable poss\u00e8de un niveau de flexibilit\u00e9 exemplaire car il peut \u00eatre personnalis\u00e9 sans effort et gracieusement utilis\u00e9 pour une vaste gamme de formes, englobant des enqu\u00eates, des quiz et des formes de r\u00e9troaction. N&rsquo;h\u00e9sitez pas \u00e0 vous lancer dans un voyage transformateur en exp\u00e9rimentant les choix d&rsquo;images des formes de gravit\u00e9 de la jets de jets, car il d\u00e9tient un potentiel infini pour \u00e9lever vos formes \u00e0 des hauteurs sans pr\u00e9c\u00e9dent!<\/p>\n","protected":false},"featured_media":144281,"comment_status":"open","ping_status":"open","template":"","meta":[],"product_brand":[2577],"product_cat":[1189,1181,1186],"product_tag":[1292],"class_list":{"0":"post-134425","1":"product","2":"type-product","3":"status-publish","4":"has-post-thumbnail","6":"product_brand-jetsloth","7":"product_cat-personnalisation","8":"product_cat-plugins","9":"product_cat-wordpress-plugins","10":"product_tag-jetsloth","11":"member-discount","12":"discount-restricted","14":"first","15":"instock","16":"sale","17":"downloadable","18":"virtual","19":"sold-individually","20":"purchasable","21":"product-type-simple"},"_links":{"self":[{"href":"https:\/\/gpl-love.com\/fr\/wp-json\/wp\/v2\/product\/134425","targetHints":{"allow":["GET"]}}],"collection":[{"href":"https:\/\/gpl-love.com\/fr\/wp-json\/wp\/v2\/product"}],"about":[{"href":"https:\/\/gpl-love.com\/fr\/wp-json\/wp\/v2\/types\/product"}],"replies":[{"embeddable":true,"href":"https:\/\/gpl-love.com\/fr\/wp-json\/wp\/v2\/comments?post=134425"}],"wp:featuredmedia":[{"embeddable":true,"href":"https:\/\/gpl-love.com\/fr\/wp-json\/wp\/v2\/media\/144281"}],"wp:attachment":[{"href":"https:\/\/gpl-love.com\/fr\/wp-json\/wp\/v2\/media?parent=134425"}],"wp:term":[{"taxonomy":"product_brand","embeddable":true,"href":"https:\/\/gpl-love.com\/fr\/wp-json\/wp\/v2\/product_brand?post=134425"},{"taxonomy":"product_cat","embeddable":true,"href":"https:\/\/gpl-love.com\/fr\/wp-json\/wp\/v2\/product_cat?post=134425"},{"taxonomy":"product_tag","embeddable":true,"href":"https:\/\/gpl-love.com\/fr\/wp-json\/wp\/v2\/product_tag?post=134425"}],"curies":[{"name":"wp","href":"https:\/\/api.w.org\/{rel}","templated":true}]}}