{"id":134423,"date":"2025-10-28T00:00:00","date_gmt":"2025-10-27T23:00:00","guid":{"rendered":"https:\/\/gpl-love.com\/fr\/produit\/jetsloth-gravity-forms-color-picker\/"},"modified":"2026-03-20T23:21:01","modified_gmt":"2026-03-20T22:21:01","slug":"jetsloth-gravity-forms-color-picker","status":"publish","type":"product","link":"https:\/\/gpl-love.com\/fr\/produit\/jetsloth-gravity-forms-color-picker\/","title":{"rendered":"Jetsloth Gravity Forms Color Picker 1.3.12"},"content":{"rendered":"<h3>Jetsloth Gravity Forms Color Picker Traits<\/h3>\n<p>Les Formulaires de gravit\u00e9 des jetsres, un outil extr\u00eamement robuste, permet aux utilisateurs de personnaliser sans effort la couleur de leurs formes de gravit\u00e9. B\u00e9n\u00e9ficiant d&rsquo;une interface remarquablement conviviale, ce plugin accorde aux individus la possibilit\u00e9 de s\u00e9lectionner parmi une vaste gamme d&rsquo;options de couleurs et englobe un \u00e9ventail de fonctionnalit\u00e9s sophistiqu\u00e9es, y compris le contr\u00f4le d&rsquo;opacit\u00e9, les pr\u00e9r\u00e9glages couleurs et les palettes de couleurs. De plus, ce cueilleur de couleurs remarquable s&rsquo;int\u00e8gre de mani\u00e8re transparente \u00e0 des outils de conception Web largement utilis\u00e9s, simplifiant ainsi la t\u00e2che d&rsquo;aligner votre formulaire avec le sch\u00e9ma de couleurs distinctif de votre site Web. En embrassant les jets de la gravit\u00e9 de la gravit\u00e9 des formes de couleur, vous pouvez modeler des formes s\u00e9duisantes et polies qui se distinguent sans effort de la multitude.<\/p>\n<ul>\n<li>Ajoute un s\u00e9lectionneur de couleurs \u00e9l\u00e9gant \u00e0 vos formulaires de gravit\u00e9<\/li>\n<li>Permet aux utilisateurs de s\u00e9lectionner les couleurs \u00e0 partir d&rsquo;une interface visuellement attrayante<\/li>\n<li>Facile \u00e0 installer et \u00e0 configurer<\/li>\n<li>Compatible avec tous les champs de formes de gravit\u00e9<\/li>\n<li>Peut \u00eatre personnalis\u00e9 pour s&rsquo;adapter \u00e0 la conception de votre site Web<\/li>\n<li>Gagnez du temps en \u00e9liminant la n\u00e9cessit\u00e9 pour les utilisateurs de saisir manuellement les codes de couleur<\/li>\n<li>Am\u00e9liore l&rsquo;exp\u00e9rience utilisateur en rendant le remplissage de formulaire plus interactif et engageant<\/li>\n<li>Am\u00e9liore l&rsquo;attrait visuel de vos formes et augmente les taux de conversion.<\/li>\n<\/ul>\n","protected":false},"excerpt":{"rendered":"<p>Les formulaires de gravit\u00e9 des jets de jets sont un outil incroyablement puissant et robuste qui donne aux utilisateurs la possibilit\u00e9 d&rsquo;incorporer rapidement et sans effort un s\u00e9lecteur de couleurs dans leurs formes de gravit\u00e9. Cet outil inestimable sert \u00e0 \u00e9conomiser un temps suffisant pour les d\u00e9veloppeurs et les concepteurs, effacant efficacement toute n\u00e9cessit\u00e9 pour le codage manuel laborieux ou le combat avec des plugins alambiqu\u00e9s. B\u00e9n\u00e9ficiant d&rsquo;une interface rationalis\u00e9e et intuitive, ce cueilleur de couleurs remarquable contribue \u00e0 une exp\u00e9rience utilisateur \u00e9lev\u00e9e en offrant un niveau de flexibilit\u00e9 et de pr\u00e9cision accrus en ce qui concerne la s\u00e9lection des couleurs. Ind\u00e9pendamment de son utilisation pour la construction d&rsquo;un site Web, d&rsquo;un blog ou d&rsquo;une plate-forme de commerce \u00e9lectronique, ce plugin extraordinaire est ind\u00e9niablement comme un outil indispensable pour ceux qui ont le d\u00e9sir de forger visuellement captivant et des conceptions toujours harmonieuses.<\/p>\n","protected":false},"featured_media":144280,"comment_status":"open","ping_status":"open","template":"","meta":[],"product_brand":[2577],"product_cat":[1187,1181,1186],"product_tag":[1292],"class_list":{"0":"post-134423","1":"product","2":"type-product","3":"status-publish","4":"has-post-thumbnail","6":"product_brand-jetsloth","7":"product_cat-administration-wordpress-plugins","8":"product_cat-plugins","9":"product_cat-wordpress-plugins","10":"product_tag-jetsloth","11":"member-discount","12":"discount-restricted","14":"first","15":"instock","16":"sale","17":"downloadable","18":"virtual","19":"sold-individually","20":"purchasable","21":"product-type-simple"},"_links":{"self":[{"href":"https:\/\/gpl-love.com\/fr\/wp-json\/wp\/v2\/product\/134423","targetHints":{"allow":["GET"]}}],"collection":[{"href":"https:\/\/gpl-love.com\/fr\/wp-json\/wp\/v2\/product"}],"about":[{"href":"https:\/\/gpl-love.com\/fr\/wp-json\/wp\/v2\/types\/product"}],"replies":[{"embeddable":true,"href":"https:\/\/gpl-love.com\/fr\/wp-json\/wp\/v2\/comments?post=134423"}],"wp:featuredmedia":[{"embeddable":true,"href":"https:\/\/gpl-love.com\/fr\/wp-json\/wp\/v2\/media\/144280"}],"wp:attachment":[{"href":"https:\/\/gpl-love.com\/fr\/wp-json\/wp\/v2\/media?parent=134423"}],"wp:term":[{"taxonomy":"product_brand","embeddable":true,"href":"https:\/\/gpl-love.com\/fr\/wp-json\/wp\/v2\/product_brand?post=134423"},{"taxonomy":"product_cat","embeddable":true,"href":"https:\/\/gpl-love.com\/fr\/wp-json\/wp\/v2\/product_cat?post=134423"},{"taxonomy":"product_tag","embeddable":true,"href":"https:\/\/gpl-love.com\/fr\/wp-json\/wp\/v2\/product_tag?post=134423"}],"curies":[{"name":"wp","href":"https:\/\/api.w.org\/{rel}","templated":true}]}}