{"id":134421,"date":"2026-03-13T00:00:00","date_gmt":"2026-03-12T23:00:00","guid":{"rendered":"https:\/\/gpl-love.com\/fr\/produit\/jetsloth-gravity-forms-collapsible-sections\/"},"modified":"2026-03-20T23:21:01","modified_gmt":"2026-03-20T22:21:01","slug":"jetsloth-gravity-forms-collapsible-sections","status":"publish","type":"product","link":"https:\/\/gpl-love.com\/fr\/produit\/jetsloth-gravity-forms-collapsible-sections\/","title":{"rendered":"Jetsloth Gravity Forms Collapsible Sections 1.4.7"},"content":{"rendered":"<h3>Jetsloth Gravity Forms Collapsible Sections Traits<\/h3>\n<p>Les sections pliables de la gravit\u00e9 de jetsres sont un plugin incroyablement robuste et puissant qui augmente consid\u00e9rablement la fonctionnalit\u00e9 des formes de gravit\u00e9, qui se trouve \u00eatre un plugin WordPress tr\u00e8s populaire utilis\u00e9 pour la cr\u00e9ation de formulaires. En incorporant des sections pliables de forme de gravit\u00e9 de jetsres de jets dans votre site Web, vous gagnez la possibilit\u00e9 de g\u00e9n\u00e9rer sans effort des sections pliantes sous vos formulaires, facilitant ainsi l&rsquo;organisation et la pr\u00e9sentation de vos champs de formulaire d&rsquo;une mani\u00e8re qui est consid\u00e9rablement plus conviviale. La beaut\u00e9 de ce plugin r\u00e9side dans son niveau de personnalisation exceptionnel, vous offrant la possibilit\u00e9 d&rsquo;adapter de mani\u00e8re transparente l&rsquo;apparence de vos sections pliables pour s&rsquo;aligner parfaitement avec la marque unique de votre site Web. De plus, il b\u00e9n\u00e9ficie d&rsquo;une compatibilit\u00e9 exceptionnelle, garantissant qu&rsquo;il s&rsquo;int\u00e8gre parfaitement \u00e0 d&rsquo;autres modules compl\u00e9mentaires de formes de gravit\u00e9 et m\u00eame aux plugins tiers. En adoptant la puissance des sections pliantes de la gravit\u00e9 des lots de jets, vous d\u00e9bloquez le potentiel de cr\u00e9er des formes remarquablement intuitives et conviviales qui acc\u00e9l\u00e8rent le processus de collecte des informations vitales dont vous avez besoin avec une efficacit\u00e9 maximale.<\/p>\n<ul>\n<li>Ajoutez des sections pliables \u00e0 vos formulaires de gravit\u00e9, ce qui les rend plus organis\u00e9s et conviviaux<\/li>\n<li>Masquer les sections que les utilisateurs n&rsquo;ont pas besoin de voir initialement, en r\u00e9duisant l&rsquo;encombrement et en am\u00e9liorant l&rsquo;exp\u00e9rience utilisateur<\/li>\n<li>Faciliter la navigation pour les utilisateurs en effondrer et en \u00e9largissant les sections au besoin<\/li>\n<li>Personnalisez l&rsquo;apparence de vos sections pliables pour correspondre \u00e0 la conception de votre site Web<\/li>\n<li>Installer et activer en quelques clics, aucun codage requis<\/li>\n<li>Compatible avec la derni\u00e8re version de Gravity Forms et WordPress<\/li>\n<li>Profitez du design r\u00e9actif, en faisant une belle apparence sur n&rsquo;importe quel appareil<\/li>\n<li>Prise en charge disponible aupr\u00e8s de l&rsquo;\u00e9quipe JetsLoth, si vous avez besoin d&rsquo;aide ou de questions.<\/li>\n<\/ul>\n","protected":false},"excerpt":{"rendered":"<p>Le plugin de sections pliables des formulaires de gravit\u00e9 JetsSloth offre une solution pr\u00e9cieuse pour les utilisateurs qui cherchent \u00e0 am\u00e9liorer leur exp\u00e9rience des formulaires de gravit\u00e9. En incorporant des sections pliables, ce plugin permet une organisation sans effort et une meilleure convivialit\u00e9 des utilisateurs. Sa fonctionnalit\u00e9 r\u00e9side dans la capacit\u00e9 de cacher des sections complexes jusqu&rsquo;\u00e0 ce qu&rsquo;elles deviennent n\u00e9cessaires, optimisant ainsi l&rsquo;accessibilit\u00e9 du formulaire. Ce plugin polyvalent est particuli\u00e8rement b\u00e9n\u00e9fique pour les entreprises et les particuliers visant \u00e0 rationaliser les formulaires de leur site Web et \u00e0 am\u00e9liorer l&rsquo;efficacit\u00e9 globale des utilisateurs. Avec la mise en \u0153uvre de sections pliantes de la gravit\u00e9 de la jetsaires, les utilisateurs peuvent cr\u00e9er sans effort une forme visuellement attrayante et de mani\u00e8re transpartiale, avec un attrait esth\u00e9tique qui est simultan\u00e9ment agr\u00e9able et fonctionnel.<\/p>\n","protected":false},"featured_media":144279,"comment_status":"open","ping_status":"open","template":"","meta":[],"product_brand":[2577],"product_cat":[1189,1181,1186],"product_tag":[1292],"class_list":{"0":"post-134421","1":"product","2":"type-product","3":"status-publish","4":"has-post-thumbnail","6":"product_brand-jetsloth","7":"product_cat-personnalisation","8":"product_cat-plugins","9":"product_cat-wordpress-plugins","10":"product_tag-jetsloth","11":"member-discount","12":"discount-restricted","14":"first","15":"instock","16":"sale","17":"downloadable","18":"virtual","19":"sold-individually","20":"purchasable","21":"product-type-simple"},"_links":{"self":[{"href":"https:\/\/gpl-love.com\/fr\/wp-json\/wp\/v2\/product\/134421","targetHints":{"allow":["GET"]}}],"collection":[{"href":"https:\/\/gpl-love.com\/fr\/wp-json\/wp\/v2\/product"}],"about":[{"href":"https:\/\/gpl-love.com\/fr\/wp-json\/wp\/v2\/types\/product"}],"replies":[{"embeddable":true,"href":"https:\/\/gpl-love.com\/fr\/wp-json\/wp\/v2\/comments?post=134421"}],"wp:featuredmedia":[{"embeddable":true,"href":"https:\/\/gpl-love.com\/fr\/wp-json\/wp\/v2\/media\/144279"}],"wp:attachment":[{"href":"https:\/\/gpl-love.com\/fr\/wp-json\/wp\/v2\/media?parent=134421"}],"wp:term":[{"taxonomy":"product_brand","embeddable":true,"href":"https:\/\/gpl-love.com\/fr\/wp-json\/wp\/v2\/product_brand?post=134421"},{"taxonomy":"product_cat","embeddable":true,"href":"https:\/\/gpl-love.com\/fr\/wp-json\/wp\/v2\/product_cat?post=134421"},{"taxonomy":"product_tag","embeddable":true,"href":"https:\/\/gpl-love.com\/fr\/wp-json\/wp\/v2\/product_tag?post=134421"}],"curies":[{"name":"wp","href":"https:\/\/api.w.org\/{rel}","templated":true}]}}