{"id":134419,"date":"2025-12-28T00:00:00","date_gmt":"2025-12-27T23:00:00","guid":{"rendered":"https:\/\/gpl-love.com\/fr\/produit\/ultimate-member-social-login-addon\/"},"modified":"2026-03-20T23:00:42","modified_gmt":"2026-03-20T22:00:42","slug":"ultimate-member-social-login-addon","status":"publish","type":"product","link":"https:\/\/gpl-love.com\/fr\/produit\/ultimate-member-social-login-addon\/","title":{"rendered":"Digi Electronics Store WooCommerce Theme 1.9.4"},"content":{"rendered":"<h3>Digi Electronics Store WooCommerce Theme Traits<\/h3>\n<p>Le th\u00e8me WooCommerce de la boutique Digi Electronics se pr\u00e9sente comme la solution ultime pour \u00e9tablir une boutique en ligne sp\u00e9cialis\u00e9e dans l&rsquo;\u00e9lectronique. B\u00e9n\u00e9ficiant d&rsquo;un design \u00e9l\u00e9gant et contemporain, ce th\u00e8me sert de la quintessence de l&rsquo;id\u00e9alisme lorsqu&rsquo;il s&rsquo;agit de montrer vos produits d&rsquo;une mani\u00e8re qui captive efficacement les clients, ce qui entra\u00eene une augmentation des ventes. De plus, son interface enti\u00e8rement personnalisable et conviviale garantit que l&rsquo;adaptation de votre magasin pour r\u00e9pondre \u00e0 vos besoins sp\u00e9cifiques devient une entreprise sans effort. En plus de ces attributs, le th\u00e8me comprend une gamme diversifi\u00e9e de fonctionnalit\u00e9s qui sont imp\u00e9ratives pour tout site de commerce \u00e9lectronique, y compris une conception r\u00e9active, des options de filtrage des produits et une int\u00e9gration transparente avec des passerelles de paiement populaires. Ajoutant \u00e0 sa liste de qualit\u00e9s louables, le th\u00e8me est m\u00e9ticuleusement optimis\u00e9 pour les moteurs de recherche, garantissant ainsi que votre magasin sera rapidement d\u00e9couvert par des clients potentiels. En exploitant la puissance du th\u00e8me WooCommerce de la boutique Digi Electronics, vous poss\u00e9dez la possibilit\u00e9 de forger une boutique en ligne exemplaire et conviviale qui propulsera sans aucun doute la croissance de votre entreprise.<\/p>\n<ul>\n<li>Design professionnel et moderne<\/li>\n<li>Page d&rsquo;accueil personnalisable avec Drag and Drop Builder<\/li>\n<li>Compl\u00e9ter l&rsquo;int\u00e9gration WooCommerce pour une gestion de boutiques en ligne facile<\/li>\n<li>Options de disposition multiples pour les pages de produits<\/li>\n<li>Options de filtrage des produits pour la navigation facile<\/li>\n<li>Conception r\u00e9active pour la compatibilit\u00e9 des mobiles et des tablettes<\/li>\n<li>Fonctionnalit\u00e9 de vue rapide et de liste de souhaits<\/li>\n<li>Options de personnalisation du menu et de la navigation<\/li>\n<li>SEO optimis\u00e9 pour un meilleur classement des moteurs de recherche<\/li>\n<li>Mises \u00e0 jour r\u00e9guli\u00e8res et soutien d&rsquo;une \u00e9quipe d\u00e9di\u00e9e.<\/li>\n<\/ul>\n","protected":false},"excerpt":{"rendered":"<p>Plongez dans le monde num\u00e9rique avec le th\u00e8me WooCommerce du magasin Digi Electronics. Ce th\u00e8me exceptionnel, con\u00e7u pour les magasins d&rsquo;\u00e9lectronique, apporte une touche \u00e9l\u00e9gante et moderne \u00e0 votre entreprise en ligne. Avec une interface conviviale et une navigation intuitive, ce th\u00e8me assure une exp\u00e9rience d&rsquo;achat transparente pour vos clients. Il est enti\u00e8rement r\u00e9actif, garantissant que votre magasin a fi\u00e8re allure sur n&rsquo;importe quel appareil. Le th\u00e8me comprend WooCommerce, un puissant plugin de commerce \u00e9lectronique qui vous permet de g\u00e9rer votre inventaire, de traiter les paiements et de g\u00e9rer efficacement l&rsquo;exp\u00e9dition. Le th\u00e8me Digi poss\u00e8de \u00e9galement l&rsquo;optimisation du r\u00e9f\u00e9rencement, aidant votre magasin plus haut sur les r\u00e9sultats des moteurs de recherche. Avec ses performances \u00e0 grande vitesse, votre site Web se charge rapidement, garantissant la satisfaction des clients. Personnalisez votre vitrine avec les options de mise en page polyvalentes et faites en sorte que votre magasin d&rsquo;\u00e9lectronique se d\u00e9marque de la foule. Le th\u00e8me WooCommerce du magasin Digi Electronics est la solution ultime pour votre entreprise d&rsquo;\u00e9lectronique en ligne.<\/p>\n","protected":false},"featured_media":143530,"comment_status":"open","ping_status":"open","template":"","meta":[],"product_brand":[2433],"product_cat":[1238,1851,1212],"product_tag":[1366],"class_list":{"0":"post-134419","1":"product","2":"type-product","3":"status-publish","4":"has-post-thumbnail","6":"product_brand-themeforest","7":"product_cat-commerce-electronique-themes","8":"product_cat-entreprise-commerce-electronique-themes","9":"product_cat-themes","10":"product_tag-themeforest","11":"member-discount","12":"discount-restricted","14":"first","15":"instock","16":"sale","17":"downloadable","18":"virtual","19":"sold-individually","20":"purchasable","21":"product-type-simple"},"_links":{"self":[{"href":"https:\/\/gpl-love.com\/fr\/wp-json\/wp\/v2\/product\/134419","targetHints":{"allow":["GET"]}}],"collection":[{"href":"https:\/\/gpl-love.com\/fr\/wp-json\/wp\/v2\/product"}],"about":[{"href":"https:\/\/gpl-love.com\/fr\/wp-json\/wp\/v2\/types\/product"}],"replies":[{"embeddable":true,"href":"https:\/\/gpl-love.com\/fr\/wp-json\/wp\/v2\/comments?post=134419"}],"wp:featuredmedia":[{"embeddable":true,"href":"https:\/\/gpl-love.com\/fr\/wp-json\/wp\/v2\/media\/143530"}],"wp:attachment":[{"href":"https:\/\/gpl-love.com\/fr\/wp-json\/wp\/v2\/media?parent=134419"}],"wp:term":[{"taxonomy":"product_brand","embeddable":true,"href":"https:\/\/gpl-love.com\/fr\/wp-json\/wp\/v2\/product_brand?post=134419"},{"taxonomy":"product_cat","embeddable":true,"href":"https:\/\/gpl-love.com\/fr\/wp-json\/wp\/v2\/product_cat?post=134419"},{"taxonomy":"product_tag","embeddable":true,"href":"https:\/\/gpl-love.com\/fr\/wp-json\/wp\/v2\/product_tag?post=134419"}],"curies":[{"name":"wp","href":"https:\/\/api.w.org\/{rel}","templated":true}]}}