{"id":134038,"date":"2025-09-19T00:00:00","date_gmt":"2025-09-18T22:00:00","guid":{"rendered":"https:\/\/gpl-love.com\/fr\/produit\/newsletter-leads\/"},"modified":"2026-03-20T23:58:09","modified_gmt":"2026-03-20T22:58:09","slug":"newsletter-leads","status":"publish","type":"product","link":"https:\/\/gpl-love.com\/fr\/produit\/newsletter-leads\/","title":{"rendered":"Newsletter Leads 1.6.2"},"content":{"rendered":"<h3>Newsletter Leads Traits<\/h3>\n<p>Pr\u00e9sentant notre derni\u00e8re offre, The Newsletter Leads, con\u00e7u pour r\u00e9volutionner vos strat\u00e9gies de g\u00e9n\u00e9ration de leads. Avec ses capacit\u00e9s sans pr\u00e9c\u00e9dent et ses technologies de pointe, ce produit remarquable garantit un processus transparent et efficace de capture de prospects de haute qualit\u00e9 pour vos campagnes de newsletter.<\/p>\n<p>Fabriqu\u00e9e avec pr\u00e9cision et ing\u00e9niosit\u00e9, le bulletin d&rsquo;information comporte un \u00e9ventail complet de fonctionnalit\u00e9s avanc\u00e9es qui vous permettent de cibler et d&rsquo;engager sans effort votre public id\u00e9al. Tirant parti des algorithmes de pointe, notre produit identifie et capture intelligemment des informations de plomb pr\u00e9cieuses, y compris les coordonn\u00e9es, les donn\u00e9es d\u00e9mographiques et les pr\u00e9f\u00e9rences, en veillant \u00e0 ce que vos campagnes de newsletter atteignent la bonne main \u00e0 chaque fois.<\/p>\n<p>Non seulement les leads de newsletter vous fournissent une vaste base de donn\u00e9es d&rsquo;abonn\u00e9s potentiels, mais il offre \u00e9galement des analyses et des id\u00e9es intuitives. Gardez une compr\u00e9hension plus approfondie du comportement, des pr\u00e9f\u00e9rences et des mod\u00e8les d&rsquo;engagement de votre public gr\u00e2ce \u00e0 nos outils de rapports robustes. Ces donn\u00e9es inestimables vous permettent d&rsquo;affiner vos strat\u00e9gies de marketing, d&rsquo;am\u00e9liorer la personnalisation et, finalement, de g\u00e9n\u00e9rer des r\u00e9sultats remarquables en termes de taux d&rsquo;ouverture, de taux de clics et de conversions.<\/p>\n<p>Nous comprenons l&rsquo;importance de l&rsquo;efficacit\u00e9 et de la commodit\u00e9 dans le paysage commercial au rythme rapide d&rsquo;aujourd&rsquo;hui. C&rsquo;est pourquoi notre newsletter Leads s&rsquo;int\u00e8gre de mani\u00e8re transparente \u00e0 vos syst\u00e8mes CRM, vos plates-formes de marketing par e-mail et vos outils d&rsquo;automatisation existants. Synchroniser sans effort vos donn\u00e9es Lead sur plusieurs plates-formes, \u00e9liminant la duplication et rationalisation de votre flux de travail. Cette int\u00e9gration transparente garantit une exp\u00e9rience sans tracas et vous permet de vous concentrer sur ce qui compte vraiment: fournir un contenu significatif \u00e0 vos abonn\u00e9s.<\/p>\n<p>Rassurez-vous, la s\u00e9curit\u00e9 et la confidentialit\u00e9 de vos pr\u00e9cieuses donn\u00e9es de plomb sont d&rsquo;une importance capitale pour nous. Nos prospects de newsletter sont construits avec des mesures de s\u00e9curit\u00e9 robustes et respectent les protocoles de protection des donn\u00e9es standard. Votre confiance et votre tranquillit\u00e9 d&rsquo;esprit sont nos principales priorit\u00e9s.<\/p>\n<p>En r\u00e9sum\u00e9, The Newsletter Leads change la donne dans le domaine de la g\u00e9n\u00e9ration de leads. Avec ses fonctionnalit\u00e9s sophistiqu\u00e9es, ses capacit\u00e9s d&rsquo;int\u00e9gration transparentes et ses analyses perspicaces, ce produit vous permet de mener vos campagnes de newsletter \u00e0 de nouveaux sommets. Restez en avance sur la concurrence, maximisez votre retour sur investissement et obtenez un succ\u00e8s sans pr\u00e9c\u00e9dent avec les pistes de newsletter. Ne manquez pas cette opportunit\u00e9 exceptionnelle de transformer vos strat\u00e9gies de g\u00e9n\u00e9ration de leads et de d\u00e9bloquer un monde de possibilit\u00e9s.<\/p>\n<ul>\n<li>Guide complet pour trouver et attirer des pistes de newsletter de haute qualit\u00e9<\/li>\n<li>Id\u00e9al pour les propri\u00e9taires de petites entreprises et les professionnels du marketing<\/li>\n<li>Emball\u00e9 avec des id\u00e9es et des conseils pr\u00e9cieux<\/li>\n<li>Couvre l&rsquo;identification des clients id\u00e9aux et diff\u00e9rents types de leads de newsletter<\/li>\n<li>Comprend des strat\u00e9gies pour attirer de nouvelles pistes via les m\u00e9dias sociaux, la publicit\u00e9 en ligne et d&rsquo;autres canaux<\/li>\n<li>Conseils pour cr\u00e9er un contenu engageant<\/li>\n<li>Informations sur les meilleures pratiques pour optimiser les formulaires d&rsquo;inscription et les pages de destination<\/li>\n<li>Guide t\u00e9l\u00e9chargeable pour cr\u00e9er une base solide pour les efforts de marketing par e-mail et attirer des lecteurs tr\u00e8s cibl\u00e9s et engag\u00e9s dans votre newsletter.<\/li>\n<\/ul>\n","protected":false},"excerpt":{"rendered":"<p>Le plugin Newsletter &#8211; Leads est un outil incroyablement robuste qui a \u00e9t\u00e9 sp\u00e9cialement d\u00e9velopp\u00e9 pour fournir aux propri\u00e9taires de sites Web et aux sp\u00e9cialistes du marketing l&rsquo;assistance n\u00e9cessaire pour g\u00e9n\u00e9rer des prospects et conduire des conversions. Son int\u00e9gration transparente avec les sites Web WordPress assure un processus simple et efficace pour d\u00e9velopper et g\u00e9rer les formulaires d&rsquo;opt-in, les pages de destination et les campagnes par e-mail. De plus, l&rsquo;interface conviviale permet une personnalisation rapide et sans effort des formulaires pour s&rsquo;aligner sur le style global et l&rsquo;esth\u00e9tique de votre site Web en offrant une large s\u00e9lection de mod\u00e8les pr\u00e9-con\u00e7us. De plus, le plugin permet de mettre en place des processus automatis\u00e9s qui ciblent et engagent efficacement vos abonn\u00e9s, am\u00e9liorant encore l&rsquo;efficacit\u00e9 de vos efforts de marketing par e-mail. Avec Newsletter &#8211; Leads, vous \u00eates \u00e9quip\u00e9 de tous les \u00e9l\u00e9ments essentiels n\u00e9cessaires pour cr\u00e9er une strat\u00e9gie de marketing par e-mail tr\u00e8s efficace et finalement \u00e9tendre votre entreprise. Que vous soyez un propri\u00e9taire de petite entreprise, un blogueur ou un sp\u00e9cialiste du marketing num\u00e9rique, ce plugin est con\u00e7u pour r\u00e9pondre \u00e0 vos besoins et objectifs sp\u00e9cifiques.<\/p>\n","protected":false},"featured_media":146705,"comment_status":"open","ping_status":"open","template":"","meta":[],"product_brand":[2602],"product_cat":[1207,1181,1186],"product_tag":[2261],"class_list":{"0":"post-134038","1":"product","2":"type-product","3":"status-publish","4":"has-post-thumbnail","6":"product_brand-newsletter","7":"product_cat-commercialisation-wordpress-plugins","8":"product_cat-plugins","9":"product_cat-wordpress-plugins","10":"product_tag-newsletter","11":"member-discount","12":"discount-restricted","14":"first","15":"instock","16":"sale","17":"downloadable","18":"virtual","19":"sold-individually","20":"purchasable","21":"product-type-simple"},"_links":{"self":[{"href":"https:\/\/gpl-love.com\/fr\/wp-json\/wp\/v2\/product\/134038","targetHints":{"allow":["GET"]}}],"collection":[{"href":"https:\/\/gpl-love.com\/fr\/wp-json\/wp\/v2\/product"}],"about":[{"href":"https:\/\/gpl-love.com\/fr\/wp-json\/wp\/v2\/types\/product"}],"replies":[{"embeddable":true,"href":"https:\/\/gpl-love.com\/fr\/wp-json\/wp\/v2\/comments?post=134038"}],"wp:featuredmedia":[{"embeddable":true,"href":"https:\/\/gpl-love.com\/fr\/wp-json\/wp\/v2\/media\/146705"}],"wp:attachment":[{"href":"https:\/\/gpl-love.com\/fr\/wp-json\/wp\/v2\/media?parent=134038"}],"wp:term":[{"taxonomy":"product_brand","embeddable":true,"href":"https:\/\/gpl-love.com\/fr\/wp-json\/wp\/v2\/product_brand?post=134038"},{"taxonomy":"product_cat","embeddable":true,"href":"https:\/\/gpl-love.com\/fr\/wp-json\/wp\/v2\/product_cat?post=134038"},{"taxonomy":"product_tag","embeddable":true,"href":"https:\/\/gpl-love.com\/fr\/wp-json\/wp\/v2\/product_tag?post=134038"}],"curies":[{"name":"wp","href":"https:\/\/api.w.org\/{rel}","templated":true}]}}