{"id":134036,"date":"2025-10-16T00:00:00","date_gmt":"2025-10-15T22:00:00","guid":{"rendered":"https:\/\/gpl-love.com\/fr\/produit\/newsletter-gravity-forms\/"},"modified":"2026-03-20T23:58:08","modified_gmt":"2026-03-20T22:58:08","slug":"newsletter-gravity-forms","status":"publish","type":"product","link":"https:\/\/gpl-love.com\/fr\/produit\/newsletter-gravity-forms\/","title":{"rendered":"Newsletter Gravity Forms 1.2.2"},"content":{"rendered":"<h3>Newsletter Gravity Forms Traits<\/h3>\n<p>Pr\u00e9sentation de notre derni\u00e8re innovation dans le domaine de la communication num\u00e9rique, les formulaires de gravit\u00e9 de newsletter! Cet outil de pointe r\u00e9volutionne la fa\u00e7on dont vous collectez et g\u00e9rez les abonnements \u00e0 la newsletter, offrant une exp\u00e9rience transparente et conviviale qui augmentera vos efforts de marketing \u00e0 de nouveaux sommets. Fabriqu\u00e9e avec pr\u00e9cision et impr\u00e9gn\u00e9e de fonctionnalit\u00e9s puissantes, cette solution remarquable vous permet de cr\u00e9er sans effort des formulaires opt-in captivants, de les int\u00e9grer de mani\u00e8re transparente dans votre site Web et de collecter sans effort des informations pr\u00e9cieuses aupr\u00e8s des abonn\u00e9s int\u00e9ress\u00e9s. Avec une interface intuitive et personnalisable, les formulaires de gravit\u00e9 des newsletter vous permet d&rsquo;adapter vos formulaires pour correspondre \u00e0 l&rsquo;esth\u00e9tique unique de votre marque, en garantissant un look coh\u00e9rent et professionnel qui r\u00e9sonne avec votre public cible. Il est r\u00e9volu le temps de la saisie manuelle des donn\u00e9es et de la gestion de la feuille de calcul fastidieuse, car cet outil ing\u00e9nieux capture et organise automatiquement les d\u00e9tails des abonn\u00e9s, rationalisant votre flux de travail et \u00e9conomisant un temps et des efforts pr\u00e9cieux. De plus, nos analyses avanc\u00e9es vous fournissent des informations pr\u00e9cieuses sur les pr\u00e9f\u00e9rences et le comportement de vos abonn\u00e9s, vous permettant d&rsquo;affiner et d&rsquo;optimiser votre contenu de newsletter pour un impact maximal. Ne laissez pas votre newsletter passer inaper\u00e7u dans le vaste paysage num\u00e9rique; Exploitez le pouvoir transformateur des formulaires de gravit\u00e9 de newsletter et apportez votre strat\u00e9gie de marketing par e-mail \u00e0 des hauteurs de succ\u00e8s sans pr\u00e9c\u00e9dent.<\/p>\n<ul>\n<li>G\u00e9rez sans effort votre liste de diffusion avec les formulaires de gravit\u00e9 de newsletter<\/li>\n<li>Cr\u00e9ez des formulaires personnalis\u00e9s qui se m\u00e9langent de mani\u00e8re transparente avec votre site Web<\/li>\n<li>La conception visuellement attrayante et conviviale encourage les inscriptions<\/li>\n<li>Capture les coordonn\u00e9es des visiteurs et ajoute automatiquement \u00e0 votre liste de diffusion<\/li>\n<li>Restez en contact avec votre public avec facilit\u00e9<\/li>\n<li>Convient aux petites entreprises et aux grandes entreprises<\/li>\n<li>Outil essentiel pour le succ\u00e8s du marketing par e-mail<\/li>\n<li>Essayez-le aujourd&rsquo;hui et voyez les r\u00e9sultats en rien!<\/li>\n<\/ul>\n","protected":false},"excerpt":{"rendered":"<p>Le plugin Forms de gravit\u00e9 de newsletter, r\u00e9put\u00e9 pour sa fonctionnalit\u00e9 robuste, sert de solution exceptionnelle destin\u00e9e \u00e0 int\u00e9grer rapidement et sans effort les formulaires d&rsquo;abonnement \u00e0 la newsletter dans votre site Web. B\u00e9n\u00e9ficiant d&rsquo;une interface remarquablement conviviale qui facilite la personnalisation de formulaire sans effort, ce plugin s&rsquo;int\u00e8gre de mani\u00e8re transparente \u00e0 votre plateforme de marketing par e-mail. Offrez des adieux \u00e0 la nature ardue de la saisie manuelle des donn\u00e9es et des proc\u00e9dures d&rsquo;int\u00e9gration laborieuses lorsque vous rationalisez votre processus d&rsquo;inscription \u00e0 la newsletter, renfor\u00e7ant finalement l&rsquo;engagement et maximiser la r\u00e9tention des abonn\u00e9s. Embrassez les capacit\u00e9s transformatrices du plugin des formulaires de gravit\u00e9 de newsletter aujourd&rsquo;hui, r\u00e9volutionnant la mani\u00e8re dont vous rassemblez et supervisez vos listes d&rsquo;abonn\u00e9s par e-mail.<\/p>\n","protected":false},"featured_media":146704,"comment_status":"open","ping_status":"open","template":"","meta":[],"product_brand":[2602],"product_cat":[1191,1181,1186],"product_tag":[2261],"class_list":{"0":"post-134036","1":"product","2":"type-product","3":"status-publish","4":"has-post-thumbnail","6":"product_brand-newsletter","7":"product_cat-formes","8":"product_cat-plugins","9":"product_cat-wordpress-plugins","10":"product_tag-newsletter","11":"member-discount","12":"discount-restricted","14":"first","15":"instock","16":"sale","17":"downloadable","18":"virtual","19":"sold-individually","20":"purchasable","21":"product-type-simple"},"_links":{"self":[{"href":"https:\/\/gpl-love.com\/fr\/wp-json\/wp\/v2\/product\/134036","targetHints":{"allow":["GET"]}}],"collection":[{"href":"https:\/\/gpl-love.com\/fr\/wp-json\/wp\/v2\/product"}],"about":[{"href":"https:\/\/gpl-love.com\/fr\/wp-json\/wp\/v2\/types\/product"}],"replies":[{"embeddable":true,"href":"https:\/\/gpl-love.com\/fr\/wp-json\/wp\/v2\/comments?post=134036"}],"wp:featuredmedia":[{"embeddable":true,"href":"https:\/\/gpl-love.com\/fr\/wp-json\/wp\/v2\/media\/146704"}],"wp:attachment":[{"href":"https:\/\/gpl-love.com\/fr\/wp-json\/wp\/v2\/media?parent=134036"}],"wp:term":[{"taxonomy":"product_brand","embeddable":true,"href":"https:\/\/gpl-love.com\/fr\/wp-json\/wp\/v2\/product_brand?post=134036"},{"taxonomy":"product_cat","embeddable":true,"href":"https:\/\/gpl-love.com\/fr\/wp-json\/wp\/v2\/product_cat?post=134036"},{"taxonomy":"product_tag","embeddable":true,"href":"https:\/\/gpl-love.com\/fr\/wp-json\/wp\/v2\/product_tag?post=134036"}],"curies":[{"name":"wp","href":"https:\/\/api.w.org\/{rel}","templated":true}]}}