{"id":134034,"date":"2025-08-22T00:00:00","date_gmt":"2025-08-21T22:00:00","guid":{"rendered":"https:\/\/gpl-love.com\/fr\/produit\/newsletter-subscribe-on-comments\/"},"modified":"2026-03-20T23:58:06","modified_gmt":"2026-03-20T22:58:06","slug":"newsletter-subscribe-on-comments","status":"publish","type":"product","link":"https:\/\/gpl-love.com\/fr\/produit\/newsletter-subscribe-on-comments\/","title":{"rendered":"Newsletter Subscribe on Comments 1.2.0"},"content":{"rendered":"<h3>Newsletter Subscribe on Comments Traits<\/h3>\n<p>Pr\u00e9sentation de notre newsletter r\u00e9volutionnaire Abonnez-vous sur la fonctionnalit\u00e9 des commentaires, une solution de pointe m\u00e9ticuleusement con\u00e7ue pour le paysage num\u00e9rique moderne o\u00f9 l&rsquo;engagement et l&rsquo;interaction du public sont primordiaux. Avec cet outil innovant \u00e0 votre disposition, vous pouvez construire sans effort une base d&rsquo;abonn\u00e9s robuste et fid\u00e8le en int\u00e9grant de mani\u00e8re transparente les abonnements \u00e0 la newsletter dans votre section de commentaires, maximisant ainsi votre port\u00e9e et en am\u00e9liorant votre pr\u00e9sence en ligne globale.<\/p>\n<p>En utilisant la technologie de pointe, notre newsletter souscrit sur la fonction de commentaires capture intelligemment l&rsquo;int\u00e9r\u00eat des utilisateurs et convertit parfaitement les visiteurs en abonn\u00e9s fid\u00e8les. En int\u00e9grant de mani\u00e8re transparente une option d&rsquo;abonnement tr\u00e8s intuitive dans votre section de commentaires, cette fonctionnalit\u00e9 r\u00e9volutionnaire garantit que les utilisateurs qui s&rsquo;engagent activement avec votre contenu sont encourag\u00e9s sans effort \u00e0 rester connect\u00e9s, \u00e0 recevoir des mises \u00e0 jour r\u00e9guli\u00e8res et \u00e0 participer activement \u00e0 votre communaut\u00e9.<\/p>\n<p>En outre, notre algorithme de pointe analyse dynamiquement le comportement des utilisateurs, les pr\u00e9f\u00e9rences et les mod\u00e8les d&rsquo;engagement pour fournir des recommandations personnalis\u00e9es et un contenu cibl\u00e9 directement sur les bo\u00eetes de r\u00e9ception des abonn\u00e9s. Cette approche personnalis\u00e9e stimule non seulement la r\u00e9tention et la fid\u00e9lit\u00e9 des utilisateurs, mais entra\u00eene \u00e9galement une augmentation du trafic vers votre site Web, entra\u00eenant des taux de conversion plus \u00e9lev\u00e9s et, finalement, une croissance accrue des entreprises.<\/p>\n<p>De plus, notre newsletter souscrit sur les fonctionnalit\u00e9s des commentaires s&rsquo;int\u00e8gre de mani\u00e8re transparente aux plateformes de marketing par e-mail populaires, vous permettant de synchroniser sans effort vos listes d&rsquo;abonn\u00e9s, d&rsquo;automatiser les campagnes et de suivre leur efficacit\u00e9, le tout \u00e0 partir d&rsquo;un tableau de bord centralis\u00e9. Ce niveau de commodit\u00e9 et d&rsquo;efficacit\u00e9 in\u00e9gal\u00e9 vous permet d&rsquo;\u00e9conomiser du temps et des ressources pr\u00e9cieux, vous permettant de vous concentrer sur ce qui compte vraiment &#8211; cr\u00e9er un contenu de haute qualit\u00e9 et favoriser des connexions pr\u00e9cieuses avec votre public.<\/p>\n<p>D\u00e9couvrez la puissance de notre newsletter Abonnez-vous sur la fonction de commentaires aujourd&rsquo;hui et d\u00e9bloquez le plein potentiel de votre pr\u00e9sence en ligne. Rejoignez d&rsquo;innombrables cr\u00e9ateurs de contenu et entreprises de contenu qui ont d\u00e9j\u00e0 utilis\u00e9 cet outil de changement de jeu pour r\u00e9volutionner l&rsquo;acquisition, l&rsquo;engagement de leur abonn\u00e9, leur engagement et leur succ\u00e8s global. Restez en avance sur la comp\u00e9tition et entreprenez un voyage vers l&rsquo;excellence num\u00e9rique avec notre solution de pointe.<\/p>\n<ul>\n<li>Pr\u00e9sentation de notre derni\u00e8re fonctionnalit\u00e9 &#8211; Newsletter Abonnez-vous sur les commentaires! Cet outil innovant est la solution parfaite pour les blogueurs, les sp\u00e9cialistes du marketing et les entreprises qui souhaitent d\u00e9velopper leur liste de diffusion facilement et efficacement. Avec notre nouvelle fonctionnalit\u00e9, vous pouvez transformer les lecteurs occasionnels en abonn\u00e9s fid\u00e8les et garder votre public engag\u00e9 sans effort.<\/li>\n<li><\/li>\n<li>Personnalisez l&rsquo;apparence du formulaire d&rsquo;abonnement pour correspondre au style et au jeu de couleurs de votre marque, et d\u00e9cidez quand et o\u00f9 le formulaire d&rsquo;abonnement appara\u00eet. Vous pourrez l&rsquo;afficher au bon moment \u00e0 vos lecteurs lorsqu&rsquo;ils sont les plus susceptibles de vous abonner.<\/li>\n<li><\/li>\n<li>Les newsletters souscrivent aux commentaires vous permet de capturer des donn\u00e9es pr\u00e9cieuses de vos lecteurs et de prendre des d\u00e9cisions \u00e9clair\u00e9es sur la fa\u00e7on de s&rsquo;engager avec eux \u00e0 l&rsquo;avenir. Dites adieu aux tracas du marketing par e-mail traditionnel et rejoignez la r\u00e9volution avec notre derni\u00e8re fonctionnalit\u00e9.<\/li>\n<li><\/li>\n<li>En r\u00e9sum\u00e9, avec la newsletter souscrit aux commentaires, vous pouvez faire passer votre marketing par e-mail au niveau sup\u00e9rieur en augmentant sans effort votre liste de diffusion, en convertissant les lecteurs en abonn\u00e9s fid\u00e8les, en personnalisant l&rsquo;apparence du formulaire d&rsquo;abonnement et en capturant des donn\u00e9es de lecture pr\u00e9cieuses. Commencez aujourd&rsquo;hui et commencez \u00e0 voir les r\u00e9sultats!<\/li>\n<\/ul>\n","protected":false},"excerpt":{"rendered":"<p>L&rsquo;inclusion de la newsletter souscrit sur la fonctionnalit\u00e9 des commentaires pr\u00e9sente une opportunit\u00e9 d&rsquo;offrir aux visiteurs du site Web un moyen plus rationalis\u00e9 et sans effort de s&rsquo;abonner \u00e0 une newsletter, en particulier lorsqu&rsquo;ils sont en train de laisser un commentaire sur votre blog ou votre article. Gr\u00e2ce \u00e0 l&rsquo;action simple de cocher une bo\u00eete ou de remplir un formulaire, les utilisateurs peuvent choisir volontairement de recevoir des mises \u00e0 jour r\u00e9guli\u00e8res relatives au contenu frais ou \u00e0 des offres promotionnelles, qui sont toutes commod\u00e9ment livr\u00e9es directement dans leur bo\u00eete de r\u00e9ception. Cette caract\u00e9ristique avantageuse sert \u00e0 augmenter la taille de votre base d&rsquo;abonn\u00e9s tout en favorisant simultan\u00e9ment un niveau d&rsquo;engagement am\u00e9lior\u00e9 avec votre public, permettant ainsi une approche plus individualis\u00e9e et personnalis\u00e9e. En utilisant la newsletter Abonnez-vous sur la fonction de commentaires, vous pouvez rester en contact efficace avec vos lecteurs et cultiver et d\u00e9velopper efficacement votre strat\u00e9gie de marketing par e-mail.<\/p>\n","protected":false},"featured_media":146703,"comment_status":"open","ping_status":"open","template":"","meta":[],"product_brand":[2602],"product_cat":[1189,1181,1186],"product_tag":[2261],"class_list":{"0":"post-134034","1":"product","2":"type-product","3":"status-publish","4":"has-post-thumbnail","6":"product_brand-newsletter","7":"product_cat-personnalisation","8":"product_cat-plugins","9":"product_cat-wordpress-plugins","10":"product_tag-newsletter","11":"member-discount","12":"discount-restricted","14":"first","15":"instock","16":"sale","17":"downloadable","18":"virtual","19":"sold-individually","20":"purchasable","21":"product-type-simple"},"_links":{"self":[{"href":"https:\/\/gpl-love.com\/fr\/wp-json\/wp\/v2\/product\/134034","targetHints":{"allow":["GET"]}}],"collection":[{"href":"https:\/\/gpl-love.com\/fr\/wp-json\/wp\/v2\/product"}],"about":[{"href":"https:\/\/gpl-love.com\/fr\/wp-json\/wp\/v2\/types\/product"}],"replies":[{"embeddable":true,"href":"https:\/\/gpl-love.com\/fr\/wp-json\/wp\/v2\/comments?post=134034"}],"wp:featuredmedia":[{"embeddable":true,"href":"https:\/\/gpl-love.com\/fr\/wp-json\/wp\/v2\/media\/146703"}],"wp:attachment":[{"href":"https:\/\/gpl-love.com\/fr\/wp-json\/wp\/v2\/media?parent=134034"}],"wp:term":[{"taxonomy":"product_brand","embeddable":true,"href":"https:\/\/gpl-love.com\/fr\/wp-json\/wp\/v2\/product_brand?post=134034"},{"taxonomy":"product_cat","embeddable":true,"href":"https:\/\/gpl-love.com\/fr\/wp-json\/wp\/v2\/product_cat?post=134034"},{"taxonomy":"product_tag","embeddable":true,"href":"https:\/\/gpl-love.com\/fr\/wp-json\/wp\/v2\/product_tag?post=134034"}],"curies":[{"name":"wp","href":"https:\/\/api.w.org\/{rel}","templated":true}]}}