{"id":134032,"date":"2026-04-16T00:00:00","date_gmt":"2026-04-15T22:00:00","guid":{"rendered":"https:\/\/gpl-love.com\/fr\/produit\/newsletter-bounce-management\/"},"modified":"2026-04-17T00:31:38","modified_gmt":"2026-04-16T22:31:38","slug":"newsletter-bounce-management","status":"publish","type":"product","link":"https:\/\/gpl-love.com\/fr\/produit\/newsletter-bounce-management\/","title":{"rendered":"Newsletter Bounce Management 1.3.7"},"content":{"rendered":"<h3>Newsletter Bounce Management Traits<\/h3>\n<p>Pr\u00e9sentation de notre solution remarquable, le syst\u00e8me de gestion de la newsletter Bounce, con\u00e7u pour r\u00e9volutionner vos campagnes de marketing par e-mail comme jamais auparavant. Avec ses fonctionnalit\u00e9s avanc\u00e9es et sa technologie de pointe, ce logiciel innovant garantit une d\u00e9livrabilit\u00e9 maximale de vos newsletters en g\u00e9rant efficacement les taux de rebond.<\/p>\n<p>Craft avec la plus grande pr\u00e9cision, notre syst\u00e8me de pointe utilise des algorithmes intelligents pour identifier et cat\u00e9goriser les e-mails rebondis dans des rebonds durs ou doux, vous permettant de prendre des mesures cibl\u00e9es en cons\u00e9quence. En identifiant les causes profondes de ces rebonds, vous pouvez optimiser votre liste de diffusion, am\u00e9liorer sa qualit\u00e9 et son efficacit\u00e9.<\/p>\n<p>De plus, notre syst\u00e8me de gestion de Bounce Bounce vous permet de vous permettre d&rsquo;analyses compl\u00e8tes qui fournissent des informations inestimables sur vos performances par e-mail. Des tendances des taux de rebond \u00e0 des raisons de rebond sp\u00e9cifiques, cet outil bas\u00e9 sur les donn\u00e9es vous offre les connaissances n\u00e9cessaires pour prendre des d\u00e9cisions \u00e9clair\u00e9es, am\u00e9liorant votre r\u00e9ussite globale de campagne.<\/p>\n<p>Ce qui distingue notre solution, c&rsquo;est son int\u00e9gration transparente avec des plateformes de marketing par e-mail populaires, garantissant une impl\u00e9mentation sans effort dans votre flux de travail existant. Avec une interface conviviale et des contr\u00f4les intuitifs, la gestion et l&rsquo;att\u00e9nuation des taux de rebond n&rsquo;ont jamais \u00e9t\u00e9 aussi faciles.<\/p>\n<p>Restez en avance sur le concours et d\u00e9bloquez le v\u00e9ritable potentiel de vos efforts de marketing par e-mail avec notre syst\u00e8me de gestion de rebond de newsletter. D\u00e9couvrez la puissance de ce logiciel qui change la donne et assistez \u00e0 l&rsquo;impact transformateur qu&rsquo;il aura sur votre entreprise. Ne laissez pas les e-mails rebondis entraver votre succ\u00e8s, investissez dans une solution qui garantit la d\u00e9livrabilit\u00e9 et augmente vos taux d&rsquo;engagement.<\/p>\n<ul>\n<li>Newsletter Bounce Management est un puissant outil de marketing par e-mail<\/li>\n<li>Assure un taux de livrabilit\u00e9 \u00e9lev\u00e9<\/li>\n<li>D\u00e9tecte et supprime automatiquement les adresses e-mail non valides, les rebonds durs et les rebonds doux<\/li>\n<li>Am\u00e9liore la qualit\u00e9 de votre liste de diffusion<\/li>\n<li>Aide \u00e0 garder la r\u00e9putation de votre exp\u00e9diteur \u00e9lev\u00e9<\/li>\n<li>Fournit des rapports d\u00e9taill\u00e9s sur la sant\u00e9 globale de votre liste de diffusion, y compris les taux de rebond, les taux d&rsquo;ouverture et les taux de clics<\/li>\n<li>Permet le suivi des performances du marketing par e-mail et l&rsquo;ajustement des campagnes pour am\u00e9liorer l&rsquo;engagement et stimuler les conversions<\/li>\n<li>Enti\u00e8rement personnalisable et s&rsquo;int\u00e8gre parfaitement aux plateformes de marketing par e-mail populaires<\/li>\n<li>Solution parfaite pour les propri\u00e9taires de petites entreprises, les sp\u00e9cialistes du marketing et les sp\u00e9cialistes du marketing de messagerie pour r\u00e9ussir le marketing par e-mail<\/li>\n<li>Plateforme facile \u00e0 utiliser pour g\u00e9rer les rebonds de bulletin avec facilit\u00e9<\/li>\n<\/ul>\n","protected":false},"excerpt":{"rendered":"<p>L&rsquo;utilisation de la gestion de la newsletter Bounce en tant qu&rsquo;outil formidable offre une occasion d&rsquo;administrer et de examiner efficacement les rebonds des e-mails. En se pr\u00e9voyant de cet outil, on peut discerner et rectifier sans effort toutes les complications qui peuvent survenir dans la livraison des e-mails, diminuant ainsi la fr\u00e9quence des rebonds qui se transpirent. En outre, l&rsquo;outil offre le luxe de surveillance en temps r\u00e9el des rebonds des e-mails, coupl\u00e9 \u00e0 la fourniture d&rsquo;un rapport \u00e9labor\u00e9 \u00e9lucidant la cause sous-jacente de chaque rebond individuel. Par cons\u00e9quent, arm\u00e9 de ces connaissances, on peut d\u00e9terminer judicieusement le plan d&rsquo;action le plus appropri\u00e9 pour am\u00e9liorer l&rsquo;efficacit\u00e9 de leurs campagnes de marketing par e-mail et contourner les dangers des filtres de spam. La mise en \u0153uvre de Newsletter Bounce Management engendre une approche rationalis\u00e9e de ses efforts de marketing par e-mail, garantissant que les messages atteignent efficacement leurs destinataires.<\/p>\n","protected":false},"featured_media":146702,"comment_status":"open","ping_status":"open","template":"","meta":[],"product_brand":[2602],"product_cat":[1187,1181,1186],"product_tag":[2261],"class_list":{"0":"post-134032","1":"product","2":"type-product","3":"status-publish","4":"has-post-thumbnail","6":"product_brand-newsletter","7":"product_cat-administration-wordpress-plugins","8":"product_cat-plugins","9":"product_cat-wordpress-plugins","10":"product_tag-newsletter","11":"member-discount","12":"discount-restricted","14":"first","15":"instock","16":"sale","17":"downloadable","18":"virtual","19":"sold-individually","20":"purchasable","21":"product-type-simple"},"_links":{"self":[{"href":"https:\/\/gpl-love.com\/fr\/wp-json\/wp\/v2\/product\/134032","targetHints":{"allow":["GET"]}}],"collection":[{"href":"https:\/\/gpl-love.com\/fr\/wp-json\/wp\/v2\/product"}],"about":[{"href":"https:\/\/gpl-love.com\/fr\/wp-json\/wp\/v2\/types\/product"}],"replies":[{"embeddable":true,"href":"https:\/\/gpl-love.com\/fr\/wp-json\/wp\/v2\/comments?post=134032"}],"wp:featuredmedia":[{"embeddable":true,"href":"https:\/\/gpl-love.com\/fr\/wp-json\/wp\/v2\/media\/146702"}],"wp:attachment":[{"href":"https:\/\/gpl-love.com\/fr\/wp-json\/wp\/v2\/media?parent=134032"}],"wp:term":[{"taxonomy":"product_brand","embeddable":true,"href":"https:\/\/gpl-love.com\/fr\/wp-json\/wp\/v2\/product_brand?post=134032"},{"taxonomy":"product_cat","embeddable":true,"href":"https:\/\/gpl-love.com\/fr\/wp-json\/wp\/v2\/product_cat?post=134032"},{"taxonomy":"product_tag","embeddable":true,"href":"https:\/\/gpl-love.com\/fr\/wp-json\/wp\/v2\/product_tag?post=134032"}],"curies":[{"name":"wp","href":"https:\/\/api.w.org\/{rel}","templated":true}]}}