{"id":133964,"date":"2026-04-18T00:00:00","date_gmt":"2026-04-17T22:00:00","guid":{"rendered":"https:\/\/gpl-love.com\/fr\/produit\/woocommerce-customer-email-verification-2-3\/"},"modified":"2026-04-19T00:31:31","modified_gmt":"2026-04-18T22:31:31","slug":"woocommerce-customer-email-verification-2-3","status":"publish","type":"product","link":"https:\/\/gpl-love.com\/fr\/produit\/woocommerce-customer-email-verification-2-3\/","title":{"rendered":"Woocommerce Customer Email Verification 2.9.3"},"content":{"rendered":"<h3>Woocommerce Customer Email Verification Traits<\/h3>\n<p>Pr\u00e9sentation de la v\u00e9rification par e-mail du client WooCommerce, une solution de pointe con\u00e7ue pour \u00e9lever votre exp\u00e9rience de commerce \u00e9lectronique \u00e0 des hauteurs sans pr\u00e9c\u00e9dent. Avec ses fonctionnalit\u00e9s avanc\u00e9es et ses fonctionnalit\u00e9s innovantes, ce plugin s&rsquo;int\u00e8gre de mani\u00e8re transparente dans votre plate-forme WooCommerce, garantissant que les adresses e-mail de vos clients sont v\u00e9rifi\u00e9es avec la plus grande pr\u00e9cision et la fiabilit\u00e9.<\/p>\n<p>Il est r\u00e9volu le temps de traiter avec des achats frauduleux ou de faux comptes d&rsquo;utilisateurs. Notre v\u00e9rification par e-mail client WooCommerce prend soin de cette situation en mettant en \u0153uvre un processus de v\u00e9rification robuste, garantissant que seuls les clients l\u00e9gitimes ont acc\u00e8s \u00e0 votre boutique en ligne. En validant chaque adresse e-mail, vous pouvez \u00eatre assur\u00e9 que votre client\u00e8le est compos\u00e9e de personnes authentiques, am\u00e9liorant l&rsquo;int\u00e9grit\u00e9 globale et la s\u00e9curit\u00e9 de votre plate-forme de commerce \u00e9lectronique.<\/p>\n<p>La polyvalence de notre plugin est sans pr\u00e9c\u00e9dent car elle propose diverses m\u00e9thodes de v\u00e9rification pour r\u00e9pondre \u00e0 vos besoins sp\u00e9cifiques. Que vous pr\u00e9f\u00e9riez une approche double opt-in, o\u00f9 les clients confirment leurs adresses e-mail via un lien de confirmation ou un syst\u00e8me de v\u00e9rification de code d&rsquo;acc\u00e8s unique, notre v\u00e9rification par e-mail WooCommerce vous a couvert. Vous pouvez personnaliser le processus de v\u00e9rification en fonction de vos pr\u00e9f\u00e9rences, offrant une exp\u00e9rience transparente et personnalis\u00e9e pour vos pr\u00e9cieux clients.<\/p>\n<p>De plus, notre v\u00e9rification par e-mail WooCommerce client s&rsquo;int\u00e8gre de mani\u00e8re transparente \u00e0 votre fournisseur de services de messagerie existant, permettant une synchronisation sans effort et une communication rationalis\u00e9e. Que vous utilisiez des services de messagerie populaires tels que MailChimp, SendGrid ou SendinBlue, notre plugin garantit une int\u00e9gration en douceur, minimisant les perturbations de votre flux de travail. Dites au revoir \u00e0 la v\u00e9rification manuelle de l&rsquo;adresse e-mail, car notre solution automatise l&rsquo;ensemble du processus, vous faisant gagner du temps pr\u00e9cieux et \u00e9liminant l&rsquo;erreur humaine potentielle.<\/p>\n<p>Non seulement notre v\u00e9rification par e-mail client WooCommerce am\u00e9liore la s\u00e9curit\u00e9 de votre plateforme de commerce \u00e9lectronique, mais elle am\u00e9liore \u00e9galement consid\u00e9rablement vos taux de conversion globaux. En v\u00e9rifiant les adresses e-mail, vous pouvez \u00eatre convaincu que vos efforts de marketing atteignent de v\u00e9ritables clients qui sont vraiment int\u00e9ress\u00e9s par vos produits ou services. Cette approche cibl\u00e9e maximise l&rsquo;efficacit\u00e9 de vos campagnes, entra\u00eenant une augmentation de l&rsquo;engagement, une augmentation des ventes et, finalement, une entreprise en ligne florissante.<\/p>\n<p>D\u00e9couvrez la puissance de la technologie avanc\u00e9e de v\u00e9rification des e-mails avec notre v\u00e9rification par e-mail client WooCommerce. \u00c9levez votre plate-forme de commerce \u00e9lectronique \u00e0 de nouveaux sommets, favorisez la confiance entre vos clients et surveillez votre entreprise \u00e0 s&rsquo;\u00e9panouir. Embrassez cette solution qui change la donne et d\u00e9bloquez le v\u00e9ritable potentiel de votre boutique en ligne aujourd&rsquo;hui.<\/p>\n<ul>\n<li>Un plugin facile \u00e0 utiliser qui ajoute une couche de s\u00e9curit\u00e9 \u00e0 votre boutique en ligne en v\u00e9rifiant les adresses e-mail de vos clients avant de pouvoir effectuer un achat<\/li>\n<li>Emp\u00eache les adresses e-mail fausses ou jetables d&rsquo;\u00eatre utilis\u00e9es pour cr\u00e9er des comptes ou effectuer des achats sur votre site Web<\/li>\n<li>Aide \u00e0 r\u00e9duire le nombre de commandes frauduleuses et de reprises caus\u00e9es par des transactions non valides ou non autoris\u00e9es<\/li>\n<li>Envoie un e-mail de v\u00e9rification aux clients apr\u00e8s leur inscription ou effectu\u00e9 un achat, leur demandant de cliquer sur un lien pour confirmer leur adresse e-mail<\/li>\n<li>Vous permet de personnaliser les messages et le calendrier de la v\u00e9rification des e-mails pour une exp\u00e9rience client transparente<\/li>\n<li>Compatible avec tous les th\u00e8mes et extensions WooCommerce, et fonctionne de mani\u00e8re transparente avec vos donn\u00e9es clients et outils de marketing existants<\/li>\n<li>Facile \u00e0 installer et \u00e0 configurer, sans comp\u00e9tences de codage ou techniques requises<\/li>\n<\/ul>\n","protected":false},"excerpt":{"rendered":"<p>Le plugin de v\u00e9rification par e-mail client WooCommerce propose une solution robuste pour prot\u00e9ger votre boutique en ligne contre les pratiques trompeuses en examinant minutieusement les adresses e-mail des clients avant d&rsquo;activer leurs comptes. En transmettant un lien de v\u00e9rification distinctif vers l&rsquo;adresse e-mail d\u00e9sign\u00e9e du client, le plugin n\u00e9cessite que les utilisateurs valident activement l&rsquo;authenticit\u00e9 de leurs adresses e-mail par un simple clic. Ce plugin d\u00e9ployable sans effort fortifie non seulement les mesures de s\u00e9curit\u00e9 de votre magasin, mais cultive \u00e9galement un sentiment de confiance parmi les clients, augmentant ainsi l&rsquo;efficacit\u00e9 op\u00e9rationnelle globale de votre magasin estim\u00e9.<\/p>\n","protected":false},"featured_media":146701,"comment_status":"open","ping_status":"open","template":"","meta":[],"product_brand":[2440],"product_cat":[1183,1182,1181],"product_tag":[1398],"class_list":{"0":"post-133964","1":"product","2":"type-product","3":"status-publish","4":"has-post-thumbnail","6":"product_brand-woocommerce","7":"product_cat-administration","8":"product_cat-commerce-electronique-plugins","9":"product_cat-plugins","10":"product_tag-woocommerce","11":"member-discount","12":"discount-restricted","14":"first","15":"instock","16":"sale","17":"downloadable","18":"virtual","19":"sold-individually","20":"purchasable","21":"product-type-simple"},"_links":{"self":[{"href":"https:\/\/gpl-love.com\/fr\/wp-json\/wp\/v2\/product\/133964","targetHints":{"allow":["GET"]}}],"collection":[{"href":"https:\/\/gpl-love.com\/fr\/wp-json\/wp\/v2\/product"}],"about":[{"href":"https:\/\/gpl-love.com\/fr\/wp-json\/wp\/v2\/types\/product"}],"replies":[{"embeddable":true,"href":"https:\/\/gpl-love.com\/fr\/wp-json\/wp\/v2\/comments?post=133964"}],"wp:featuredmedia":[{"embeddable":true,"href":"https:\/\/gpl-love.com\/fr\/wp-json\/wp\/v2\/media\/146701"}],"wp:attachment":[{"href":"https:\/\/gpl-love.com\/fr\/wp-json\/wp\/v2\/media?parent=133964"}],"wp:term":[{"taxonomy":"product_brand","embeddable":true,"href":"https:\/\/gpl-love.com\/fr\/wp-json\/wp\/v2\/product_brand?post=133964"},{"taxonomy":"product_cat","embeddable":true,"href":"https:\/\/gpl-love.com\/fr\/wp-json\/wp\/v2\/product_cat?post=133964"},{"taxonomy":"product_tag","embeddable":true,"href":"https:\/\/gpl-love.com\/fr\/wp-json\/wp\/v2\/product_tag?post=133964"}],"curies":[{"name":"wp","href":"https:\/\/api.w.org\/{rel}","templated":true}]}}