{"id":133953,"date":"2026-03-08T00:00:00","date_gmt":"2026-03-07T23:00:00","guid":{"rendered":"https:\/\/gpl-love.com\/fr\/produit\/newsletter-automated-newsletters\/"},"modified":"2026-03-20T23:58:03","modified_gmt":"2026-03-20T22:58:03","slug":"newsletter-automated-newsletters","status":"publish","type":"product","link":"https:\/\/gpl-love.com\/fr\/produit\/newsletter-automated-newsletters\/","title":{"rendered":"Newsletter Automated Newsletters 4.9.2"},"content":{"rendered":"<h3>Newsletter Automated Newsletters Traits<\/h3>\n<p>Si vous \u00eates \u00e0 la recherche d&rsquo;une m\u00e9thode libre de difficult\u00e9s \u00e0 cr\u00e9er et \u00e0 envoyer des newsletters \u00e0 vos abonn\u00e9s, votre recherche se termine ici par entr\u00e9e: newsletter les newsletters automatis\u00e9es de la newsletter. Notre plate-forme vise \u00e0 simplifier le processus de cr\u00e9ation de newsletters en automatisant divers aspects tels que la conservation du contenu, la planification et la livraison. Il fournit une interface conviviale et des mod\u00e8les personnalisables, ce qui rend incroyablement facile de cr\u00e9er une newsletter avec une apparence professionnelle. De plus, nos outils d&rsquo;analyse vous permettent de garder une trace des ouvertures, des clics et de l&rsquo;engagement, vous permettant ainsi de prendre des d\u00e9cisions \u00e9clair\u00e9es en fonction des donn\u00e9es pour am\u00e9liorer les futures newsletters. Que vous soyez un propri\u00e9taire de petite entreprise, un sp\u00e9cialiste du marketing ou un blogueur: les newsletters automatis\u00e9es de la newsletter offre la solution id\u00e9ale pour toutes vos exigences de newsletter.<\/p>\n<ul>\n<li>Des newsletters professionnelles et automatis\u00e9es sont livr\u00e9es directement dans les bo\u00eetes de r\u00e9ception de vos abonn\u00e9s<\/li>\n<li>Mod\u00e8les de conception personnalisables pour s&rsquo;adapter \u00e0 votre marque et \u00e0 votre message<\/li>\n<li>Int\u00e9gration avec des plateformes de marketing par e-mail populaires pour une distribution facile<\/li>\n<li>Options de personnalisation pour rendre chaque newsletter individualis\u00e9e pour chaque destinataire<\/li>\n<li>Envoie les envois pour vous assurer que vos newsletters atteignent r\u00e9guli\u00e8rement votre public au bon moment<\/li>\n<\/ul>\n","protected":false},"excerpt":{"rendered":"<p>Afin de maintenir un lien solide avec vos abonn\u00e9s et de leur fournir sans effort un contenu pertinent, nous offrons l&rsquo;utilisation de nos newsletters automatis\u00e9es. Gr\u00e2ce \u00e0 nos mod\u00e8les personnalisables et \u00e0 nos planifications automatis\u00e9es, non seulement vous pourrez g\u00e9rer efficacement votre temps, mais vous pourrez \u00e9galement captiver efficacement votre public. Tout ce que vous avez \u00e0 faire est de saisir votre contenu et notre syst\u00e8me avanc\u00e9 s&rsquo;occupera du reste. Commencez \u00e0 am\u00e9liorer vos efforts de marketing par e-mail et assistez \u00e0 l&rsquo;impact positif de nos newsletters automatis\u00e9s aujourd&rsquo;hui.<\/p>\n","protected":false},"featured_media":146699,"comment_status":"open","ping_status":"open","template":"","meta":[],"product_brand":[2602],"product_cat":[1191,1181,1186],"product_tag":[2261],"class_list":{"0":"post-133953","1":"product","2":"type-product","3":"status-publish","4":"has-post-thumbnail","6":"product_brand-newsletter","7":"product_cat-formes","8":"product_cat-plugins","9":"product_cat-wordpress-plugins","10":"product_tag-newsletter","11":"member-discount","12":"discount-restricted","14":"first","15":"instock","16":"sale","17":"downloadable","18":"virtual","19":"sold-individually","20":"purchasable","21":"product-type-simple"},"_links":{"self":[{"href":"https:\/\/gpl-love.com\/fr\/wp-json\/wp\/v2\/product\/133953","targetHints":{"allow":["GET"]}}],"collection":[{"href":"https:\/\/gpl-love.com\/fr\/wp-json\/wp\/v2\/product"}],"about":[{"href":"https:\/\/gpl-love.com\/fr\/wp-json\/wp\/v2\/types\/product"}],"replies":[{"embeddable":true,"href":"https:\/\/gpl-love.com\/fr\/wp-json\/wp\/v2\/comments?post=133953"}],"wp:featuredmedia":[{"embeddable":true,"href":"https:\/\/gpl-love.com\/fr\/wp-json\/wp\/v2\/media\/146699"}],"wp:attachment":[{"href":"https:\/\/gpl-love.com\/fr\/wp-json\/wp\/v2\/media?parent=133953"}],"wp:term":[{"taxonomy":"product_brand","embeddable":true,"href":"https:\/\/gpl-love.com\/fr\/wp-json\/wp\/v2\/product_brand?post=133953"},{"taxonomy":"product_cat","embeddable":true,"href":"https:\/\/gpl-love.com\/fr\/wp-json\/wp\/v2\/product_cat?post=133953"},{"taxonomy":"product_tag","embeddable":true,"href":"https:\/\/gpl-love.com\/fr\/wp-json\/wp\/v2\/product_tag?post=133953"}],"curies":[{"name":"wp","href":"https:\/\/api.w.org\/{rel}","templated":true}]}}