{"id":133947,"date":"2023-10-04T00:00:00","date_gmt":"2023-10-03T22:00:00","guid":{"rendered":"https:\/\/gpl-love.com\/fr\/produit\/geodirectory-get-paid-advertising\/"},"modified":"2026-03-20T23:58:02","modified_gmt":"2026-03-20T22:58:02","slug":"geodirectory-get-paid-advertising","status":"publish","type":"product","link":"https:\/\/gpl-love.com\/fr\/produit\/geodirectory-get-paid-advertising\/","title":{"rendered":"GeoDirectory Get Paid Advertising 1.1.1"},"content":{"rendered":"<h3>GeoDirectory Get Paid Advertising Traits<\/h3>\n<p>GeoDirectory Get Payment Publicity est un outil de marketing incroyablement puissant qui offre aux entreprises la possibilit\u00e9 de promouvoir et de pr\u00e9senter efficacement leurs produits et services gr\u00e2ce \u00e0 une large gamme de canaux publicitaires divers. Cette solution exceptionnelle fonctionne dans un mod\u00e8le de co\u00fbt par clic (CPC) tr\u00e8s efficace, garantissant ainsi que les entreprises ne sont tenues de contracter des co\u00fbts que lorsque les utilisateurs cliquent activement sur leurs publicit\u00e9s.<\/p>\n<p>L&rsquo;un des aspects les plus impressionnants de GeoDirectory Get Paying Advertising est son vaste r\u00e9seau de sites partenaires, qui permet aux entreprises d&rsquo;atteindre et de s&rsquo;engager efficacement avec un public consid\u00e9rablement important et diversifi\u00e9 de clients potentiels. En tirant parti de ce vaste r\u00e9seau, les entreprises peuvent am\u00e9liorer consid\u00e9rablement la visibilit\u00e9 de leur marque et \u00e9tablir une forte pr\u00e9sence sur leur march\u00e9 cible.<\/p>\n<p>En plus de ses capacit\u00e9s publicitaires compl\u00e8tes, GeoDirectory Get Payment Publicity propose \u00e9galement une suite d&rsquo;outils d&rsquo;analyse exceptionnellement robustes. Ces outils fournissent aux entreprises des informations et des donn\u00e9es pr\u00e9cieuses concernant les performances et l&rsquo;efficacit\u00e9 de leurs publicit\u00e9s. Arm\u00e9s de ces informations inestimables, les entreprises peuvent effectuer des ajustements en temps r\u00e9el et optimiser leurs campagnes publicitaires pour assurer un impact et un succ\u00e8s maximum.<\/p>\n<p>En outre, GeoDirectory Get Paying Advertising permet aux entreprises de cibler avec pr\u00e9cision et sp\u00e9cifiquement leur public souhait\u00e9 en fonction de facteurs cl\u00e9s tels que l&#8217;emplacement, le comportement et la d\u00e9mographie. Ce niveau \u00e9lev\u00e9 de ciblage garantit que les entreprises sont en mesure de maximiser l&rsquo;efficacit\u00e9 de leurs investissements publicitaires et, finalement, \u00e0 g\u00e9n\u00e9rer des taux de conversion plus \u00e9lev\u00e9s.<\/p>\n<p>Que vous soyez une petite entreprise qui cherche \u00e0 augmenter le trafic pi\u00e9tonnier dans votre r\u00e9gion ou une grande entreprise qui cherche \u00e0 \u00e9tendre votre client\u00e8le \u00e0 plus grande \u00e9chelle, GeoDirectory Get Paye offre une solution tr\u00e8s compl\u00e8te et extraordinairement efficace pour tous vos besoins publicitaires en ligne .<\/p>\n<ul>\n<li>Augmenter le trafic et les revenus du site Web gr\u00e2ce \u00e0 la publicit\u00e9 cibl\u00e9e<\/li>\n<li>Stimuler la visibilit\u00e9 des listes d&rsquo;entreprises sur le g\u00e9odirectory<\/li>\n<li>Annoncez des pages et des cat\u00e9gories pertinentes pour un impact maximal<\/li>\n<li>Atteindre un public tr\u00e8s engag\u00e9 int\u00e9ress\u00e9 par les entreprises et services locaux<\/li>\n<li>Options budg\u00e9taires flexibles pour s&rsquo;adapter \u00e0 tous les objectifs de campagne publicitaire<\/li>\n<li>Analyse d\u00e9taill\u00e9e et rapport pour suivre les performances des publicit\u00e9s et optimiser les r\u00e9sultats<\/li>\n<\/ul>\n","protected":false},"excerpt":{"rendered":"<p>GeoDirectory Get Payment Publicity est un outil incroyablement robuste et efficace que les entreprises peuvent exploiter afin d&rsquo;am\u00e9liorer consid\u00e9rablement leur visibilit\u00e9 en ligne et d&rsquo;attirer une client\u00e8le plus grande. En utilisant ce produit exceptionnel, les entreprises sont en mesure de promouvoir et annoncer efficacement leur large \u00e9ventail de services et de produits sur la plate-forme g\u00e9odirectoire extr\u00eamement populaire, leur permettant ainsi d&rsquo;engager et de captiver une vaste d\u00e9mographie de clients potentiels. Cet outil ph\u00e9nom\u00e9nal offre \u00e9galement aux entreprises un acc\u00e8s \u00e0 des m\u00e9canismes de ciblage de pointe et tr\u00e8s sophistiqu\u00e9s, leur permettant de s&rsquo;assurer avec pr\u00e9cision et astucieusement que leurs publicit\u00e9s sont consult\u00e9es exclusivement par leur public le plus id\u00e9al et le plus pertinent. Par cons\u00e9quent, ce niveau de pr\u00e9cision et de pr\u00e9cision in\u00e9gal\u00e9 augmente consid\u00e9rablement la probabilit\u00e9 que les entreprises convertissent avec succ\u00e8s de simples clics en ventes r\u00e9elles. De plus, ce produit in\u00e9gal\u00e9 offre \u00e9galement aux entreprises un assortiment de fonctionnalit\u00e9s analytiques et de rapports conviviales, leur accordant ainsi la possibilit\u00e9 de surveiller avec diligence et assid\u00fbment les performances et les progr\u00e8s de leurs campagnes publicitaires, en les permettant par la suite de modifier flexiblement et de mani\u00e8re adaptative leurs strat\u00e9gies selon les besoins n\u00e9cessaires, Afin d&rsquo;optimiser leurs r\u00e9sultats. Que votre entreprise soit une entreprise \u00e0 petite \u00e9chelle dans l&rsquo;intention de se d\u00e9velopper ou d&rsquo;une soci\u00e9t\u00e9 colossale d\u00e9sireuse de prolonger sa port\u00e9e, la publicit\u00e9 GeoDirectory Get Paye constitue la solution par excellence.<\/p>\n","protected":false},"featured_media":146698,"comment_status":"open","ping_status":"open","template":"","meta":[],"product_brand":[2560],"product_cat":[1189,1181,1186],"product_tag":[1828],"class_list":{"0":"post-133947","1":"product","2":"type-product","3":"status-publish","4":"has-post-thumbnail","6":"product_brand-ayecode","7":"product_cat-personnalisation","8":"product_cat-plugins","9":"product_cat-wordpress-plugins","10":"product_tag-ayecode","11":"member-discount","12":"discount-restricted","14":"first","15":"instock","16":"sale","17":"downloadable","18":"virtual","19":"sold-individually","20":"purchasable","21":"product-type-simple"},"_links":{"self":[{"href":"https:\/\/gpl-love.com\/fr\/wp-json\/wp\/v2\/product\/133947","targetHints":{"allow":["GET"]}}],"collection":[{"href":"https:\/\/gpl-love.com\/fr\/wp-json\/wp\/v2\/product"}],"about":[{"href":"https:\/\/gpl-love.com\/fr\/wp-json\/wp\/v2\/types\/product"}],"replies":[{"embeddable":true,"href":"https:\/\/gpl-love.com\/fr\/wp-json\/wp\/v2\/comments?post=133947"}],"wp:featuredmedia":[{"embeddable":true,"href":"https:\/\/gpl-love.com\/fr\/wp-json\/wp\/v2\/media\/146698"}],"wp:attachment":[{"href":"https:\/\/gpl-love.com\/fr\/wp-json\/wp\/v2\/media?parent=133947"}],"wp:term":[{"taxonomy":"product_brand","embeddable":true,"href":"https:\/\/gpl-love.com\/fr\/wp-json\/wp\/v2\/product_brand?post=133947"},{"taxonomy":"product_cat","embeddable":true,"href":"https:\/\/gpl-love.com\/fr\/wp-json\/wp\/v2\/product_cat?post=133947"},{"taxonomy":"product_tag","embeddable":true,"href":"https:\/\/gpl-love.com\/fr\/wp-json\/wp\/v2\/product_tag?post=133947"}],"curies":[{"name":"wp","href":"https:\/\/api.w.org\/{rel}","templated":true}]}}